{"id":5981,"date":"2019-01-24T22:07:56","date_gmt":"2019-01-24T21:07:56","guid":{"rendered":"https:\/\/www.autogrind.se\/produkt\/pw-150-24v-for-porter-opp-til-2m-og-150kg\/"},"modified":"2019-01-24T22:07:56","modified_gmt":"2019-01-24T21:07:56","slug":"pw-150-24v-for-porter-opp-til-2m-og-150kg","status":"publish","type":"product","link":"https:\/\/www.autogrind.se\/no\/produkt\/pw-150-24v-for-porter-opp-til-2m-og-150kg\/","title":{"rendered":"PW-150 | (24V) For porter opp til 2m og 150kg"},"content":{"rendered":"<h3>Spesifikasjon PW-150<\/h3>\n<p><span style=\"font-size: medium;\"><b>DATABLAD<\/b><\/span><\/p>\n<p>Portlengde: Maks 2 meter<\/p>\n<p>Portvekt: Maks 150kg<\/p>\n<p>&nbsp;<\/p>\n<p><span style=\"font-size: medium;\"><b>KOMPLETT SETT INKLUDERER<\/b><\/span><\/p>\n<p><span style=\"color: #000000;\"><span style=\"font-size: small;\">2 portmotorer <strong>(hallsensor)<\/strong><\/span><\/span><\/p>\n<p><span style=\"color: #000000;\"><span style=\"font-size: small;\">Monteringsbraketter<\/span><\/span><\/p>\n<p><span style=\"color: #000000;\"><span style=\"font-size: small;\">2 oppl\u00e5singsn\u00f8kler<\/span><\/span><\/p>\n<p>P190 kontrollsystem<\/p>\n<p>Beskyttelsesveske, PCBA, RF-kort, transformator<\/p>\n<p><span style=\"color: #000000;\"><span style=\"font-size: small;\">2 fjernkontroller <\/span><\/span><\/p>\n<p><span style=\"color: #000000;\"><span style=\"font-size: small;\">1.<\/span><\/span> installasjonsmanual<\/p>\n<p>&nbsp;<\/p>\n","protected":false},"excerpt":{"rendered":"<h3>Produktbeskrivelse PW-150<\/h3>\n<p><span style=\"color: #000000;\">PW150 (med hallsensor) er<\/span> hovedsakelig utviklet for villaer. Den er veldig p\u00e5litelig, p\u00e5litelig og enkel \u00e5 installere. For doble porter med portblader opp til 2m og 150kg. Motoren g\u00e5r p\u00e5 24V og er laget av sterkt materiale som t\u00e5ler t\u00f8ffe milj\u00f8er. Den er enkel \u00e5 installere og krever sv\u00e6rt lite vedlikehold.<\/p>\n","protected":false},"featured_media":5536,"comment_status":"open","ping_status":"closed","template":"","meta":[],"pwb-brand":[65],"product_brand":[],"product_cat":[102],"product_tag":[],"woo-feed-brand":[],"class_list":{"0":"post-5981","1":"product","2":"type-product","3":"status-publish","4":"has-post-thumbnail","6":"pwb-brand-powertech","7":"product_cat-portapner-for-doble-porter","8":"product_shipping_class-opp-til-30-kg","9":"product_shipping_class-upp-till-30kg","11":"first","12":"outofstock","13":"taxable","14":"shipping-taxable","15":"purchasable","16":"product-type-simple"},"brands":[{"id":65,"name":"Powertech","slug":"powertech"}],"_links":{"self":[{"href":"https:\/\/www.autogrind.se\/no\/wp-json\/wp\/v2\/product\/5981","targetHints":{"allow":["GET"]}}],"collection":[{"href":"https:\/\/www.autogrind.se\/no\/wp-json\/wp\/v2\/product"}],"about":[{"href":"https:\/\/www.autogrind.se\/no\/wp-json\/wp\/v2\/types\/product"}],"replies":[{"embeddable":true,"href":"https:\/\/www.autogrind.se\/no\/wp-json\/wp\/v2\/comments?post=5981"}],"wp:featuredmedia":[{"embeddable":true,"href":"https:\/\/www.autogrind.se\/no\/wp-json\/wp\/v2\/media\/5536"}],"wp:attachment":[{"href":"https:\/\/www.autogrind.se\/no\/wp-json\/wp\/v2\/media?parent=5981"}],"wp:term":[{"taxonomy":"pwb-brand","embeddable":true,"href":"https:\/\/www.autogrind.se\/no\/wp-json\/wp\/v2\/pwb-brand?post=5981"},{"taxonomy":"product_brand","embeddable":true,"href":"https:\/\/www.autogrind.se\/no\/wp-json\/wp\/v2\/product_brand?post=5981"},{"taxonomy":"product_cat","embeddable":true,"href":"https:\/\/www.autogrind.se\/no\/wp-json\/wp\/v2\/product_cat?post=5981"},{"taxonomy":"product_tag","embeddable":true,"href":"https:\/\/www.autogrind.se\/no\/wp-json\/wp\/v2\/product_tag?post=5981"},{"taxonomy":"woo-feed-brand","embeddable":true,"href":"https:\/\/www.autogrind.se\/no\/wp-json\/wp\/v2\/woo-feed-brand?post=5981"}],"curies":[{"name":"wp","href":"https:\/\/api.w.org\/{rel}","templated":true}]}}