{"id":5980,"date":"2019-01-24T22:07:56","date_gmt":"2019-01-24T21:07:56","guid":{"rendered":"https:\/\/www.autogrind.se\/produkt\/qk-n400-neo-for-porter-opp-til-4m-og-300kg\/"},"modified":"2019-01-24T22:07:56","modified_gmt":"2019-01-24T21:07:56","slug":"qk-n400-neo-2","status":"publish","type":"product","link":"https:\/\/www.autogrind.se\/no\/produkt\/qk-n400-neo-2\/","title":{"rendered":"QK-N400 | NEO For porter opp til 4m og 300kg"},"content":{"rendered":"<h3>Spesifikasjon QK-N400<\/h3>\n<p><strong>DATABLAD<\/strong><\/p>\n<p>Portlengde: Maks 4 meter<\/p>\n<p>Portvekt: Maks 300 kg<\/p>\n<p>\u00c5pningstid: 18 sekunder<\/p>\n<p><strong>KOMPLETT SETT INKLUDERER<\/strong><\/p>\n<p>2 portmotorer<\/p>\n<p>1. Styreenhet med sender og antenne<\/p>\n<p>2 fjernkontroller<\/p>\n<p>2 IR fotoceller<\/p>\n<p>F\u00f8rste installasjonsmanual (p\u00e5 svensk)<\/p>\n","protected":false},"excerpt":{"rendered":"<h3>Produktbeskrivelse QK-N400<\/h3>\n<p>NEO QK-N400 v\u00e5r enkleste variant av port\u00e5pner som hovedsakelig er utviklet for villaer. Det er veldig p\u00e5litelig og p\u00e5litelig. Takket v\u00e6re det robuste materialet som NEO er laget av, er den nesten vedlikeholdsfri og laget for \u00e5 vare lenge. For doble porter med portblader opp til 4m og 300kg<\/p>\n<p>&nbsp;<\/p>\n<p>&nbsp;<\/p>\n","protected":false},"featured_media":5587,"comment_status":"open","ping_status":"closed","template":"","meta":[],"pwb-brand":[62],"product_brand":[],"product_cat":[102],"product_tag":[],"woo-feed-brand":[],"class_list":{"0":"post-5980","1":"product","2":"type-product","3":"status-publish","4":"has-post-thumbnail","6":"pwb-brand-quiko","7":"product_cat-portapner-for-doble-porter","8":"product_shipping_class-opp-til-30-kg","9":"product_shipping_class-upp-till-30kg","11":"first","12":"instock","13":"taxable","14":"shipping-taxable","15":"purchasable","16":"product-type-simple"},"brands":[{"id":62,"name":"Quiko","slug":"quiko"}],"_links":{"self":[{"href":"https:\/\/www.autogrind.se\/no\/wp-json\/wp\/v2\/product\/5980","targetHints":{"allow":["GET"]}}],"collection":[{"href":"https:\/\/www.autogrind.se\/no\/wp-json\/wp\/v2\/product"}],"about":[{"href":"https:\/\/www.autogrind.se\/no\/wp-json\/wp\/v2\/types\/product"}],"replies":[{"embeddable":true,"href":"https:\/\/www.autogrind.se\/no\/wp-json\/wp\/v2\/comments?post=5980"}],"wp:featuredmedia":[{"embeddable":true,"href":"https:\/\/www.autogrind.se\/no\/wp-json\/wp\/v2\/media\/5587"}],"wp:attachment":[{"href":"https:\/\/www.autogrind.se\/no\/wp-json\/wp\/v2\/media?parent=5980"}],"wp:term":[{"taxonomy":"pwb-brand","embeddable":true,"href":"https:\/\/www.autogrind.se\/no\/wp-json\/wp\/v2\/pwb-brand?post=5980"},{"taxonomy":"product_brand","embeddable":true,"href":"https:\/\/www.autogrind.se\/no\/wp-json\/wp\/v2\/product_brand?post=5980"},{"taxonomy":"product_cat","embeddable":true,"href":"https:\/\/www.autogrind.se\/no\/wp-json\/wp\/v2\/product_cat?post=5980"},{"taxonomy":"product_tag","embeddable":true,"href":"https:\/\/www.autogrind.se\/no\/wp-json\/wp\/v2\/product_tag?post=5980"},{"taxonomy":"woo-feed-brand","embeddable":true,"href":"https:\/\/www.autogrind.se\/no\/wp-json\/wp\/v2\/woo-feed-brand?post=5980"}],"curies":[{"name":"wp","href":"https:\/\/api.w.org\/{rel}","templated":true}]}}