{"id":5977,"date":"2019-07-14T20:42:18","date_gmt":"2019-07-14T18:42:18","guid":{"rendered":"https:\/\/www.autogrind.se\/produkt\/qk-bpack1-reservebatterier-for-icarus-veibom\/"},"modified":"2019-07-14T20:42:18","modified_gmt":"2019-07-14T18:42:18","slug":"qk-bpack1-batteri-for-icarus-cradle-boom","status":"publish","type":"product","link":"https:\/\/www.autogrind.se\/no\/produkt\/qk-bpack1-batteri-for-icarus-cradle-boom\/","title":{"rendered":"QK-BPACK1 &#8211; Reservebatterier for ICARUS veibom"},"content":{"rendered":"<h3>Spesifikasjon QK-BPACK1<\/h3>\n<p>2 x 12V batterier<\/p>\n","protected":false},"excerpt":{"rendered":"<h3>Produktbeskrivelse QK-BPACK1<\/h3>\n<p>Reservebatterier fra Quiko som gj\u00f8r at veibommen kan \u00e5pnes opptil 5 ganger ved str\u00f8mbrudd.<\/p>\n","protected":false},"featured_media":5537,"comment_status":"open","ping_status":"closed","template":"","meta":[],"pwb-brand":[62],"product_brand":[],"product_cat":[94,96],"product_tag":[],"woo-feed-brand":[],"class_list":{"0":"post-5977","1":"product","2":"type-product","3":"status-publish","4":"has-post-thumbnail","6":"pwb-brand-quiko","7":"product_cat-tilbehor-til-bommer","8":"product_cat-tilbehor","9":"product_shipping_class-opp-til-10-kg","11":"first","12":"instock","13":"taxable","14":"shipping-taxable","15":"purchasable","16":"product-type-simple"},"brands":[{"id":62,"name":"Quiko","slug":"quiko"}],"_links":{"self":[{"href":"https:\/\/www.autogrind.se\/no\/wp-json\/wp\/v2\/product\/5977","targetHints":{"allow":["GET"]}}],"collection":[{"href":"https:\/\/www.autogrind.se\/no\/wp-json\/wp\/v2\/product"}],"about":[{"href":"https:\/\/www.autogrind.se\/no\/wp-json\/wp\/v2\/types\/product"}],"replies":[{"embeddable":true,"href":"https:\/\/www.autogrind.se\/no\/wp-json\/wp\/v2\/comments?post=5977"}],"wp:featuredmedia":[{"embeddable":true,"href":"https:\/\/www.autogrind.se\/no\/wp-json\/wp\/v2\/media\/5537"}],"wp:attachment":[{"href":"https:\/\/www.autogrind.se\/no\/wp-json\/wp\/v2\/media?parent=5977"}],"wp:term":[{"taxonomy":"pwb-brand","embeddable":true,"href":"https:\/\/www.autogrind.se\/no\/wp-json\/wp\/v2\/pwb-brand?post=5977"},{"taxonomy":"product_brand","embeddable":true,"href":"https:\/\/www.autogrind.se\/no\/wp-json\/wp\/v2\/product_brand?post=5977"},{"taxonomy":"product_cat","embeddable":true,"href":"https:\/\/www.autogrind.se\/no\/wp-json\/wp\/v2\/product_cat?post=5977"},{"taxonomy":"product_tag","embeddable":true,"href":"https:\/\/www.autogrind.se\/no\/wp-json\/wp\/v2\/product_tag?post=5977"},{"taxonomy":"woo-feed-brand","embeddable":true,"href":"https:\/\/www.autogrind.se\/no\/wp-json\/wp\/v2\/woo-feed-brand?post=5977"}],"curies":[{"name":"wp","href":"https:\/\/api.w.org\/{rel}","templated":true}]}}