{"id":5973,"date":"2019-01-24T22:08:07","date_gmt":"2019-01-24T21:08:07","guid":{"rendered":"https:\/\/www.autogrind.se\/produkt\/k4-sterk-automatisk-pullert-hydraulisk-med-lys-hoyde-800mm-bredde-273mm\/"},"modified":"2019-01-24T22:08:07","modified_gmt":"2019-01-24T21:08:07","slug":"k4-kraftig-automatisk-pullert-hydraulisk-med-lys-hoyde-800mm-bredde-273mm","status":"publish","type":"product","link":"https:\/\/www.autogrind.se\/no\/produkt\/k4-kraftig-automatisk-pullert-hydraulisk-med-lys-hoyde-800mm-bredde-273mm\/","title":{"rendered":"K4 sterk automatisk pullert (hydraulisk) med lys H\u00f8yde 800mm Bredde 273mm"},"content":{"rendered":"<p><strong>DATABLAD<\/strong><\/p>\n<ul>\n<li>H\u00f8yde: 800mm<\/li>\n<li>Bredde: 273mm<\/li>\n<li>\u00c5pningstid: 6 sekunder<\/li>\n<\/ul>\n<p>&nbsp;<\/p>\n<p><strong>KOMPLETT SETT INKLUDERER<\/strong><\/p>\n<ul>\n<li>1. automatisk pullert (hydraulisk)<\/li>\n<li>1. Styreenhet med sender og antenne<\/li>\n<li>2 fjernkontroller<\/li>\n<li>2 IR fotoceller<\/li>\n<li>1 stk<sup> <\/sup>Installasjonsveiledning<\/li>\n<\/ul>\n<p>&nbsp;<\/p>\n","protected":false},"excerpt":{"rendered":"<p>QUIKOs automatiske pullerter er vanntette og passer for alle klima og milj\u00f8er. K4 er v\u00e5r nest sterkeste pullert med 10 mm materiale. Alle modellene har h\u00f8y statisk og dynamisk belastning. De er designet for \u00e5 t\u00e5le vekt og mulige st\u00f8t for\u00e5rsaket av intensiv og tung trafikk. Takket v\u00e6re h\u00f8yintensiv retroreflekterende film og en toppkrone med sterkt lys, er de godt synlige.<\/p>\n<p>Ta kontakt med oss for et tilbud.<\/p>\n","protected":false},"featured_media":5373,"comment_status":"open","ping_status":"closed","template":"","meta":[],"pwb-brand":[],"product_brand":[],"product_cat":[104],"product_tag":[],"woo-feed-brand":[],"class_list":{"0":"post-5973","1":"product","2":"type-product","3":"status-publish","4":"has-post-thumbnail","6":"product_cat-portapner","7":"product_shipping_class-opp-til-1-kg","9":"first","10":"instock","11":"taxable","12":"shipping-taxable","13":"product-type-simple"},"brands":[],"_links":{"self":[{"href":"https:\/\/www.autogrind.se\/no\/wp-json\/wp\/v2\/product\/5973","targetHints":{"allow":["GET"]}}],"collection":[{"href":"https:\/\/www.autogrind.se\/no\/wp-json\/wp\/v2\/product"}],"about":[{"href":"https:\/\/www.autogrind.se\/no\/wp-json\/wp\/v2\/types\/product"}],"replies":[{"embeddable":true,"href":"https:\/\/www.autogrind.se\/no\/wp-json\/wp\/v2\/comments?post=5973"}],"wp:featuredmedia":[{"embeddable":true,"href":"https:\/\/www.autogrind.se\/no\/wp-json\/wp\/v2\/media\/5373"}],"wp:attachment":[{"href":"https:\/\/www.autogrind.se\/no\/wp-json\/wp\/v2\/media?parent=5973"}],"wp:term":[{"taxonomy":"pwb-brand","embeddable":true,"href":"https:\/\/www.autogrind.se\/no\/wp-json\/wp\/v2\/pwb-brand?post=5973"},{"taxonomy":"product_brand","embeddable":true,"href":"https:\/\/www.autogrind.se\/no\/wp-json\/wp\/v2\/product_brand?post=5973"},{"taxonomy":"product_cat","embeddable":true,"href":"https:\/\/www.autogrind.se\/no\/wp-json\/wp\/v2\/product_cat?post=5973"},{"taxonomy":"product_tag","embeddable":true,"href":"https:\/\/www.autogrind.se\/no\/wp-json\/wp\/v2\/product_tag?post=5973"},{"taxonomy":"woo-feed-brand","embeddable":true,"href":"https:\/\/www.autogrind.se\/no\/wp-json\/wp\/v2\/woo-feed-brand?post=5973"}],"curies":[{"name":"wp","href":"https:\/\/api.w.org\/{rel}","templated":true}]}}