{"id":5971,"date":"2019-01-24T22:07:56","date_gmt":"2019-01-24T21:07:56","guid":{"rendered":"https:\/\/www.autogrind.se\/produkt\/pa-250-24v-for-porter-opp-til-25m-og-250kg\/"},"modified":"2019-01-24T22:07:56","modified_gmt":"2019-01-24T21:07:56","slug":"pa-250-24v-for-porter-opp-til-25m-og-250kg","status":"publish","type":"product","link":"https:\/\/www.autogrind.se\/no\/produkt\/pa-250-24v-for-porter-opp-til-25m-og-250kg\/","title":{"rendered":"PA-250 | (24V) For porter opp til 2,5m OG 250kg"},"content":{"rendered":"<h3>Spesifikasjon PA-250<\/h3>\n<p><span style=\"font-size: medium;\"><b>DATABLAD<\/b><\/span><\/p>\n<p>Portlengde: Maks 2,5 meter<\/p>\n<p>Portvekt: Maks 250 kg<\/p>\n<p>&nbsp;<\/p>\n<p><span style=\"font-size: medium;\"><b>KOMPLETT SETT INKLUDERER<\/b><\/span><\/p>\n<p><span style=\"color: #000000;\"><span style=\"font-size: small;\">2 portmotorer<\/span><\/span><\/p>\n<p><span style=\"color: #000000;\"><span style=\"font-size: small;\"><span lang=\"sv-SE\">Monteringsbraketter<\/span><\/span><\/span><\/p>\n<p><span style=\"color: #000000;\"><span style=\"font-size: small;\"><span lang=\"sv-SE\">2 oppl\u00e5singsn\u00f8kler<\/span><\/span><\/span><\/p>\n<p><span style=\"color: #000000;\"><span style=\"font-size: small;\"><span lang=\"sv-SE\">PC190 kontrollsystem<\/span><\/span><\/span><\/p>\n<p><span style=\"color: #000000;\"><span style=\"font-size: small;\"><span lang=\"sv-SE\">Beskyttelsesveske, PCBA, RF-kort, transformator<\/span><\/span><\/span><\/p>\n<p><span style=\"color: #000000;\"><span style=\"font-size: small;\">2 fjernkontroller <\/span><\/span><\/p>\n<p><span style=\"color: #000000;\"><span style=\"font-size: small;\">1.<\/span><\/span> installasjonsmanual<\/p>\n","protected":false},"excerpt":{"rendered":"<h3>Produktbeskrivelse PA-250<\/h3>\n<p><span style=\"color: #000000;\">PA250 er en lenkemotor<\/span> prim\u00e6rt utviklet for villaer. Den er veldig p\u00e5litelig, p\u00e5litelig og enkel \u00e5 installere. For porter med portblader opp til 2,5m og 250kg. Motoren g\u00e5r p\u00e5 24V og er laget av sterkt materiale som t\u00e5ler t\u00f8ffe milj\u00f8er. Den er enkel \u00e5 installere og krever sv\u00e6rt lite vedlikehold.<\/p>\n","protected":false},"featured_media":5495,"comment_status":"open","ping_status":"closed","template":"","meta":[],"pwb-brand":[],"product_brand":[],"product_cat":[102],"product_tag":[],"woo-feed-brand":[],"class_list":{"0":"post-5971","1":"product","2":"type-product","3":"status-publish","4":"has-post-thumbnail","6":"product_cat-portapner-for-doble-porter","7":"product_shipping_class-opp-til-30-kg","8":"product_shipping_class-upp-till-30kg","10":"first","11":"outofstock","12":"taxable","13":"shipping-taxable","14":"purchasable","15":"product-type-simple"},"brands":[],"_links":{"self":[{"href":"https:\/\/www.autogrind.se\/no\/wp-json\/wp\/v2\/product\/5971","targetHints":{"allow":["GET"]}}],"collection":[{"href":"https:\/\/www.autogrind.se\/no\/wp-json\/wp\/v2\/product"}],"about":[{"href":"https:\/\/www.autogrind.se\/no\/wp-json\/wp\/v2\/types\/product"}],"replies":[{"embeddable":true,"href":"https:\/\/www.autogrind.se\/no\/wp-json\/wp\/v2\/comments?post=5971"}],"wp:featuredmedia":[{"embeddable":true,"href":"https:\/\/www.autogrind.se\/no\/wp-json\/wp\/v2\/media\/5495"}],"wp:attachment":[{"href":"https:\/\/www.autogrind.se\/no\/wp-json\/wp\/v2\/media?parent=5971"}],"wp:term":[{"taxonomy":"pwb-brand","embeddable":true,"href":"https:\/\/www.autogrind.se\/no\/wp-json\/wp\/v2\/pwb-brand?post=5971"},{"taxonomy":"product_brand","embeddable":true,"href":"https:\/\/www.autogrind.se\/no\/wp-json\/wp\/v2\/product_brand?post=5971"},{"taxonomy":"product_cat","embeddable":true,"href":"https:\/\/www.autogrind.se\/no\/wp-json\/wp\/v2\/product_cat?post=5971"},{"taxonomy":"product_tag","embeddable":true,"href":"https:\/\/www.autogrind.se\/no\/wp-json\/wp\/v2\/product_tag?post=5971"},{"taxonomy":"woo-feed-brand","embeddable":true,"href":"https:\/\/www.autogrind.se\/no\/wp-json\/wp\/v2\/woo-feed-brand?post=5971"}],"curies":[{"name":"wp","href":"https:\/\/api.w.org\/{rel}","templated":true}]}}