{"id":5967,"date":"2019-01-24T22:08:02","date_gmt":"2019-01-24T21:08:02","guid":{"rendered":"https:\/\/www.autogrind.se\/produkt\/fast-pullert-hoyde-500mm-bredde-219mm\/"},"modified":"2019-01-24T22:08:02","modified_gmt":"2019-01-24T21:08:02","slug":"fast-pullert-hoyde-500mm-bredde-219mm","status":"publish","type":"product","link":"https:\/\/www.autogrind.se\/no\/produkt\/fast-pullert-hoyde-500mm-bredde-219mm\/","title":{"rendered":"Fast pullert H\u00f8yde 500mm Bredde 219mm"},"content":{"rendered":"<p><strong>DATABLAD<\/strong><\/p>\n<ul>\n<li>H\u00f8yde: 500mm<\/li>\n<li>Bredde: 219mm<\/li>\n<\/ul>\n<p>&nbsp;<\/p>\n<p><strong>KOMPLETT SETT INKLUDERER<\/strong><\/p>\n<ul>\n<li>1. fast pullert<\/li>\n<li>1 stk<sup> <\/sup>Installasjonsveiledning<\/li>\n<\/ul>\n<p>&nbsp;<\/p>\n<p>&nbsp;<\/p>\n<p>&nbsp;<\/p>\n<p>&nbsp;<\/p>\n","protected":false},"excerpt":{"rendered":"<p>QUIKOs pullerter er vanntette og passer for alle klima og milj\u00f8er. Alle modellene har h\u00f8y statisk og dynamisk belastning. De er designet for \u00e5 t\u00e5le vekt og mulige st\u00f8t for\u00e5rsaket av intensiv og tung trafikk. Takket v\u00e6re h\u00f8yintensiv retroreflekterende film og en toppkrone med sterkt lys, er de veldig synlige<\/p>\n","protected":false},"featured_media":5372,"comment_status":"open","ping_status":"closed","template":"","meta":[],"pwb-brand":[],"product_brand":[],"product_cat":[104],"product_tag":[],"woo-feed-brand":[],"class_list":{"0":"post-5967","1":"product","2":"type-product","3":"status-publish","4":"has-post-thumbnail","6":"product_cat-portapner","7":"product_shipping_class-opp-til-1-kg","9":"first","10":"instock","11":"taxable","12":"shipping-taxable","13":"purchasable","14":"product-type-variable"},"brands":[],"_links":{"self":[{"href":"https:\/\/www.autogrind.se\/no\/wp-json\/wp\/v2\/product\/5967","targetHints":{"allow":["GET"]}}],"collection":[{"href":"https:\/\/www.autogrind.se\/no\/wp-json\/wp\/v2\/product"}],"about":[{"href":"https:\/\/www.autogrind.se\/no\/wp-json\/wp\/v2\/types\/product"}],"replies":[{"embeddable":true,"href":"https:\/\/www.autogrind.se\/no\/wp-json\/wp\/v2\/comments?post=5967"}],"wp:featuredmedia":[{"embeddable":true,"href":"https:\/\/www.autogrind.se\/no\/wp-json\/wp\/v2\/media\/5372"}],"wp:attachment":[{"href":"https:\/\/www.autogrind.se\/no\/wp-json\/wp\/v2\/media?parent=5967"}],"wp:term":[{"taxonomy":"pwb-brand","embeddable":true,"href":"https:\/\/www.autogrind.se\/no\/wp-json\/wp\/v2\/pwb-brand?post=5967"},{"taxonomy":"product_brand","embeddable":true,"href":"https:\/\/www.autogrind.se\/no\/wp-json\/wp\/v2\/product_brand?post=5967"},{"taxonomy":"product_cat","embeddable":true,"href":"https:\/\/www.autogrind.se\/no\/wp-json\/wp\/v2\/product_cat?post=5967"},{"taxonomy":"product_tag","embeddable":true,"href":"https:\/\/www.autogrind.se\/no\/wp-json\/wp\/v2\/product_tag?post=5967"},{"taxonomy":"woo-feed-brand","embeddable":true,"href":"https:\/\/www.autogrind.se\/no\/wp-json\/wp\/v2\/woo-feed-brand?post=5967"}],"curies":[{"name":"wp","href":"https:\/\/api.w.org\/{rel}","templated":true}]}}