{"id":5956,"date":"2019-01-24T22:08:02","date_gmt":"2019-01-24T21:08:02","guid":{"rendered":"https:\/\/www.autogrind.se\/produkt\/qk-sca230-1-scarabeo-for-porter-opp-til-25-m-og-200-kg-enkelt-port\/"},"modified":"2023-11-25T20:11:58","modified_gmt":"2023-11-25T19:11:58","slug":"qk-sca230-1-2","status":"publish","type":"product","link":"https:\/\/www.autogrind.se\/no\/produkt\/qk-sca230-1-2\/","title":{"rendered":"QK-SCA230-1 | SCARABEO For porter opp til 2,5 m og 200 kg (enkelt port)"},"content":{"rendered":"<h3>Spesifikasjon QK-SCA230-1<\/h3>\n<p><strong>DATABLAD<\/strong><\/p>\n<p>Portlengde: Maks 2,5 meter<\/p>\n<p>Portvekt: Maks 200 kg<\/p>\n<p>\u00c5pningstid: 15 sekunder<\/p>\n<p>&nbsp;<\/p>\n<p><strong>KOMPLETT SETT INKLUDERER<\/strong><\/p>\n<p>1st Gate motor<\/p>\n<p>1. Styreenhet med sender og antenne<\/p>\n<p>2 fjernkontroller<\/p>\n<p>2 IR fotoceller<\/p>\n<p>1. installasjonsveiledning<\/p>\n","protected":false},"excerpt":{"rendered":"<h3>Produktbeskrivelse QK-SCA230-1<\/h3>\n<p>SCARABEO er en leddarmmotor hovedsakelig utviklet for porter som har tykkere stolper. Vi anbefaler denne motoren hvis portstolpene er bredere enn 300x300mm. Den er veldig p\u00e5litelig, p\u00e5litelig og enkel \u00e5 installere. For porter med portblader opp til 2m og 200kg<\/p>\n","protected":false},"featured_media":6778,"comment_status":"open","ping_status":"closed","template":"","meta":[],"pwb-brand":[62],"product_brand":[],"product_cat":[113],"product_tag":[],"woo-feed-brand":[],"class_list":{"0":"post-5956","1":"product","2":"type-product","3":"status-publish","4":"has-post-thumbnail","6":"pwb-brand-quiko","7":"product_cat-portapner-for-enkeltporter","8":"product_shipping_class-upp-till-30kg","10":"first","11":"instock","12":"taxable","13":"shipping-taxable","14":"purchasable","15":"product-type-simple"},"brands":[{"id":62,"name":"Quiko","slug":"quiko"}],"_links":{"self":[{"href":"https:\/\/www.autogrind.se\/no\/wp-json\/wp\/v2\/product\/5956","targetHints":{"allow":["GET"]}}],"collection":[{"href":"https:\/\/www.autogrind.se\/no\/wp-json\/wp\/v2\/product"}],"about":[{"href":"https:\/\/www.autogrind.se\/no\/wp-json\/wp\/v2\/types\/product"}],"replies":[{"embeddable":true,"href":"https:\/\/www.autogrind.se\/no\/wp-json\/wp\/v2\/comments?post=5956"}],"wp:featuredmedia":[{"embeddable":true,"href":"https:\/\/www.autogrind.se\/no\/wp-json\/wp\/v2\/media\/6778"}],"wp:attachment":[{"href":"https:\/\/www.autogrind.se\/no\/wp-json\/wp\/v2\/media?parent=5956"}],"wp:term":[{"taxonomy":"pwb-brand","embeddable":true,"href":"https:\/\/www.autogrind.se\/no\/wp-json\/wp\/v2\/pwb-brand?post=5956"},{"taxonomy":"product_brand","embeddable":true,"href":"https:\/\/www.autogrind.se\/no\/wp-json\/wp\/v2\/product_brand?post=5956"},{"taxonomy":"product_cat","embeddable":true,"href":"https:\/\/www.autogrind.se\/no\/wp-json\/wp\/v2\/product_cat?post=5956"},{"taxonomy":"product_tag","embeddable":true,"href":"https:\/\/www.autogrind.se\/no\/wp-json\/wp\/v2\/product_tag?post=5956"},{"taxonomy":"woo-feed-brand","embeddable":true,"href":"https:\/\/www.autogrind.se\/no\/wp-json\/wp\/v2\/woo-feed-brand?post=5956"}],"curies":[{"name":"wp","href":"https:\/\/api.w.org\/{rel}","templated":true}]}}