{"id":5955,"date":"2019-01-24T22:07:56","date_gmt":"2019-01-24T21:07:56","guid":{"rendered":"https:\/\/www.autogrind.se\/produkt\/ppb2-001-tradlos-trykknapp-for-innendors-bruk\/"},"modified":"2019-01-24T22:07:56","modified_gmt":"2019-01-24T21:07:56","slug":"ppb2-001-2","status":"publish","type":"product","link":"https:\/\/www.autogrind.se\/no\/produkt\/ppb2-001-2\/","title":{"rendered":"PPB2-001 | Tr\u00e5dl\u00f8s trykknapp for innend\u00f8rs bruk"},"content":{"rendered":"<h3>Spesifikasjon PPB2-001<\/h3>\n<p><strong>DATABLAD<\/strong><\/p>\n<p>Rekkevidde: 50m<\/p>\n<p>Bruksomr\u00e5de: Innend\u00f8rs installasjon<\/p>\n","protected":false},"excerpt":{"rendered":"<h3>Produktbeskrivelse PPB2-001<\/h3>\n<p>Tr\u00e5dl\u00f8s trykknapp for \u00e5pning av porter uten fjernkontroll. Ingen kabler n\u00f8dvendig. Innovativ og stilig design.<\/p>\n","protected":false},"featured_media":5508,"comment_status":"open","ping_status":"closed","template":"","meta":[],"pwb-brand":[],"product_brand":[],"product_cat":[93,95],"product_tag":[],"woo-feed-brand":[],"class_list":{"0":"post-5955","1":"product","2":"type-product","3":"status-publish","4":"has-post-thumbnail","6":"product_cat-styring","7":"product_cat-tradlost","8":"product_shipping_class-opp-til-1-kg","10":"first","11":"outofstock","12":"taxable","13":"shipping-taxable","14":"purchasable","15":"product-type-simple"},"brands":[],"_links":{"self":[{"href":"https:\/\/www.autogrind.se\/no\/wp-json\/wp\/v2\/product\/5955","targetHints":{"allow":["GET"]}}],"collection":[{"href":"https:\/\/www.autogrind.se\/no\/wp-json\/wp\/v2\/product"}],"about":[{"href":"https:\/\/www.autogrind.se\/no\/wp-json\/wp\/v2\/types\/product"}],"replies":[{"embeddable":true,"href":"https:\/\/www.autogrind.se\/no\/wp-json\/wp\/v2\/comments?post=5955"}],"wp:featuredmedia":[{"embeddable":true,"href":"https:\/\/www.autogrind.se\/no\/wp-json\/wp\/v2\/media\/5508"}],"wp:attachment":[{"href":"https:\/\/www.autogrind.se\/no\/wp-json\/wp\/v2\/media?parent=5955"}],"wp:term":[{"taxonomy":"pwb-brand","embeddable":true,"href":"https:\/\/www.autogrind.se\/no\/wp-json\/wp\/v2\/pwb-brand?post=5955"},{"taxonomy":"product_brand","embeddable":true,"href":"https:\/\/www.autogrind.se\/no\/wp-json\/wp\/v2\/product_brand?post=5955"},{"taxonomy":"product_cat","embeddable":true,"href":"https:\/\/www.autogrind.se\/no\/wp-json\/wp\/v2\/product_cat?post=5955"},{"taxonomy":"product_tag","embeddable":true,"href":"https:\/\/www.autogrind.se\/no\/wp-json\/wp\/v2\/product_tag?post=5955"},{"taxonomy":"woo-feed-brand","embeddable":true,"href":"https:\/\/www.autogrind.se\/no\/wp-json\/wp\/v2\/woo-feed-brand?post=5955"}],"curies":[{"name":"wp","href":"https:\/\/api.w.org\/{rel}","templated":true}]}}