{"id":5950,"date":"2019-01-24T22:07:56","date_gmt":"2019-01-24T21:07:56","guid":{"rendered":"https:\/\/www.autogrind.se\/produkt\/eon-qk-e400fccfx-superrask-10s-for-porter-opp-til-4m-og-300kg\/"},"modified":"2023-01-02T00:00:17","modified_gmt":"2023-01-01T23:00:17","slug":"eon-qk-e400fccfx-2","status":"publish","type":"product","link":"https:\/\/www.autogrind.se\/no\/produkt\/eon-qk-e400fccfx-2\/","title":{"rendered":"EON QK-E400FCCFX (superrask 10S) for porter opp til 4m og 300kg"},"content":{"rendered":"<h3>Spesifikasjon EON QK-E400FCCFX<\/h3>\n<p><strong>DATABLAD<\/strong><\/p>\n<ul>\n<li>Portlengde: Maks 4 meter<\/li>\n<li>Portvekt: Maks 300 kg<\/li>\n<li>\u00c5pningstid: 10 sekunder<\/li>\n<\/ul>\n<p>&nbsp;<\/p>\n<p><strong>KOMPLETT SETT INKLUDERER<\/strong><\/p>\n<ul>\n<li>2 portmotorer<\/li>\n<li>1. Styreenhet med sender og antenne<\/li>\n<li>2 fjernkontroller<\/li>\n<li>2 IR fotoceller<\/li>\n<li>1 stk<sup> <\/sup>Installasjonsh\u00e5ndbok (p\u00e5 svensk)<\/li>\n<\/ul>\n<p>&nbsp;<\/p>\n","protected":false},"excerpt":{"rendered":"<h3>Produktbeskrivelse EON QK-E400FCCFX<\/h3>\n<p>Superrask port\u00e5pner! EON QK-E400FCCFX er v\u00e5r mest popul\u00e6re port\u00e5pner som er sv\u00e6rt p\u00e5litelig, p\u00e5litelig og med ny teknologi gj\u00f8r at \u00e5pningstiden kun er 10 sekunder. For doble porter med portblader opp til 4m og 300kg<\/p>\n","protected":false},"featured_media":6749,"comment_status":"open","ping_status":"closed","template":"","meta":[],"pwb-brand":[],"product_brand":[],"product_cat":[102],"product_tag":[],"woo-feed-brand":[],"class_list":{"0":"post-5950","1":"product","2":"type-product","3":"status-publish","4":"has-post-thumbnail","6":"product_cat-portapner-for-doble-porter","7":"product_shipping_class-upp-till-30kg","9":"first","10":"instock","11":"taxable","12":"shipping-taxable","13":"purchasable","14":"product-type-simple"},"brands":[],"_links":{"self":[{"href":"https:\/\/www.autogrind.se\/no\/wp-json\/wp\/v2\/product\/5950","targetHints":{"allow":["GET"]}}],"collection":[{"href":"https:\/\/www.autogrind.se\/no\/wp-json\/wp\/v2\/product"}],"about":[{"href":"https:\/\/www.autogrind.se\/no\/wp-json\/wp\/v2\/types\/product"}],"replies":[{"embeddable":true,"href":"https:\/\/www.autogrind.se\/no\/wp-json\/wp\/v2\/comments?post=5950"}],"wp:featuredmedia":[{"embeddable":true,"href":"https:\/\/www.autogrind.se\/no\/wp-json\/wp\/v2\/media\/6749"}],"wp:attachment":[{"href":"https:\/\/www.autogrind.se\/no\/wp-json\/wp\/v2\/media?parent=5950"}],"wp:term":[{"taxonomy":"pwb-brand","embeddable":true,"href":"https:\/\/www.autogrind.se\/no\/wp-json\/wp\/v2\/pwb-brand?post=5950"},{"taxonomy":"product_brand","embeddable":true,"href":"https:\/\/www.autogrind.se\/no\/wp-json\/wp\/v2\/product_brand?post=5950"},{"taxonomy":"product_cat","embeddable":true,"href":"https:\/\/www.autogrind.se\/no\/wp-json\/wp\/v2\/product_cat?post=5950"},{"taxonomy":"product_tag","embeddable":true,"href":"https:\/\/www.autogrind.se\/no\/wp-json\/wp\/v2\/product_tag?post=5950"},{"taxonomy":"woo-feed-brand","embeddable":true,"href":"https:\/\/www.autogrind.se\/no\/wp-json\/wp\/v2\/woo-feed-brand?post=5950"}],"curies":[{"name":"wp","href":"https:\/\/api.w.org\/{rel}","templated":true}]}}