{"id":5945,"date":"2019-01-24T22:08:02","date_gmt":"2019-01-24T21:08:02","guid":{"rendered":"https:\/\/www.autogrind.se\/produkt\/qk-r400-1-rotello-230v-for-porter-opp-til-45m-og-400kg-enkeltport\/"},"modified":"2019-01-24T22:08:02","modified_gmt":"2019-01-24T21:08:02","slug":"qk-r400-1-2","status":"publish","type":"product","link":"https:\/\/www.autogrind.se\/no\/produkt\/qk-r400-1-2\/","title":{"rendered":"QK-R400-1 | ROTELLO (230V) for porter opp til 4,5M og 400kg (enkeltport)"},"content":{"rendered":"<h3>Spesifikasjon QK-R400-1<\/h3>\n<p><strong>DATABLAD<\/strong><\/p>\n<p>Portlengde: Maks 4,5 meter<\/p>\n<p>Portvekt: Maks 400 kg<\/p>\n<p>\u00c5pningstid: 18 sekunder<\/p>\n<p>&nbsp;<\/p>\n<p><strong>KOMPLETT SETT INKLUDERER<\/strong><\/p>\n<p>1st Gate motor<\/p>\n<p>1. Styreenhet med sender og antenne<\/p>\n<p>2 fjernkontroller<\/p>\n<p>2 IR fotoceller<\/p>\n<p>1. installasjonsveiledning<\/p>\n<p>&nbsp;<\/p>\n<p>&nbsp;<\/p>\n","protected":false},"excerpt":{"rendered":"<h3>Produktbeskrivelse QK-R400-1<\/h3>\n<p>ROTELLO QK-R400 er v\u00e5r kraftigste port\u00e5pner. De kan monteres p\u00e5 porter med portblader opp til 4,5m og de er laget for \u00e5 v\u00e6re ekstremt enkle \u00e5 installere. ROTELLO er ekstremt p\u00e5litelig og vedlikeholdsfri. Den interne mekanismen er fullstendig designet for tunge applikasjoner og garanterer en lydl\u00f8s og langvarig ytelse. Takket v\u00e6re sin slanke design og rene former passer ROTELLO for nesten alle typer slagporter. Ved str\u00f8mbrudd kan port\u00e5pneren enkelt l\u00e5ses opp med n\u00f8kkel.<\/p>\n","protected":false},"featured_media":6771,"comment_status":"open","ping_status":"closed","template":"","meta":[],"pwb-brand":[62],"product_brand":[],"product_cat":[113],"product_tag":[],"woo-feed-brand":[],"class_list":{"0":"post-5945","1":"product","2":"type-product","3":"status-publish","4":"has-post-thumbnail","6":"pwb-brand-quiko","7":"product_cat-portapner-for-enkeltporter","8":"product_shipping_class-upp-till-30kg","10":"first","11":"instock","12":"taxable","13":"shipping-taxable","14":"purchasable","15":"product-type-simple"},"brands":[{"id":62,"name":"Quiko","slug":"quiko"}],"_links":{"self":[{"href":"https:\/\/www.autogrind.se\/no\/wp-json\/wp\/v2\/product\/5945","targetHints":{"allow":["GET"]}}],"collection":[{"href":"https:\/\/www.autogrind.se\/no\/wp-json\/wp\/v2\/product"}],"about":[{"href":"https:\/\/www.autogrind.se\/no\/wp-json\/wp\/v2\/types\/product"}],"replies":[{"embeddable":true,"href":"https:\/\/www.autogrind.se\/no\/wp-json\/wp\/v2\/comments?post=5945"}],"wp:featuredmedia":[{"embeddable":true,"href":"https:\/\/www.autogrind.se\/no\/wp-json\/wp\/v2\/media\/6771"}],"wp:attachment":[{"href":"https:\/\/www.autogrind.se\/no\/wp-json\/wp\/v2\/media?parent=5945"}],"wp:term":[{"taxonomy":"pwb-brand","embeddable":true,"href":"https:\/\/www.autogrind.se\/no\/wp-json\/wp\/v2\/pwb-brand?post=5945"},{"taxonomy":"product_brand","embeddable":true,"href":"https:\/\/www.autogrind.se\/no\/wp-json\/wp\/v2\/product_brand?post=5945"},{"taxonomy":"product_cat","embeddable":true,"href":"https:\/\/www.autogrind.se\/no\/wp-json\/wp\/v2\/product_cat?post=5945"},{"taxonomy":"product_tag","embeddable":true,"href":"https:\/\/www.autogrind.se\/no\/wp-json\/wp\/v2\/product_tag?post=5945"},{"taxonomy":"woo-feed-brand","embeddable":true,"href":"https:\/\/www.autogrind.se\/no\/wp-json\/wp\/v2\/woo-feed-brand?post=5945"}],"curies":[{"name":"wp","href":"https:\/\/api.w.org\/{rel}","templated":true}]}}