{"id":5940,"date":"2019-01-24T22:08:07","date_gmt":"2019-01-24T21:08:07","guid":{"rendered":"https:\/\/www.autogrind.se\/produkt\/slagport-harlov\/"},"modified":"2019-01-24T22:08:07","modified_gmt":"2019-01-24T21:08:07","slug":"slag-gate-harlov","status":"publish","type":"product","link":"https:\/\/www.autogrind.se\/no\/produkt\/slag-gate-harlov\/","title":{"rendered":"Slagport H\u00e4rl\u00f6v"},"content":{"rendered":"<h3>Spesifikasjon Slaggport H\u00e4rl\u00f6v<\/h3>\n<p>Porten er en solid kreasjon produsert av v\u00e5r leverand\u00f8r i Sverige. Porten produseres etter dine \u00f8nsker og forhold. Produktet er malt med pulverlakk for beskyttelse mot slitasje og leveres med justerbare tyverisikringshengsler.<br \/>\nLeveringstid 8\u201312 uker avhengig av belegg.<br \/>\nAlle produktene kan kombineres med v\u00e5r portautomatisering.<br \/>\nInstallasjon kan utf\u00f8res.<br \/>\nPris: fra 5000 kr\/m<\/p>\n","protected":false},"excerpt":{"rendered":"<h3>Produktbeskrivelse Slagport H\u00e4rl\u00f6v<\/h3>\n<p>Svingport i standardutf\u00f8relse tilpasset v\u00e5rt nordiske klima.<\/p>\n","protected":false},"featured_media":5377,"comment_status":"open","ping_status":"closed","template":"","meta":[],"pwb-brand":[],"product_brand":[],"product_cat":[120],"product_tag":[],"woo-feed-brand":[],"class_list":{"0":"post-5940","1":"product","2":"type-product","3":"status-publish","4":"has-post-thumbnail","6":"product_cat-dobbel-slagport","7":"product_shipping_class-opp-til-1-kg","9":"first","10":"instock","11":"product-type-simple"},"brands":[],"_links":{"self":[{"href":"https:\/\/www.autogrind.se\/no\/wp-json\/wp\/v2\/product\/5940","targetHints":{"allow":["GET"]}}],"collection":[{"href":"https:\/\/www.autogrind.se\/no\/wp-json\/wp\/v2\/product"}],"about":[{"href":"https:\/\/www.autogrind.se\/no\/wp-json\/wp\/v2\/types\/product"}],"replies":[{"embeddable":true,"href":"https:\/\/www.autogrind.se\/no\/wp-json\/wp\/v2\/comments?post=5940"}],"wp:featuredmedia":[{"embeddable":true,"href":"https:\/\/www.autogrind.se\/no\/wp-json\/wp\/v2\/media\/5377"}],"wp:attachment":[{"href":"https:\/\/www.autogrind.se\/no\/wp-json\/wp\/v2\/media?parent=5940"}],"wp:term":[{"taxonomy":"pwb-brand","embeddable":true,"href":"https:\/\/www.autogrind.se\/no\/wp-json\/wp\/v2\/pwb-brand?post=5940"},{"taxonomy":"product_brand","embeddable":true,"href":"https:\/\/www.autogrind.se\/no\/wp-json\/wp\/v2\/product_brand?post=5940"},{"taxonomy":"product_cat","embeddable":true,"href":"https:\/\/www.autogrind.se\/no\/wp-json\/wp\/v2\/product_cat?post=5940"},{"taxonomy":"product_tag","embeddable":true,"href":"https:\/\/www.autogrind.se\/no\/wp-json\/wp\/v2\/product_tag?post=5940"},{"taxonomy":"woo-feed-brand","embeddable":true,"href":"https:\/\/www.autogrind.se\/no\/wp-json\/wp\/v2\/woo-feed-brand?post=5940"}],"curies":[{"name":"wp","href":"https:\/\/api.w.org\/{rel}","templated":true}]}}