{"id":5939,"date":"2019-01-24T22:07:56","date_gmt":"2019-01-24T21:07:56","guid":{"rendered":"https:\/\/www.autogrind.se\/produkt\/qk-ldt-qk-loop10-metalldetektor\/"},"modified":"2023-03-02T00:00:23","modified_gmt":"2023-03-01T23:00:23","slug":"qk-ldt-qk-loop10-2","status":"publish","type":"product","link":"https:\/\/www.autogrind.se\/no\/produkt\/qk-ldt-qk-loop10-2\/","title":{"rendered":"QK-LDT | QK-LOOP10 | Metalldetektor"},"content":{"rendered":"<h3>Spesifikasjon QK-LDT\/QK-LOOP10<\/h3>\n<p>1 kanals metalldetektor<\/p>\n<p>10 meter kabel<\/p>\n<p>&nbsp;<\/p>\n<p>&nbsp;<\/p>\n","protected":false},"excerpt":{"rendered":"<h3>Produktbeskrivelse QK-LDT\/QK-LOOP10<\/h3>\n<p>Metalldetektor som registrerer n\u00e5r du passerer med bilen og \u00e5pner porten din automatisk. Begravd innenfor portene til eiendommen din. Forenkler \u00e5pning av portene dine.<\/p>\n","protected":false},"featured_media":5571,"comment_status":"open","ping_status":"closed","template":"","meta":[],"pwb-brand":[62],"product_brand":[],"product_cat":[97,93,94],"product_tag":[],"woo-feed-brand":[],"class_list":{"0":"post-5939","1":"product","2":"type-product","3":"status-publish","4":"has-post-thumbnail","6":"pwb-brand-quiko","7":"product_cat-kjoretoy","8":"product_cat-styring","9":"product_cat-tilbehor-til-bommer","10":"product_shipping_class-opp-til-1-kg","12":"first","13":"instock","14":"taxable","15":"shipping-taxable","16":"purchasable","17":"product-type-simple"},"brands":[{"id":62,"name":"Quiko","slug":"quiko"}],"_links":{"self":[{"href":"https:\/\/www.autogrind.se\/no\/wp-json\/wp\/v2\/product\/5939","targetHints":{"allow":["GET"]}}],"collection":[{"href":"https:\/\/www.autogrind.se\/no\/wp-json\/wp\/v2\/product"}],"about":[{"href":"https:\/\/www.autogrind.se\/no\/wp-json\/wp\/v2\/types\/product"}],"replies":[{"embeddable":true,"href":"https:\/\/www.autogrind.se\/no\/wp-json\/wp\/v2\/comments?post=5939"}],"wp:featuredmedia":[{"embeddable":true,"href":"https:\/\/www.autogrind.se\/no\/wp-json\/wp\/v2\/media\/5571"}],"wp:attachment":[{"href":"https:\/\/www.autogrind.se\/no\/wp-json\/wp\/v2\/media?parent=5939"}],"wp:term":[{"taxonomy":"pwb-brand","embeddable":true,"href":"https:\/\/www.autogrind.se\/no\/wp-json\/wp\/v2\/pwb-brand?post=5939"},{"taxonomy":"product_brand","embeddable":true,"href":"https:\/\/www.autogrind.se\/no\/wp-json\/wp\/v2\/product_brand?post=5939"},{"taxonomy":"product_cat","embeddable":true,"href":"https:\/\/www.autogrind.se\/no\/wp-json\/wp\/v2\/product_cat?post=5939"},{"taxonomy":"product_tag","embeddable":true,"href":"https:\/\/www.autogrind.se\/no\/wp-json\/wp\/v2\/product_tag?post=5939"},{"taxonomy":"woo-feed-brand","embeddable":true,"href":"https:\/\/www.autogrind.se\/no\/wp-json\/wp\/v2\/woo-feed-brand?post=5939"}],"curies":[{"name":"wp","href":"https:\/\/api.w.org\/{rel}","templated":true}]}}