{"id":5929,"date":"2019-11-19T21:39:10","date_gmt":"2019-11-19T20:39:10","guid":{"rendered":"https:\/\/www.autogrind.se\/produkt\/qk-amb50-handfri-apningssystem-opptil-100m\/"},"modified":"2019-11-19T21:39:10","modified_gmt":"2019-11-19T20:39:10","slug":"qk-amb50-2","status":"publish","type":"product","link":"https:\/\/www.autogrind.se\/no\/produkt\/qk-amb50-2\/","title":{"rendered":"QK-AMB50 | H\u00e5ndfri \u00e5pningssystem (opptil 100m)"},"content":{"rendered":"<h3>Spesifikasjon QK-AMB50<\/h3>\n<p><strong>DATABLAD<\/strong><\/p>\n<p><strong><em>Utl\u00f8ser antenne<\/em><\/strong><\/p>\n<p>IP-klasse: IP66<\/p>\n<p>Maksimal hastighet for kj\u00f8ret\u00f8y: 50 km\/t<\/p>\n<p>Deteksjonsavstand: Maks 5 meter<\/p>\n<p>Arbeidstemperatur: -20\/+60<\/p>\n<p><em><strong>Radiomottaker<\/strong><\/em><\/p>\n<p>IP-klasse: IP54<\/p>\n<p>Radiofrekvens (MHz): 868,35<\/p>\n<p>Antall tagger som kan lagres: 500 stk<\/p>\n<p><em><strong>Aktiv tag<\/strong><\/em><\/p>\n<p>Maks avstand mellom aktiv brikke og radiomottaker: 100 meter<\/p>\n<p>Radiofrekvens (MHz): 868,35<\/p>\n<p>Batterilevetid: 2 \u00e5r<\/p>\n<p>&nbsp;<\/p>\n<p><strong>KOMPLETT SETT INKLUDERER<\/strong><\/p>\n<p>1 utl\u00f8serantenne<\/p>\n<p>1 radiomottaker<\/p>\n<p>1 aktiv tag<\/p>\n<p>&nbsp;<\/p>\n","protected":false},"excerpt":{"rendered":"<h3 dir=\"ltr\" data-placeholder=\"\u00d6vers\u00e4ttning\">Produktbeskrivelse QK-AMB50<\/h3>\n<p id=\"tw-target-text\" class=\"tw-data-text tw-text-large tw-ta\" dir=\"ltr\" data-placeholder=\"\u00d6vers\u00e4ttning\"><span lang=\"sv\" tabindex=\"0\">AMBROGIO er et h\u00e5ndfritt \u00e5pningssystem som automatisk \u00e5pner porten din, bom n\u00e5r du n\u00e6rmer deg med bilen opp til 100m.<\/span><span lang=\"sv\" tabindex=\"0\"> <\/span><\/p>\n<p class=\"tw-data-text tw-text-large tw-ta\" dir=\"ltr\" data-placeholder=\"\u00d6vers\u00e4ttning\"><span lang=\"sv\" tabindex=\"0\"> Systemet best\u00e5r av tre komponenter: <\/span><span lang=\"sv\" tabindex=\"0\">En utl\u00f8serantenne som skal installeres ved siden av porten, en aktiv brikke som skal plasseres inne i bilen og en radiomottaker som skal kobles til automatiseringskontrollkortet. N\u00e5r bilen har kommet innenfor en avstand p\u00e5 5 m til utl\u00f8serantennen sender den aktive taggen en 868 MHz rullende kode til radiomottakeren som er koblet til kontrollboksen og som gir signal om \u00e5 \u00e5pne porten, bommen mm. <\/span><\/p>\n<p class=\"tw-data-text tw-text-large tw-ta\" dir=\"ltr\" data-placeholder=\"\u00d6vers\u00e4ttning\">Systemet installeres enkelt og raskt, og det er ogs\u00e5 fullt utvidbart. En serie p\u00e5 opptil 4 triggerantenner er mulig for \u00e5 \u00f8ke deteksjonsomr\u00e5det.<\/p>\n<p dir=\"ltr\" data-placeholder=\"\u00d6vers\u00e4ttning\">Opptil 500 aktive tagger kan lagres for hver radiomottaker<\/p>\n<p class=\"tw-data-text tw-text-large tw-ta\" dir=\"ltr\" data-placeholder=\"\u00d6vers\u00e4ttning\">\n","protected":false},"featured_media":5530,"comment_status":"open","ping_status":"closed","template":"","meta":[],"pwb-brand":[62],"product_brand":[],"product_cat":[97,93,95],"product_tag":[],"woo-feed-brand":[],"class_list":{"0":"post-5929","1":"product","2":"type-product","3":"status-publish","4":"has-post-thumbnail","6":"pwb-brand-quiko","7":"product_cat-kjoretoy","8":"product_cat-styring","9":"product_cat-tradlost","10":"product_shipping_class-opp-til-10-kg","12":"first","13":"instock","14":"taxable","15":"shipping-taxable","16":"purchasable","17":"product-type-simple"},"brands":[{"id":62,"name":"Quiko","slug":"quiko"}],"_links":{"self":[{"href":"https:\/\/www.autogrind.se\/no\/wp-json\/wp\/v2\/product\/5929","targetHints":{"allow":["GET"]}}],"collection":[{"href":"https:\/\/www.autogrind.se\/no\/wp-json\/wp\/v2\/product"}],"about":[{"href":"https:\/\/www.autogrind.se\/no\/wp-json\/wp\/v2\/types\/product"}],"replies":[{"embeddable":true,"href":"https:\/\/www.autogrind.se\/no\/wp-json\/wp\/v2\/comments?post=5929"}],"wp:featuredmedia":[{"embeddable":true,"href":"https:\/\/www.autogrind.se\/no\/wp-json\/wp\/v2\/media\/5530"}],"wp:attachment":[{"href":"https:\/\/www.autogrind.se\/no\/wp-json\/wp\/v2\/media?parent=5929"}],"wp:term":[{"taxonomy":"pwb-brand","embeddable":true,"href":"https:\/\/www.autogrind.se\/no\/wp-json\/wp\/v2\/pwb-brand?post=5929"},{"taxonomy":"product_brand","embeddable":true,"href":"https:\/\/www.autogrind.se\/no\/wp-json\/wp\/v2\/product_brand?post=5929"},{"taxonomy":"product_cat","embeddable":true,"href":"https:\/\/www.autogrind.se\/no\/wp-json\/wp\/v2\/product_cat?post=5929"},{"taxonomy":"product_tag","embeddable":true,"href":"https:\/\/www.autogrind.se\/no\/wp-json\/wp\/v2\/product_tag?post=5929"},{"taxonomy":"woo-feed-brand","embeddable":true,"href":"https:\/\/www.autogrind.se\/no\/wp-json\/wp\/v2\/woo-feed-brand?post=5929"}],"curies":[{"name":"wp","href":"https:\/\/api.w.org\/{rel}","templated":true}]}}