{"id":5927,"date":"2019-03-26T21:08:00","date_gmt":"2019-03-26T20:08:00","guid":{"rendered":"https:\/\/www.autogrind.se\/produkt\/ekstern-antenne-for-quiko-motorer\/"},"modified":"2019-03-26T21:08:00","modified_gmt":"2019-03-26T20:08:00","slug":"ekstern-antenne-til-quiko-motorer","status":"publish","type":"product","link":"https:\/\/www.autogrind.se\/no\/produkt\/ekstern-antenne-til-quiko-motorer\/","title":{"rendered":"Ekstern antenne (for QUIKO-motorer)"},"content":{"rendered":"<p>Ekstern antenne som kan monteres p\u00e5 LUXY 24-varsellyset (tilbeh\u00f8r for QUIKO-motorer) eller separat alene. En 3 meter lang kabel f\u00f8lger med antennen<\/p>\n","protected":false},"excerpt":{"rendered":"<p>Ekstern antenne for \u00e5 utvide rekkevidden. Skal fortrinnsvis brukes dersom kontrollboksen er montert i skap<\/p>\n","protected":false},"featured_media":5396,"comment_status":"open","ping_status":"closed","template":"","meta":[],"pwb-brand":[62],"product_brand":[],"product_cat":[96,99,100],"product_tag":[],"woo-feed-brand":[],"class_list":{"0":"post-5927","1":"product","2":"type-product","3":"status-publish","4":"has-post-thumbnail","6":"pwb-brand-quiko","7":"product_cat-tilbehor","8":"product_cat-tilbehor-til-slagporter","9":"product_cat-tilbehor-til-skyveporter","10":"product_shipping_class-opp-til-1-kg","12":"first","13":"instock","14":"taxable","15":"shipping-taxable","16":"purchasable","17":"product-type-simple"},"brands":[{"id":62,"name":"Quiko","slug":"quiko"}],"_links":{"self":[{"href":"https:\/\/www.autogrind.se\/no\/wp-json\/wp\/v2\/product\/5927","targetHints":{"allow":["GET"]}}],"collection":[{"href":"https:\/\/www.autogrind.se\/no\/wp-json\/wp\/v2\/product"}],"about":[{"href":"https:\/\/www.autogrind.se\/no\/wp-json\/wp\/v2\/types\/product"}],"replies":[{"embeddable":true,"href":"https:\/\/www.autogrind.se\/no\/wp-json\/wp\/v2\/comments?post=5927"}],"wp:featuredmedia":[{"embeddable":true,"href":"https:\/\/www.autogrind.se\/no\/wp-json\/wp\/v2\/media\/5396"}],"wp:attachment":[{"href":"https:\/\/www.autogrind.se\/no\/wp-json\/wp\/v2\/media?parent=5927"}],"wp:term":[{"taxonomy":"pwb-brand","embeddable":true,"href":"https:\/\/www.autogrind.se\/no\/wp-json\/wp\/v2\/pwb-brand?post=5927"},{"taxonomy":"product_brand","embeddable":true,"href":"https:\/\/www.autogrind.se\/no\/wp-json\/wp\/v2\/product_brand?post=5927"},{"taxonomy":"product_cat","embeddable":true,"href":"https:\/\/www.autogrind.se\/no\/wp-json\/wp\/v2\/product_cat?post=5927"},{"taxonomy":"product_tag","embeddable":true,"href":"https:\/\/www.autogrind.se\/no\/wp-json\/wp\/v2\/product_tag?post=5927"},{"taxonomy":"woo-feed-brand","embeddable":true,"href":"https:\/\/www.autogrind.se\/no\/wp-json\/wp\/v2\/woo-feed-brand?post=5927"}],"curies":[{"name":"wp","href":"https:\/\/api.w.org\/{rel}","templated":true}]}}