{"id":5898,"date":"2020-09-01T11:33:41","date_gmt":"2020-09-01T09:33:41","guid":{"rendered":"https:\/\/www.autogrind.se\/produkt\/icarus-road-boom-24v\/"},"modified":"2022-10-21T14:20:48","modified_gmt":"2022-10-21T12:20:48","slug":"icarus-vagbom-24v","status":"publish","type":"product","link":"https:\/\/www.autogrind.se\/no\/produkt\/icarus-vagbom-24v\/","title":{"rendered":"Icarus Road Boom (24V)"},"content":{"rendered":"<h3>Produktbeskrivelse Icarus Road barriere (24V)<\/h3>\n<p>Veisperrer av ICARUS-serien fra QUIKO er tilpasset b\u00e5de for boliger og for bedrifter med intensiv bruk. De finnes i ulike modeller med b\u00e5de rask og langsom \u00e5pning. 24V-versjonen fungerer ogs\u00e5 ved str\u00f8mbrudd takket v\u00e6re reservebatterier og kan \u00e5pnes flere ganger. Takket v\u00e6re at skapet er laget av jern og girmotoren er laget av aluminium og st\u00e5l, er lang og sikker bruk garantert. For at ICARUS skal v\u00e6re mest mulig brukervennlig, b\u00e5de ved installasjon og ved fremtidig vedlikehold, er kontrollboksen plassert i en boks p\u00e5 toppen av skapet.<\/p>\n<h3><\/h3>\n<h3>Spesifikasjon Icarus Road bom (24V)<\/h3>\n<p><strong>DATABLAD<\/strong><\/p>\n<ul>\n<li>Bomlengde: 3 &#8211; 6,25 meter<\/li>\n<li>\u00c5pningstid: 2 &#8211; 7 sekunder<\/li>\n<\/ul>\n<p><img loading=\"lazy\" decoding=\"async\" class=\"alignnone wp-image-3102\" src=\"https:\/\/www.autogrind.se\/wp-content\/uploads\/2020\/09\/Icarus-Vagbom-24V3m-6-25m-Autogrind-5.png\" alt=\"Icarus Road bom-(24V) 3m - 6,25m Autoport\" width=\"450\" height=\"595\"><\/p>\n<p>&nbsp;<\/p>\n<p><strong>KOMPLETT SETT INKLUDERER<\/strong><\/p>\n<ul>\n<li>1. Automatisk veibom og skrankeplate<\/li>\n<li>1. Styreenhet med sender og antenne<\/li>\n<li>2 fjernkontroller<\/li>\n<li>2 IR fotoceller<\/li>\n<li>1 stk<sup> <\/sup>Installasjonsveiledning<\/li>\n<\/ul>\n<p>&nbsp;<\/p>\n","protected":false},"excerpt":{"rendered":"<p>Veisperrer av ICARUS-serien fra QUIKO er tilpasset b\u00e5de for boliger og for bedrifter med intensiv bruk. Vegbommene finnes i st\u00f8rrelsene 3 &#8211; 6,25 meter og med en \u00e5pningstid p\u00e5 2 &#8211; 7 sekunder!<\/p>\n","protected":false},"featured_media":5647,"comment_status":"open","ping_status":"closed","template":"","meta":[],"pwb-brand":[62],"product_brand":[],"product_cat":[116],"product_tag":[],"woo-feed-brand":[],"class_list":{"0":"post-5898","1":"product","2":"type-product","3":"status-publish","4":"has-post-thumbnail","6":"pwb-brand-quiko","7":"product_cat-bommer","8":"product_shipping_class-bommer","10":"first","11":"instock","12":"taxable","13":"shipping-taxable","14":"purchasable","15":"product-type-variable"},"brands":[{"id":62,"name":"Quiko","slug":"quiko"}],"_links":{"self":[{"href":"https:\/\/www.autogrind.se\/no\/wp-json\/wp\/v2\/product\/5898","targetHints":{"allow":["GET"]}}],"collection":[{"href":"https:\/\/www.autogrind.se\/no\/wp-json\/wp\/v2\/product"}],"about":[{"href":"https:\/\/www.autogrind.se\/no\/wp-json\/wp\/v2\/types\/product"}],"replies":[{"embeddable":true,"href":"https:\/\/www.autogrind.se\/no\/wp-json\/wp\/v2\/comments?post=5898"}],"wp:featuredmedia":[{"embeddable":true,"href":"https:\/\/www.autogrind.se\/no\/wp-json\/wp\/v2\/media\/5647"}],"wp:attachment":[{"href":"https:\/\/www.autogrind.se\/no\/wp-json\/wp\/v2\/media?parent=5898"}],"wp:term":[{"taxonomy":"pwb-brand","embeddable":true,"href":"https:\/\/www.autogrind.se\/no\/wp-json\/wp\/v2\/pwb-brand?post=5898"},{"taxonomy":"product_brand","embeddable":true,"href":"https:\/\/www.autogrind.se\/no\/wp-json\/wp\/v2\/product_brand?post=5898"},{"taxonomy":"product_cat","embeddable":true,"href":"https:\/\/www.autogrind.se\/no\/wp-json\/wp\/v2\/product_cat?post=5898"},{"taxonomy":"product_tag","embeddable":true,"href":"https:\/\/www.autogrind.se\/no\/wp-json\/wp\/v2\/product_tag?post=5898"},{"taxonomy":"woo-feed-brand","embeddable":true,"href":"https:\/\/www.autogrind.se\/no\/wp-json\/wp\/v2\/woo-feed-brand?post=5898"}],"curies":[{"name":"wp","href":"https:\/\/api.w.org\/{rel}","templated":true}]}}