{"id":5885,"date":"2020-05-19T20:27:53","date_gmt":"2020-05-19T18:27:53","guid":{"rendered":"https:\/\/www.autogrind.se\/produkt\/qk-stilo600-stilo-automatisk-inngangsport\/"},"modified":"2020-05-19T20:27:53","modified_gmt":"2020-05-19T18:27:53","slug":"qk-stilo600-2","status":"publish","type":"product","link":"https:\/\/www.autogrind.se\/no\/produkt\/qk-stilo600-2\/","title":{"rendered":"QK-STILO600 | STILO automatisk inngangsport"},"content":{"rendered":"<h3>Spesifikasjon QK-STILO600<\/h3>\n<p>Porten er utstyrt med AMPEROMETRISK sikring. Hvis du ved et uhell kommer inn i<br \/>\nportbladet n\u00e5r det beveger seg, s\u00e5 stopper det, g\u00e5r tilbake, og utf\u00f8rer deretter en langsom \u00e5pning til<br \/>\nsjekk at det ikke er noen hindringer.<\/p>\n<p>Bakbatterier kan monteres slik at porten fungerer ved str\u00f8mbrudd;<\/p>\n<p>&nbsp;<\/p>\n<p>IP-klasse: IP44<\/p>\n<p>Str\u00f8mforsyning: 120\/230V<\/p>\n<p>Motorstr\u00f8mforsyning: 24V<\/p>\n<p>Vekt: 25 kg<\/p>\n<p>\u00c5pningstid: 2 &#8211; 3 sekunder<\/p>\n<p>&nbsp;<\/p>\n","protected":false},"excerpt":{"rendered":"<h3>Produktbeskrivelse QK-STILO600<\/h3>\n<p>Automatisk inngangsport med 600mm plexiglass portblad. Porten kan lukkes automatisk eller aktiveres av et signal. \u00c5pningstid ca 2-3 sekunder<\/p>\n","protected":false},"featured_media":5595,"comment_status":"open","ping_status":"closed","template":"","meta":[],"pwb-brand":[62],"product_brand":[],"product_cat":[93],"product_tag":[],"woo-feed-brand":[],"class_list":{"0":"post-5885","1":"product","2":"type-product","3":"status-publish","4":"has-post-thumbnail","6":"pwb-brand-quiko","7":"product_cat-styring","8":"product_shipping_class-upp-till-30kg","10":"first","11":"outofstock","12":"taxable","13":"shipping-taxable","14":"purchasable","15":"product-type-simple"},"brands":[{"id":62,"name":"Quiko","slug":"quiko"}],"_links":{"self":[{"href":"https:\/\/www.autogrind.se\/no\/wp-json\/wp\/v2\/product\/5885","targetHints":{"allow":["GET"]}}],"collection":[{"href":"https:\/\/www.autogrind.se\/no\/wp-json\/wp\/v2\/product"}],"about":[{"href":"https:\/\/www.autogrind.se\/no\/wp-json\/wp\/v2\/types\/product"}],"replies":[{"embeddable":true,"href":"https:\/\/www.autogrind.se\/no\/wp-json\/wp\/v2\/comments?post=5885"}],"wp:featuredmedia":[{"embeddable":true,"href":"https:\/\/www.autogrind.se\/no\/wp-json\/wp\/v2\/media\/5595"}],"wp:attachment":[{"href":"https:\/\/www.autogrind.se\/no\/wp-json\/wp\/v2\/media?parent=5885"}],"wp:term":[{"taxonomy":"pwb-brand","embeddable":true,"href":"https:\/\/www.autogrind.se\/no\/wp-json\/wp\/v2\/pwb-brand?post=5885"},{"taxonomy":"product_brand","embeddable":true,"href":"https:\/\/www.autogrind.se\/no\/wp-json\/wp\/v2\/product_brand?post=5885"},{"taxonomy":"product_cat","embeddable":true,"href":"https:\/\/www.autogrind.se\/no\/wp-json\/wp\/v2\/product_cat?post=5885"},{"taxonomy":"product_tag","embeddable":true,"href":"https:\/\/www.autogrind.se\/no\/wp-json\/wp\/v2\/product_tag?post=5885"},{"taxonomy":"woo-feed-brand","embeddable":true,"href":"https:\/\/www.autogrind.se\/no\/wp-json\/wp\/v2\/woo-feed-brand?post=5885"}],"curies":[{"name":"wp","href":"https:\/\/api.w.org\/{rel}","templated":true}]}}