{"id":5882,"date":"2020-09-23T12:40:40","date_gmt":"2020-09-23T10:40:40","guid":{"rendered":"https:\/\/www.autogrind.se\/produkt\/sender-mottaker-for-tradlos-klembeskyttelse\/"},"modified":"2020-09-23T12:40:40","modified_gmt":"2020-09-23T10:40:40","slug":"sander-for-tradlost-klemmebeskyttelse","status":"publish","type":"product","link":"https:\/\/www.autogrind.se\/no\/produkt\/sander-for-tradlost-klemmebeskyttelse\/","title":{"rendered":"Sender\/mottaker for tr\u00e5dl\u00f8s klembeskyttelse"},"content":{"rendered":"<p>Sender\/mottaker for tr\u00e5dl\u00f8s klembeskyttelse<\/p>\n","protected":false},"excerpt":{"rendered":"<p>Sender og mottaker som konverterer en kablet klembeskyttelse til en tr\u00e5dl\u00f8s. Veldig praktisk hvis du ikke vil f\u00f8re en kabel fra kontrollboksen til klembeskyttelsen<\/p>\n","protected":false},"featured_media":5603,"comment_status":"open","ping_status":"closed","template":"","meta":[],"pwb-brand":[62],"product_brand":[],"product_cat":[100,96],"product_tag":[],"woo-feed-brand":[],"class_list":{"0":"post-5882","1":"product","2":"type-product","3":"status-publish","4":"has-post-thumbnail","6":"pwb-brand-quiko","7":"product_cat-tilbehor-til-skyveporter","8":"product_cat-tilbehor","9":"product_shipping_class-opp-til-10-kg","11":"first","12":"instock","13":"taxable","14":"shipping-taxable","15":"purchasable","16":"product-type-simple"},"brands":[{"id":62,"name":"Quiko","slug":"quiko"}],"_links":{"self":[{"href":"https:\/\/www.autogrind.se\/no\/wp-json\/wp\/v2\/product\/5882","targetHints":{"allow":["GET"]}}],"collection":[{"href":"https:\/\/www.autogrind.se\/no\/wp-json\/wp\/v2\/product"}],"about":[{"href":"https:\/\/www.autogrind.se\/no\/wp-json\/wp\/v2\/types\/product"}],"replies":[{"embeddable":true,"href":"https:\/\/www.autogrind.se\/no\/wp-json\/wp\/v2\/comments?post=5882"}],"wp:featuredmedia":[{"embeddable":true,"href":"https:\/\/www.autogrind.se\/no\/wp-json\/wp\/v2\/media\/5603"}],"wp:attachment":[{"href":"https:\/\/www.autogrind.se\/no\/wp-json\/wp\/v2\/media?parent=5882"}],"wp:term":[{"taxonomy":"pwb-brand","embeddable":true,"href":"https:\/\/www.autogrind.se\/no\/wp-json\/wp\/v2\/pwb-brand?post=5882"},{"taxonomy":"product_brand","embeddable":true,"href":"https:\/\/www.autogrind.se\/no\/wp-json\/wp\/v2\/product_brand?post=5882"},{"taxonomy":"product_cat","embeddable":true,"href":"https:\/\/www.autogrind.se\/no\/wp-json\/wp\/v2\/product_cat?post=5882"},{"taxonomy":"product_tag","embeddable":true,"href":"https:\/\/www.autogrind.se\/no\/wp-json\/wp\/v2\/product_tag?post=5882"},{"taxonomy":"woo-feed-brand","embeddable":true,"href":"https:\/\/www.autogrind.se\/no\/wp-json\/wp\/v2\/woo-feed-brand?post=5882"}],"curies":[{"name":"wp","href":"https:\/\/api.w.org\/{rel}","templated":true}]}}