{"id":5871,"date":"2019-11-20T20:00:16","date_gmt":"2019-11-20T19:00:16","guid":{"rendered":"https:\/\/www.autogrind.se\/produkt\/qk-h400bac-hydro-for-porter-opp-til-6-meter-og-600-kg\/"},"modified":"2019-11-20T20:00:16","modified_gmt":"2019-11-20T19:00:16","slug":"qk-h400bac-2","status":"publish","type":"product","link":"https:\/\/www.autogrind.se\/no\/produkt\/qk-h400bac-2\/","title":{"rendered":"QK-H400BAC | HYDRO For porter opp til 6 meter og 600 kg"},"content":{"rendered":"<h3>Spesifikasjon QK-H400BAC<\/h3>\n<p><strong>DATABLAD<\/strong><\/p>\n<p>Maks lengde p\u00e5 portblad: 6 meter<\/p>\n<p>Maks vekt portblad: 600kg\/1100kg<\/p>\n<p>Spenning: 230 V, 50\/60Hz<\/p>\n<p>IP-klasse: IP55<\/p>\n<p>Arbeidstemperatur: -25\/+70<\/p>\n<p>Vekt portmotor: 10 kg<\/p>\n<p>&nbsp;<\/p>\n<p><strong>KOMPLETT SETT INKLUDERER<\/strong><\/p>\n<p>2 portmotorer<\/p>\n<p>1. Styreenhet med sender og antenne<\/p>\n<p>2 fjernkontroller<\/p>\n<p>2 IR fotoceller<\/p>\n","protected":false},"excerpt":{"rendered":"<h3>Produktbeskrivelse QK-H400BAC<\/h3>\n<p>HYDRO er v\u00e5r kraftigste portmotor for slagporter og er f\u00f8rst og fremst utviklet for store og tunge porter som industripassasjer med intensiv og langvarig bruk. Den kan h\u00e5ndtere porter opp til 6m og 600kg. For kortere porter kan den h\u00e5ndtere vekter opp til 1100 kg.<\/p>\n","protected":false},"featured_media":6784,"comment_status":"open","ping_status":"closed","template":"","meta":[],"pwb-brand":[],"product_brand":[],"product_cat":[102,103],"product_tag":[],"woo-feed-brand":[],"class_list":{"0":"post-5871","1":"product","2":"type-product","3":"status-publish","4":"has-post-thumbnail","6":"product_cat-portapner-for-doble-porter","7":"product_cat-portapner-for-slagporter","8":"product_shipping_class-upp-till-30kg","10":"first","11":"instock","12":"taxable","13":"shipping-taxable","14":"purchasable","15":"product-type-simple"},"brands":[],"_links":{"self":[{"href":"https:\/\/www.autogrind.se\/no\/wp-json\/wp\/v2\/product\/5871","targetHints":{"allow":["GET"]}}],"collection":[{"href":"https:\/\/www.autogrind.se\/no\/wp-json\/wp\/v2\/product"}],"about":[{"href":"https:\/\/www.autogrind.se\/no\/wp-json\/wp\/v2\/types\/product"}],"replies":[{"embeddable":true,"href":"https:\/\/www.autogrind.se\/no\/wp-json\/wp\/v2\/comments?post=5871"}],"wp:featuredmedia":[{"embeddable":true,"href":"https:\/\/www.autogrind.se\/no\/wp-json\/wp\/v2\/media\/6784"}],"wp:attachment":[{"href":"https:\/\/www.autogrind.se\/no\/wp-json\/wp\/v2\/media?parent=5871"}],"wp:term":[{"taxonomy":"pwb-brand","embeddable":true,"href":"https:\/\/www.autogrind.se\/no\/wp-json\/wp\/v2\/pwb-brand?post=5871"},{"taxonomy":"product_brand","embeddable":true,"href":"https:\/\/www.autogrind.se\/no\/wp-json\/wp\/v2\/product_brand?post=5871"},{"taxonomy":"product_cat","embeddable":true,"href":"https:\/\/www.autogrind.se\/no\/wp-json\/wp\/v2\/product_cat?post=5871"},{"taxonomy":"product_tag","embeddable":true,"href":"https:\/\/www.autogrind.se\/no\/wp-json\/wp\/v2\/product_tag?post=5871"},{"taxonomy":"woo-feed-brand","embeddable":true,"href":"https:\/\/www.autogrind.se\/no\/wp-json\/wp\/v2\/woo-feed-brand?post=5871"}],"curies":[{"name":"wp","href":"https:\/\/api.w.org\/{rel}","templated":true}]}}