{"id":5863,"date":"2020-05-21T09:12:43","date_gmt":"2020-05-21T07:12:43","guid":{"rendered":"https:\/\/www.autogrind.se\/produkt\/bs-detbase-bordstativ-for-bs-det2000bt-termisk-kamera\/"},"modified":"2020-05-21T09:12:43","modified_gmt":"2020-05-21T07:12:43","slug":"bs-detbase-2","status":"publish","type":"product","link":"https:\/\/www.autogrind.se\/no\/produkt\/bs-detbase-2\/","title":{"rendered":"BS-DETBASE | Bordstativ for BS-DET2000BT termisk kamera"},"content":{"rendered":"<h3>Spesifikasjon BS-DETBASE<\/h3>\n<p>Bordstativ for BS-DET2000BT termisk kamera.<\/p>\n","protected":false},"excerpt":{"rendered":"<h3>Produktbeskrivelse BS-DETBASE<\/h3>\n<p>Bordstativ som raskt og enkelt festes til termokameraet. Gj\u00f8r det enkelt \u00e5 plassere kameraet p\u00e5 et bord.<\/p>\n","protected":false},"featured_media":5376,"comment_status":"open","ping_status":"closed","template":"","meta":[],"pwb-brand":[64],"product_brand":[],"product_cat":[93],"product_tag":[],"woo-feed-brand":[],"class_list":{"0":"post-5863","1":"product","2":"type-product","3":"status-publish","4":"has-post-thumbnail","6":"pwb-brand-bos","7":"product_cat-styring","8":"product_shipping_class-opp-til-10-kg","10":"first","11":"instock","12":"taxable","13":"shipping-taxable","14":"purchasable","15":"product-type-simple"},"brands":[{"id":64,"name":"BOS","slug":"bos"}],"_links":{"self":[{"href":"https:\/\/www.autogrind.se\/no\/wp-json\/wp\/v2\/product\/5863","targetHints":{"allow":["GET"]}}],"collection":[{"href":"https:\/\/www.autogrind.se\/no\/wp-json\/wp\/v2\/product"}],"about":[{"href":"https:\/\/www.autogrind.se\/no\/wp-json\/wp\/v2\/types\/product"}],"replies":[{"embeddable":true,"href":"https:\/\/www.autogrind.se\/no\/wp-json\/wp\/v2\/comments?post=5863"}],"wp:featuredmedia":[{"embeddable":true,"href":"https:\/\/www.autogrind.se\/no\/wp-json\/wp\/v2\/media\/5376"}],"wp:attachment":[{"href":"https:\/\/www.autogrind.se\/no\/wp-json\/wp\/v2\/media?parent=5863"}],"wp:term":[{"taxonomy":"pwb-brand","embeddable":true,"href":"https:\/\/www.autogrind.se\/no\/wp-json\/wp\/v2\/pwb-brand?post=5863"},{"taxonomy":"product_brand","embeddable":true,"href":"https:\/\/www.autogrind.se\/no\/wp-json\/wp\/v2\/product_brand?post=5863"},{"taxonomy":"product_cat","embeddable":true,"href":"https:\/\/www.autogrind.se\/no\/wp-json\/wp\/v2\/product_cat?post=5863"},{"taxonomy":"product_tag","embeddable":true,"href":"https:\/\/www.autogrind.se\/no\/wp-json\/wp\/v2\/product_tag?post=5863"},{"taxonomy":"woo-feed-brand","embeddable":true,"href":"https:\/\/www.autogrind.se\/no\/wp-json\/wp\/v2\/woo-feed-brand?post=5863"}],"curies":[{"name":"wp","href":"https:\/\/api.w.org\/{rel}","templated":true}]}}