{"id":5854,"date":"2020-08-22T07:18:13","date_gmt":"2020-08-22T05:18:13","guid":{"rendered":"https:\/\/www.autogrind.se\/produkt\/bryterklokke-for-styring-av-porter\/"},"modified":"2020-08-22T07:18:13","modified_gmt":"2020-08-22T05:18:13","slug":"bryter-klokke-for-kontroll-av-porter","status":"publish","type":"product","link":"https:\/\/www.autogrind.se\/no\/produkt\/bryter-klokke-for-kontroll-av-porter\/","title":{"rendered":"Bryterklokke for styring av porter"},"content":{"rendered":"<p>Bryterklokke for styring av porter<\/p>\n","protected":false},"excerpt":{"rendered":"<p>Dag\/uke timer (1-kanal) for \u00e5 kontrollere n\u00e5r porter eller bommer skal \u00e5pnes eller lukkes til bestemte tider. Tidene gjentas daglig eller ukentlig avhengig av hvordan klokken er programmert. Enkel \u00e5 installere. Klokken kan programmeres via en app sammen med en Bluetooth dongle (valgfritt)<\/p>\n","protected":false},"featured_media":5633,"comment_status":"open","ping_status":"closed","template":"","meta":[],"pwb-brand":[63],"product_brand":[],"product_cat":[96,100,99],"product_tag":[],"woo-feed-brand":[],"class_list":{"0":"post-5854","1":"product","2":"type-product","3":"status-publish","4":"has-post-thumbnail","6":"pwb-brand-garo","7":"product_cat-tilbehor","8":"product_cat-tilbehor-til-skyveporter","9":"product_cat-tilbehor-til-slagporter","10":"product_shipping_class-opp-til-1-kg","12":"first","13":"outofstock","14":"taxable","15":"shipping-taxable","16":"purchasable","17":"product-type-simple"},"brands":[{"id":63,"name":"Garo","slug":"garo"}],"_links":{"self":[{"href":"https:\/\/www.autogrind.se\/no\/wp-json\/wp\/v2\/product\/5854","targetHints":{"allow":["GET"]}}],"collection":[{"href":"https:\/\/www.autogrind.se\/no\/wp-json\/wp\/v2\/product"}],"about":[{"href":"https:\/\/www.autogrind.se\/no\/wp-json\/wp\/v2\/types\/product"}],"replies":[{"embeddable":true,"href":"https:\/\/www.autogrind.se\/no\/wp-json\/wp\/v2\/comments?post=5854"}],"wp:featuredmedia":[{"embeddable":true,"href":"https:\/\/www.autogrind.se\/no\/wp-json\/wp\/v2\/media\/5633"}],"wp:attachment":[{"href":"https:\/\/www.autogrind.se\/no\/wp-json\/wp\/v2\/media?parent=5854"}],"wp:term":[{"taxonomy":"pwb-brand","embeddable":true,"href":"https:\/\/www.autogrind.se\/no\/wp-json\/wp\/v2\/pwb-brand?post=5854"},{"taxonomy":"product_brand","embeddable":true,"href":"https:\/\/www.autogrind.se\/no\/wp-json\/wp\/v2\/product_brand?post=5854"},{"taxonomy":"product_cat","embeddable":true,"href":"https:\/\/www.autogrind.se\/no\/wp-json\/wp\/v2\/product_cat?post=5854"},{"taxonomy":"product_tag","embeddable":true,"href":"https:\/\/www.autogrind.se\/no\/wp-json\/wp\/v2\/product_tag?post=5854"},{"taxonomy":"woo-feed-brand","embeddable":true,"href":"https:\/\/www.autogrind.se\/no\/wp-json\/wp\/v2\/woo-feed-brand?post=5854"}],"curies":[{"name":"wp","href":"https:\/\/api.w.org\/{rel}","templated":true}]}}