{"id":5844,"date":"2020-08-22T09:06:18","date_gmt":"2020-08-22T07:06:18","guid":{"rendered":"https:\/\/www.autogrind.se\/produkt\/klembeskyttelse\/"},"modified":"2024-07-10T03:27:35","modified_gmt":"2024-07-10T01:27:35","slug":"klobeskyttelse","status":"publish","type":"product","link":"https:\/\/www.autogrind.se\/no\/produkt\/klobeskyttelse\/","title":{"rendered":"Klembeskyttelse"},"content":{"rendered":"<p>Tr\u00e5db\u00e5ren mekanisk klembeskyttelse som kobles til kontrollboksen. Laget av termoplastisk gummi som er montert p\u00e5 en aluminiumsprofil. To mikrobrytere for \u00e5 garantere drift. Kan ogs\u00e5 installeres tr\u00e5dl\u00f8st ved \u00e5 koble klembeskyttelsen til en sender\/mottaker (QK-CSARADIO), noe som er praktisk hvis du vil unng\u00e5 \u00e5 kj\u00f8re kabel.<\/p>\n<p>&nbsp;<\/p>\n","protected":false},"excerpt":{"rendered":"<p>Klemsikring er en sikkerhetsfunksjon som gj\u00f8r at porten stopper dersom noe eller noen skulle v\u00e6re mellom portbladene n\u00e5r de er lukket. Godt supplement til sikkerhetsfunksjonene som allerede er tilgjengelige for v\u00e5re portmotorer. Leveres i 2 meters lengder men kan klippes til \u00f8nsket lengde<\/p>\n","protected":false},"featured_media":5610,"comment_status":"open","ping_status":"closed","template":"","meta":[],"pwb-brand":[62],"product_brand":[],"product_cat":[96,99,100],"product_tag":[],"woo-feed-brand":[],"class_list":{"0":"post-5844","1":"product","2":"type-product","3":"status-publish","4":"has-post-thumbnail","6":"pwb-brand-quiko","7":"product_cat-tilbehor","8":"product_cat-tilbehor-til-slagporter","9":"product_cat-tilbehor-til-skyveporter","10":"product_shipping_class-upp-till-30kg","12":"first","13":"instock","14":"taxable","15":"shipping-taxable","16":"purchasable","17":"product-type-simple"},"brands":[{"id":62,"name":"Quiko","slug":"quiko"}],"_links":{"self":[{"href":"https:\/\/www.autogrind.se\/no\/wp-json\/wp\/v2\/product\/5844","targetHints":{"allow":["GET"]}}],"collection":[{"href":"https:\/\/www.autogrind.se\/no\/wp-json\/wp\/v2\/product"}],"about":[{"href":"https:\/\/www.autogrind.se\/no\/wp-json\/wp\/v2\/types\/product"}],"replies":[{"embeddable":true,"href":"https:\/\/www.autogrind.se\/no\/wp-json\/wp\/v2\/comments?post=5844"}],"wp:featuredmedia":[{"embeddable":true,"href":"https:\/\/www.autogrind.se\/no\/wp-json\/wp\/v2\/media\/5610"}],"wp:attachment":[{"href":"https:\/\/www.autogrind.se\/no\/wp-json\/wp\/v2\/media?parent=5844"}],"wp:term":[{"taxonomy":"pwb-brand","embeddable":true,"href":"https:\/\/www.autogrind.se\/no\/wp-json\/wp\/v2\/pwb-brand?post=5844"},{"taxonomy":"product_brand","embeddable":true,"href":"https:\/\/www.autogrind.se\/no\/wp-json\/wp\/v2\/product_brand?post=5844"},{"taxonomy":"product_cat","embeddable":true,"href":"https:\/\/www.autogrind.se\/no\/wp-json\/wp\/v2\/product_cat?post=5844"},{"taxonomy":"product_tag","embeddable":true,"href":"https:\/\/www.autogrind.se\/no\/wp-json\/wp\/v2\/product_tag?post=5844"},{"taxonomy":"woo-feed-brand","embeddable":true,"href":"https:\/\/www.autogrind.se\/no\/wp-json\/wp\/v2\/woo-feed-brand?post=5844"}],"curies":[{"name":"wp","href":"https:\/\/api.w.org\/{rel}","templated":true}]}}