{"id":5842,"date":"2020-04-01T20:47:21","date_gmt":"2020-04-01T18:47:21","guid":{"rendered":"https:\/\/www.autogrind.se\/produkt\/nokkelbryter-brannvesennokkel-ip-65-nb-ip65\/"},"modified":"2020-04-01T20:47:21","modified_gmt":"2020-04-01T18:47:21","slug":"bko-n-05-nokkel-bryter-hydrant-nokkel","status":"publish","type":"product","link":"https:\/\/www.autogrind.se\/no\/produkt\/bko-n-05-nokkel-bryter-hydrant-nokkel\/","title":{"rendered":"N\u00f8kkelbryter brannvesenn\u00f8kkel (IP-65) | NB-IP65"},"content":{"rendered":"<div id=\"description\" class=\"tab-pane fade in active\" role=\"tabpanel\">\n<div class=\"product-description dec\">N\u00f8kkelbryter NB-IP65-1 med brannvesenl\u00e5s passer til alle typer kontroller. Den tette innkapslingen gj\u00f8r den ideell for bruk utend\u00f8rs for \u00e5 kontrollere porter, porter og bommer der n\u00f8detatene skal kunne ankomme. NB-IP65-1 har en fritt skiftende kontakt (NO\/NC) og en LED klar koblet til terminalen. Mikrobryteren (24VDC\/2A) og LED mates med 24VDC. L\u00e5sen er montert i tett kapsling IP65 med transparent deksel.<\/div>\n<\/div>\n<h3><\/h3>\n<h3>Spesifikasjon N\u00f8kkelbryter brannvesenn\u00f8kkel (IP-65) NB-IP65<\/h3>\n<p>H\u00f8yde: (mm)100<\/p>\n<p>Bredde: (mm)100<\/p>\n<p>IP-klasse: IP65<\/p>\n<p>Materiale: Plast \/ Aluminium<\/p>\n<p>Farge: Gr\u00e5<\/p>\n<p>Kontakter: NO\/NC<\/p>\n<p>Spenning: 24V<\/p>\n<p>&nbsp;<\/p>\n<p>&nbsp;<\/p>\n","protected":false},"excerpt":{"rendered":"<h3>Produktbeskrivelse N\u00f8kkelbryter brannvesenn\u00f8kkel (IP-65) NB-IP65<\/h3>\n<p>N\u00f8kkelbryter til brannvesenn\u00f8kkel for \u00e5pning av automatiske bommer og port\u00e5pnere. Brannvesen krever ofte tilgang til eiendommer eller omr\u00e5der. Da er dette en enkel og billig l\u00f8sning for at brannvesenet eller andre bl\u00e5lys skal kunne komme seg inn uten \u00e5 skade porter eller bommer. Leveres i IP-65 kapsling<\/p>\n","protected":false},"featured_media":5796,"comment_status":"open","ping_status":"closed","template":"","meta":[],"pwb-brand":[],"product_brand":[],"product_cat":[111,93,94],"product_tag":[],"woo-feed-brand":[],"class_list":{"0":"post-5842","1":"product","2":"type-product","3":"status-publish","4":"has-post-thumbnail","6":"product_cat-redningstjeneste","7":"product_cat-styring","8":"product_cat-tilbehor-til-bommer","9":"product_shipping_class-opp-til-1-kg","11":"first","12":"instock","13":"taxable","14":"shipping-taxable","15":"purchasable","16":"product-type-simple"},"brands":[],"_links":{"self":[{"href":"https:\/\/www.autogrind.se\/no\/wp-json\/wp\/v2\/product\/5842","targetHints":{"allow":["GET"]}}],"collection":[{"href":"https:\/\/www.autogrind.se\/no\/wp-json\/wp\/v2\/product"}],"about":[{"href":"https:\/\/www.autogrind.se\/no\/wp-json\/wp\/v2\/types\/product"}],"replies":[{"embeddable":true,"href":"https:\/\/www.autogrind.se\/no\/wp-json\/wp\/v2\/comments?post=5842"}],"wp:featuredmedia":[{"embeddable":true,"href":"https:\/\/www.autogrind.se\/no\/wp-json\/wp\/v2\/media\/5796"}],"wp:attachment":[{"href":"https:\/\/www.autogrind.se\/no\/wp-json\/wp\/v2\/media?parent=5842"}],"wp:term":[{"taxonomy":"pwb-brand","embeddable":true,"href":"https:\/\/www.autogrind.se\/no\/wp-json\/wp\/v2\/pwb-brand?post=5842"},{"taxonomy":"product_brand","embeddable":true,"href":"https:\/\/www.autogrind.se\/no\/wp-json\/wp\/v2\/product_brand?post=5842"},{"taxonomy":"product_cat","embeddable":true,"href":"https:\/\/www.autogrind.se\/no\/wp-json\/wp\/v2\/product_cat?post=5842"},{"taxonomy":"product_tag","embeddable":true,"href":"https:\/\/www.autogrind.se\/no\/wp-json\/wp\/v2\/product_tag?post=5842"},{"taxonomy":"woo-feed-brand","embeddable":true,"href":"https:\/\/www.autogrind.se\/no\/wp-json\/wp\/v2\/woo-feed-brand?post=5842"}],"curies":[{"name":"wp","href":"https:\/\/api.w.org\/{rel}","templated":true}]}}