{"id":5838,"date":"2021-01-07T20:55:10","date_gmt":"2021-01-07T19:55:10","guid":{"rendered":"https:\/\/www.autogrind.se\/produkt\/2-kanals-radiomottaker-for-quiko-fjernkontroller\/"},"modified":"2022-10-20T14:39:10","modified_gmt":"2022-10-20T12:39:10","slug":"2-kanals-radiomottaker-for-quiko-fjernkontroller","status":"publish","type":"product","link":"https:\/\/www.autogrind.se\/no\/produkt\/2-kanals-radiomottaker-for-quiko-fjernkontroller\/","title":{"rendered":"2-kanals radiomottaker for Quiko fjernkontroller"},"content":{"rendered":"<h3>Produktbeskrivelse 2-kanals radiomottaker<\/h3>\n<p>Har du allerede eksisterende portmotorer fra et annet merke, men f\u00e5r ikke tak i nye fjernkontroller eller \u00f8nsker du \u00e5 utvide automatikken med QUIKO.motorer og kun bruke fjernkontroll? Med denne 2-kanals radiomottakeren kan du enkelt koble QUIKO.s automatisering til et eksisterende system og kontrollere alle systemer uansett merke. Radiomottakeren kan lagre opptil 400 fjernkontroller<\/p>\n<p>&nbsp;<\/p>\n<h3>Spesifikasjon 2-kanals radiomottaker<\/h3>\n<p>Str\u00f8mforsyning: 12\/24V<br \/>\nStr\u00f8mforbruk: 15mA i stand-by<br \/>\nFrekvens: 433,92Mhz<br \/>\nAntall koder som kan lagres: 400<br \/>\nAntall kanaler: 2<br \/>\nArbeidstemperatur: -20+70\u00b0C<br \/>\nM\u00e5l: 6x3xH2,5cm<\/p>\n","protected":false},"excerpt":{"rendered":"<p>2-kanals radiomottaker for enkelt \u00e5 programmere QUIKO. sine fjernkontroller og styre andre eksisterende systemer\/merker.<\/p>\n","protected":false},"featured_media":5396,"comment_status":"open","ping_status":"closed","template":"","meta":[],"pwb-brand":[62],"product_brand":[],"product_cat":[99,100],"product_tag":[],"woo-feed-brand":[],"class_list":{"0":"post-5838","1":"product","2":"type-product","3":"status-publish","4":"has-post-thumbnail","6":"pwb-brand-quiko","7":"product_cat-tilbehor-til-slagporter","8":"product_cat-tilbehor-til-skyveporter","9":"product_shipping_class-opp-til-1-kg","11":"first","12":"instock","13":"taxable","14":"shipping-taxable","15":"purchasable","16":"product-type-simple"},"brands":[{"id":62,"name":"Quiko","slug":"quiko"}],"_links":{"self":[{"href":"https:\/\/www.autogrind.se\/no\/wp-json\/wp\/v2\/product\/5838","targetHints":{"allow":["GET"]}}],"collection":[{"href":"https:\/\/www.autogrind.se\/no\/wp-json\/wp\/v2\/product"}],"about":[{"href":"https:\/\/www.autogrind.se\/no\/wp-json\/wp\/v2\/types\/product"}],"replies":[{"embeddable":true,"href":"https:\/\/www.autogrind.se\/no\/wp-json\/wp\/v2\/comments?post=5838"}],"wp:featuredmedia":[{"embeddable":true,"href":"https:\/\/www.autogrind.se\/no\/wp-json\/wp\/v2\/media\/5396"}],"wp:attachment":[{"href":"https:\/\/www.autogrind.se\/no\/wp-json\/wp\/v2\/media?parent=5838"}],"wp:term":[{"taxonomy":"pwb-brand","embeddable":true,"href":"https:\/\/www.autogrind.se\/no\/wp-json\/wp\/v2\/pwb-brand?post=5838"},{"taxonomy":"product_brand","embeddable":true,"href":"https:\/\/www.autogrind.se\/no\/wp-json\/wp\/v2\/product_brand?post=5838"},{"taxonomy":"product_cat","embeddable":true,"href":"https:\/\/www.autogrind.se\/no\/wp-json\/wp\/v2\/product_cat?post=5838"},{"taxonomy":"product_tag","embeddable":true,"href":"https:\/\/www.autogrind.se\/no\/wp-json\/wp\/v2\/product_tag?post=5838"},{"taxonomy":"woo-feed-brand","embeddable":true,"href":"https:\/\/www.autogrind.se\/no\/wp-json\/wp\/v2\/woo-feed-brand?post=5838"}],"curies":[{"name":"wp","href":"https:\/\/api.w.org\/{rel}","templated":true}]}}