{"id":5819,"date":"2021-11-24T20:47:10","date_gmt":"2021-11-24T19:47:10","guid":{"rendered":"https:\/\/www.autogrind.se\/produkt\/qk-sub220-sub230v-for-porter-opp-til-35m-og-400kg-nedgravd\/"},"modified":"2022-10-20T14:39:06","modified_gmt":"2022-10-20T12:39:06","slug":"nedgravd-portmotor","status":"publish","type":"product","link":"https:\/\/www.autogrind.se\/no\/produkt\/nedgravd-portmotor\/","title":{"rendered":"QK-SUB220 SUB(230V) for porter opp til 3,5M og 400kg (nedgravd)"},"content":{"rendered":"<h3>SUB QK-SUB220 er en portmotor som er montert nedgravd i bakken for de som \u00f8nsker en skjult montering av sin automatiske port. Det er ogs\u00e5 den eneste motoren som kan \u00e5pne 180 grader, noe som ogs\u00e5 gj\u00f8r den egnet for bruk i installasjoner hvor man skal kunne \u00e5pne portene mer.<\/h3>\n<p>&nbsp;<\/p>\n<h3>Spesifikasjon SUB QK-SUB220<\/h3>\n<p><strong>DATABLAD<\/strong><\/p>\n<p>Portlengde: Maks 3,5 meter<\/p>\n<p>Portvekt: Maks 400 kg<\/p>\n<p>\u00c5pningstid: 16 sekunder<\/p>\n<p>&nbsp;<\/p>\n<p><strong>KOMPLETT SETT INKLUDERER<\/strong><\/p>\n<p>2 portmotorer<\/p>\n<p>2 mekaniske stopp<\/p>\n<p>1. Styreenhet med sender og antenne<\/p>\n<p>2 fjernkontroller<\/p>\n<p>2 IR fotoceller<\/p>\n<p>1. installasjonsveiledning<\/p>\n","protected":false},"excerpt":{"rendered":"<h3>Produktbeskrivelse SUB QK-SUB220<\/h3>\n<p>SUB QK-SUB220 er en port\u00e5pner for de som ikke \u00f8nsker en synlig motor p\u00e5 porten da den er montert skjult i bakken. Det er ogs\u00e5 den eneste port\u00e5pneren som kan \u00e5pne 180 grader. De kan monteres p\u00e5 porter med portblader opp til 3,5 m.<\/p>\n","protected":false},"featured_media":5630,"comment_status":"open","ping_status":"closed","template":"","meta":[],"pwb-brand":[62],"product_brand":[],"product_cat":[104,102,103],"product_tag":[],"woo-feed-brand":[],"class_list":{"0":"post-5819","1":"product","2":"type-product","3":"status-publish","4":"has-post-thumbnail","6":"pwb-brand-quiko","7":"product_cat-portapner","8":"product_cat-portapner-for-doble-porter","9":"product_cat-portapner-for-slagporter","10":"product_shipping_class-upp-till-30kg","12":"first","13":"outofstock","14":"taxable","15":"shipping-taxable","16":"purchasable","17":"product-type-simple"},"brands":[{"id":62,"name":"Quiko","slug":"quiko"}],"_links":{"self":[{"href":"https:\/\/www.autogrind.se\/no\/wp-json\/wp\/v2\/product\/5819","targetHints":{"allow":["GET"]}}],"collection":[{"href":"https:\/\/www.autogrind.se\/no\/wp-json\/wp\/v2\/product"}],"about":[{"href":"https:\/\/www.autogrind.se\/no\/wp-json\/wp\/v2\/types\/product"}],"replies":[{"embeddable":true,"href":"https:\/\/www.autogrind.se\/no\/wp-json\/wp\/v2\/comments?post=5819"}],"wp:featuredmedia":[{"embeddable":true,"href":"https:\/\/www.autogrind.se\/no\/wp-json\/wp\/v2\/media\/5630"}],"wp:attachment":[{"href":"https:\/\/www.autogrind.se\/no\/wp-json\/wp\/v2\/media?parent=5819"}],"wp:term":[{"taxonomy":"pwb-brand","embeddable":true,"href":"https:\/\/www.autogrind.se\/no\/wp-json\/wp\/v2\/pwb-brand?post=5819"},{"taxonomy":"product_brand","embeddable":true,"href":"https:\/\/www.autogrind.se\/no\/wp-json\/wp\/v2\/product_brand?post=5819"},{"taxonomy":"product_cat","embeddable":true,"href":"https:\/\/www.autogrind.se\/no\/wp-json\/wp\/v2\/product_cat?post=5819"},{"taxonomy":"product_tag","embeddable":true,"href":"https:\/\/www.autogrind.se\/no\/wp-json\/wp\/v2\/product_tag?post=5819"},{"taxonomy":"woo-feed-brand","embeddable":true,"href":"https:\/\/www.autogrind.se\/no\/wp-json\/wp\/v2\/woo-feed-brand?post=5819"}],"curies":[{"name":"wp","href":"https:\/\/api.w.org\/{rel}","templated":true}]}}