{"id":5818,"date":"2021-09-19T08:47:19","date_gmt":"2021-09-19T06:47:19","guid":{"rendered":"https:\/\/www.autogrind.se\/produkt\/elektromagnetisk-las-for-porter-og-dorer-ip-68-500kg\/"},"modified":"2022-10-20T14:39:06","modified_gmt":"2022-10-20T12:39:06","slug":"elektromagnetisk-las-for-porter-og-dorrrip-68-500kg-2","status":"publish","type":"product","link":"https:\/\/www.autogrind.se\/no\/produkt\/elektromagnetisk-las-for-porter-og-dorrrip-68-500kg-2\/","title":{"rendered":"Elektromagnetisk l\u00e5s for porter og d\u00f8rer (IP-68) 500kg"},"content":{"rendered":"<h3>Produktbeskrivelse elektromagnetisk l\u00e5s<\/h3>\n<p>Hvis du \u00f8nsker \u00e5 \u00f8ke omr\u00e5debeskyttelsen din, kan du installere en magnetl\u00e5s p\u00e5 portene eller d\u00f8rene dine. Det forbedrer beskyttelsen ettersom den magnetiske l\u00e5sen l\u00e5ser portene sammen. Kan ogs\u00e5 passe \u00e5 bruke dersom det bl\u00e5ser mye i omr\u00e5det og portmotorene ikke kan holde portene. V\u00e5r elektromagnetiske l\u00e5s egner seg for b\u00e5de skyveporter og slagporter med intensiv bruk. Holdekraften til magnetl\u00e5sen er 500 kg. L\u00e5sen kan brukes b\u00e5de utend\u00f8rs og innend\u00f8rs. Materialet er meget robust og t\u00e5ler v\u00e5rt svenske klima og har IP-klasse 68<\/p>\n<p>&nbsp;<\/p>\n<p>&nbsp;<\/p>\n<p><strong>KOMPLETT SETT INKLUDERER<\/strong><\/p>\n<ul>\n<li>1. Elektromagnetisk l\u00e5s<\/li>\n<li>1. Str\u00f8mforsyningsbryter<\/li>\n<li>3 konsoller<\/li>\n<li>1. stafett<\/li>\n<li>1. QK-ELOCKM<\/li>\n<\/ul>\n<p>&nbsp;<\/p>\n<h3>Spesifikasjon elektromagnetisk l\u00e5s<\/h3>\n<p><strong>DATABLAD MAGNETISK L\u00c5S<\/strong><\/p>\n<ul>\n<li>Dimensjon: Lengde 220 mm, Bredde 63 mm, Dybde: 36 mm<\/li>\n<li>Holdekraft: 500 kg<\/li>\n<li>Spenning: 12V eller 24V<\/li>\n<li>Spenning: 12V\/420mA+-10%, 24V\/210mA+-10%<\/li>\n<li>Signalutgang: L\u00e5sesignal NO\/COM<\/li>\n<li>LED-lys: Gr\u00f8nt lys indikerer ul\u00e5st, r\u00f8dt lys indikerer l\u00e5st<\/li>\n<li>IP-klasse: IP-68<\/li>\n<li>Arbeidstemperatur: -10 &#8212; +55 grader Celsius<\/li>\n<li>Vekt: 4,3 kg<\/li>\n<\/ul>\n<p>&nbsp;<\/p>\n<p>&nbsp;<\/p>\n<p>&nbsp;<\/p>\n<p>&nbsp;<\/p>\n<p>&nbsp;<\/p>\n","protected":false},"excerpt":{"rendered":"<p>V\u00e5r magnetl\u00e5s er en sterk l\u00e5s designet for bruk p\u00e5 skyveporter, slagporter, brannd\u00f8rer, etc. Den har en holdekraft p\u00e5 280 kg. Magnetl\u00e5sen har IP-klasse 68 og kan brukes b\u00e5de utend\u00f8rs og innend\u00f8rs. L\u00e5sen har et LED-signal som lyser r\u00f8dt hvis den er l\u00e5st og gr\u00f8nn hvis den er ul\u00e5st<\/p>\n","protected":false},"featured_media":6823,"comment_status":"open","ping_status":"closed","template":"","meta":[],"pwb-brand":[67],"product_brand":[],"product_cat":[100,99],"product_tag":[],"woo-feed-brand":[],"class_list":{"0":"post-5818","1":"product","2":"type-product","3":"status-publish","4":"has-post-thumbnail","6":"pwb-brand-yli-electronics","7":"product_cat-tilbehor-til-skyveporter","8":"product_cat-tilbehor-til-slagporter","9":"product_shipping_class-opp-til-10-kg","11":"first","12":"instock","13":"taxable","14":"shipping-taxable","15":"purchasable","16":"product-type-simple"},"brands":[{"id":67,"name":"YLI Electronics","slug":"yli-electronics"}],"_links":{"self":[{"href":"https:\/\/www.autogrind.se\/no\/wp-json\/wp\/v2\/product\/5818","targetHints":{"allow":["GET"]}}],"collection":[{"href":"https:\/\/www.autogrind.se\/no\/wp-json\/wp\/v2\/product"}],"about":[{"href":"https:\/\/www.autogrind.se\/no\/wp-json\/wp\/v2\/types\/product"}],"replies":[{"embeddable":true,"href":"https:\/\/www.autogrind.se\/no\/wp-json\/wp\/v2\/comments?post=5818"}],"wp:featuredmedia":[{"embeddable":true,"href":"https:\/\/www.autogrind.se\/no\/wp-json\/wp\/v2\/media\/6823"}],"wp:attachment":[{"href":"https:\/\/www.autogrind.se\/no\/wp-json\/wp\/v2\/media?parent=5818"}],"wp:term":[{"taxonomy":"pwb-brand","embeddable":true,"href":"https:\/\/www.autogrind.se\/no\/wp-json\/wp\/v2\/pwb-brand?post=5818"},{"taxonomy":"product_brand","embeddable":true,"href":"https:\/\/www.autogrind.se\/no\/wp-json\/wp\/v2\/product_brand?post=5818"},{"taxonomy":"product_cat","embeddable":true,"href":"https:\/\/www.autogrind.se\/no\/wp-json\/wp\/v2\/product_cat?post=5818"},{"taxonomy":"product_tag","embeddable":true,"href":"https:\/\/www.autogrind.se\/no\/wp-json\/wp\/v2\/product_tag?post=5818"},{"taxonomy":"woo-feed-brand","embeddable":true,"href":"https:\/\/www.autogrind.se\/no\/wp-json\/wp\/v2\/woo-feed-brand?post=5818"}],"curies":[{"name":"wp","href":"https:\/\/api.w.org\/{rel}","templated":true}]}}