{"id":5813,"date":"2022-02-02T13:03:40","date_gmt":"2022-02-02T12:03:40","guid":{"rendered":"https:\/\/www.autogrind.se\/produkt\/qk-an433sg-ekstern-antenne-for-icarus-bommer\/"},"modified":"2022-10-20T14:39:05","modified_gmt":"2022-10-20T12:39:05","slug":"qk-an433sg-antenne","status":"publish","type":"product","link":"https:\/\/www.autogrind.se\/no\/produkt\/qk-an433sg-antenne\/","title":{"rendered":"QK-AN433SG | Ekstern antenne for Icarus bommer"},"content":{"rendered":"<p>Utvendig antenne for Icarus veibom som kan monteres dersom du f\u00f8ler at rekkevidden er kort.<\/p>\n<p>3 meter kabel medf\u00f8lger til antennen som er montert p\u00e5 en rustfri brakett.<\/p>\n","protected":false},"excerpt":{"rendered":"<p>Utvendig antenne for Icarus veibom som kan monteres dersom du f\u00f8ler at rekkevidden er kort. 3 meter kabel medf\u00f8lger til antennen som er montert p\u00e5 en rustfri brakett.<\/p>\n","protected":false},"featured_media":5801,"comment_status":"open","ping_status":"closed","template":"","meta":[],"pwb-brand":[62],"product_brand":[],"product_cat":[94,96],"product_tag":[],"woo-feed-brand":[],"class_list":{"0":"post-5813","1":"product","2":"type-product","3":"status-publish","4":"has-post-thumbnail","6":"pwb-brand-quiko","7":"product_cat-tilbehor-til-bommer","8":"product_cat-tilbehor","9":"product_shipping_class-opp-til-1-kg","11":"first","12":"instock","13":"taxable","14":"shipping-taxable","15":"purchasable","16":"product-type-simple"},"brands":[{"id":62,"name":"Quiko","slug":"quiko"}],"_links":{"self":[{"href":"https:\/\/www.autogrind.se\/no\/wp-json\/wp\/v2\/product\/5813","targetHints":{"allow":["GET"]}}],"collection":[{"href":"https:\/\/www.autogrind.se\/no\/wp-json\/wp\/v2\/product"}],"about":[{"href":"https:\/\/www.autogrind.se\/no\/wp-json\/wp\/v2\/types\/product"}],"replies":[{"embeddable":true,"href":"https:\/\/www.autogrind.se\/no\/wp-json\/wp\/v2\/comments?post=5813"}],"wp:featuredmedia":[{"embeddable":true,"href":"https:\/\/www.autogrind.se\/no\/wp-json\/wp\/v2\/media\/5801"}],"wp:attachment":[{"href":"https:\/\/www.autogrind.se\/no\/wp-json\/wp\/v2\/media?parent=5813"}],"wp:term":[{"taxonomy":"pwb-brand","embeddable":true,"href":"https:\/\/www.autogrind.se\/no\/wp-json\/wp\/v2\/pwb-brand?post=5813"},{"taxonomy":"product_brand","embeddable":true,"href":"https:\/\/www.autogrind.se\/no\/wp-json\/wp\/v2\/product_brand?post=5813"},{"taxonomy":"product_cat","embeddable":true,"href":"https:\/\/www.autogrind.se\/no\/wp-json\/wp\/v2\/product_cat?post=5813"},{"taxonomy":"product_tag","embeddable":true,"href":"https:\/\/www.autogrind.se\/no\/wp-json\/wp\/v2\/product_tag?post=5813"},{"taxonomy":"woo-feed-brand","embeddable":true,"href":"https:\/\/www.autogrind.se\/no\/wp-json\/wp\/v2\/woo-feed-brand?post=5813"}],"curies":[{"name":"wp","href":"https:\/\/api.w.org\/{rel}","templated":true}]}}