{"id":5999,"date":"2013-08-11T18:47:13","date_gmt":"2013-08-11T16:47:13","guid":{"rendered":"https:\/\/www.autogrind.se\/kontakt-oss\/"},"modified":"2022-10-25T14:49:30","modified_gmt":"2022-10-25T12:49:30","slug":"kontakt-oss","status":"publish","type":"page","link":"https:\/\/www.autogrind.se\/no\/kontakt-oss\/","title":{"rendered":"Kontakt oss"},"content":{"rendered":"\n  <div id=\"page-header-1427282159\" class=\"page-header-wrapper\">\n  <div class=\"page-title dark simple-title\">\n\n        <div class=\"page-title-bg\">\n      <div class=\"title-bg fill bg-fill\"\n        data-parallax-container=\".page-title\"\n        data-parallax-background\n        data-parallax=\"-\">\n      <\/div>\n      <div class=\"title-overlay fill\"><\/div>\n    <\/div>\n    \n    <div class=\"page-title-inner container align-center text-center flex-row-col medium-flex-wrap\" >\n              <div class=\"title-wrapper flex-col\">\n          <h1 class=\"entry-title mb-0\">\n            Kontakt oss          <\/h1>\n        <\/div>\n                    <div class=\"title-content flex-col\">\n        <div class=\"title-breadcrumbs pb-half pt-half\"><nav class=\"woocommerce-breadcrumb breadcrumbs uppercase\" aria-label=\"Breadcrumb\">Hjem<\/nav><\/div>      <\/div>\n    <\/div>\n\n     \n<style>\n#page-header-1427282159 .page-title-inner {\n  min-height: 300px;\n}\n#page-header-1427282159 {\n  background-color: rgb(0, 50, 94);\n}\n<\/style>\n  <\/div>\n    <\/div>\n  \n\n\n\t<section class=\"section\" id=\"section_1895991438\">\n\t\t<div class=\"section-bg fill\" >\n\t\t\t\t\t\t\t\t\t\n\t\t\t\n\n\t\t<\/div>\n\n\t\t\n\n\t\t<div class=\"section-content relative\">\n\t\t\t\n\n<div class=\"row\"  id=\"row-1782632754\">\n\n\n\t<div id=\"col-283640426\" class=\"col small-12 large-12\"  >\n\t\t\t\t<div class=\"col-inner\"  >\n\t\t\t\n\t\t\t\n\n<h3 class=\"uppercase\">\u00d8nsker du \u00e5 komme med en prisforesp\u00f8rsel, be om tilbud p\u00e5 kj\u00f8p eller f\u00e5 monteringshjelp.<\/h3>\n<p>Klikk p\u00e5 knappen nedenfor og fyll ut skjemaet, s\u00e5 vil en av v\u00e5re partnere kontakte deg innen kort tid. Det blir ikke enklere!<\/p>\n<p>Velkommen til \u00e5 kontakte oss!<\/p>\n<a href=\"https:\/\/www.autogrind.se\/no\/tilbud-monteringshjelp\/\" class=\"button primary\" style=\"border-radius:10px;\">\n\t\t<span>be om tilbud, kom med prisforesp\u00f8rsel eller f\u00e5 pris p\u00e5 monteringshjelp her<\/span>\n\t<\/a>\n\n\n\n\t\t<\/div>\n\t\t\t\t\n<style>\n#col-283640426 > .col-inner {\n  margin: 30px 0px -30px 0px;\n}\n<\/style>\n\t<\/div>\n\n\t\n\n<\/div>\n\n\t\t<\/div>\n\n\t\t\n<style>\n#section_1895991438 {\n  padding-top: 30px;\n  padding-bottom: 30px;\n}\n<\/style>\n\t<\/section>\n\t\n\n\t<section class=\"section\" id=\"section_1419371849\">\n\t\t<div class=\"section-bg fill\" >\n\t\t\t\t\t\t\t\t\t\n\t\t\t\n\n\t\t<\/div>\n\n\t\t\n\n\t\t<div class=\"section-content relative\">\n\t\t\t\n\n<div class=\"row\"  id=\"row-1709815896\">\n\n\n\t<div id=\"col-1633202604\" class=\"col small-12 large-12\"  >\n\t\t\t\t<div class=\"col-inner\"  >\n\t\t\t\n\t\t\t\n\n<h3 class=\"uppercase\">Kontakt oss<\/h3>\n<p>\u00d8nsker du svar p\u00e5 sp\u00f8rsm\u00e5l om produktene v\u00e5re? v\u00e5re vilk\u00e5r? eller noe helt annet. Ikke n\u00f8l med \u00e5 kontakte oss med sp\u00f8rsm\u00e5let ditt.<\/p>\n<p>Vi er tilgjengelige for deg via telefon, e-post, chat eller via skjemaet nedenfor. <\/p>\n<p>Vi er klare til \u00e5 svare p\u00e5 sp\u00f8rsm\u00e5let ditt. Velkommen!<\/p>\n\n\t\t<\/div>\n\t\t\t\t\n<style>\n#col-1633202604 > .col-inner {\n  margin: 30px 0px -30px 0px;\n}\n<\/style>\n\t<\/div>\n\n\t\n\n<\/div>\n\n\t\t<\/div>\n\n\t\t\n<style>\n#section_1419371849 {\n  padding-top: 30px;\n  padding-bottom: 30px;\n}\n<\/style>\n\t<\/section>\n\t\n\n\t<section class=\"section\" id=\"section_1517430161\">\n\t\t<div class=\"section-bg fill\" >\n\t\t\t\t\t\t\t\t\t\n\t\t\t\n\n\t\t<\/div>\n\n\t\t\n\n\t\t<div class=\"section-content relative\">\n\t\t\t\n\n<div class=\"row align-equal\"  id=\"row-1932931432\">\n\n\n\t<div id=\"col-2050017897\" class=\"col medium-6 small-12 large-6\"  >\n\t\t\t\t<div class=\"col-inner\"  >\n\t\t\t\n\t\t\t\n\n\n  <div class=\"banner has-hover shadow-section\" id=\"banner-1759838073\">\n          <div class=\"banner-inner fill\">\n        <div class=\"banner-bg fill\" >\n                                                \n                    <\/div>\n\t\t\n        <div class=\"banner-layers container\">\n            <div class=\"fill banner-link\"><\/div>            \n\n   <div id=\"text-box-167353884\" class=\"text-box banner-layer x50 md-x50 lg-x50 y50 md-y50 lg-y50 res-text\">\n                                <div class=\"text-box-content text \">\n              \n              <div class=\"text-inner text-center\">\n                  \n\n\t<div class=\"img has-hover x md-x lg-x y md-y lg-y\" id=\"image_65106524\">\n\t\t\t\t\t\t\t\t<div class=\"img-inner dark\" >\n\t\t\t<img loading=\"lazy\" decoding=\"async\" width=\"1020\" height=\"196\" src=\"https:\/\/www.autogrind.se\/wp-content\/uploads\/2020\/08\/autogrind-transparent-1024x197.png\" class=\"attachment-large size-large\" alt=\"\" srcset=\"https:\/\/www.autogrind.se\/wp-content\/uploads\/2020\/08\/autogrind-transparent-1024x197.png 1024w, https:\/\/www.autogrind.se\/wp-content\/uploads\/2020\/08\/autogrind-transparent-600x115.png 600w, https:\/\/www.autogrind.se\/wp-content\/uploads\/2020\/08\/autogrind-transparent-300x58.png 300w, https:\/\/www.autogrind.se\/wp-content\/uploads\/2020\/08\/autogrind-transparent-768x148.png 768w, https:\/\/www.autogrind.se\/wp-content\/uploads\/2020\/08\/autogrind-transparent.avif 1143w\" sizes=\"auto, (max-width: 1020px) 100vw, 1020px\" \/>\t\t\t\t\t\t\n\t\t\t\t\t<\/div>\n\t\t\t\t\t\t\t\t\n<style>\n#image_65106524 {\n  width: 100%;\n}\n<\/style>\n\t<\/div>\n\t\n\n<h3>Telefon: <a href=\"tel:0197617483\">019-761 74 83<\/a><\/h3>\n<h3>E-post: <a href=\"mailto:info@autogrind.se\">info@autogrind.se<\/a><\/h3>\n\n              <\/div>\n           <\/div>\n                            \n<style>\n#text-box-167353884 {\n  width: 60%;\n}\n#text-box-167353884 .text-box-content {\n  font-size: 100%;\n}\n<\/style>\n    <\/div>\n \n\n        <\/div>\n      <\/div>\n\n            \n<style>\n#banner-1759838073 {\n  padding-top: 500px;\n  background-color: rgb(255, 255, 255);\n}\n<\/style>\n  <\/div>\n\n\n\n\t\t<\/div>\n\t\t\t\t\t<\/div>\n\n\t\n\n\t<div id=\"col-555942986\" class=\"col medium-6 small-12 large-6\"  >\n\t\t\t\t<div class=\"col-inner\"  >\n\t\t\t\n\t\t\t\n\n<div class=\"forminator-ui forminator-custom-form forminator-custom-form-6277 forminator-design--flat forminator-enclosed forminator_ajax\" data-forminator-render=\"0\" data-form=\"forminator-module-6277\" data-uid=\"69fed1202585b\"><br\/><\/div><form\n\t\t\t\tid=\"forminator-module-6277\"\n\t\t\t\tclass=\"forminator-ui forminator-custom-form forminator-custom-form-6277 forminator-design--flat forminator-enclosed forminator_ajax\"\n\t\t\t\tmethod=\"post\"\n\t\t\t\tdata-forminator-render=\"0\"\n\t\t\t\tdata-form-id=\"6277\"\n\t\t\t\t data-color-option=\"default\" data-design=\"flat\" data-grid=\"enclosed\" style=\"display: none;\"\n\t\t\t\tdata-uid=\"69fed1202585b\"\n\t\t\t><div role=\"alert\" aria-live=\"polite\" class=\"forminator-response-message forminator-error\" aria-hidden=\"true\"><\/div><div class=\"forminator-row\"><div id=\"name-1\" class=\"forminator-field-name forminator-col forminator-col-12 \"><div class=\"forminator-field\"><label for=\"forminator-field-name-1_69fed1202585b\" id=\"forminator-field-name-1_69fed1202585b-label\" class=\"forminator-label\">Navnet ditt (obligatorisk) <span class=\"forminator-required\">*<\/span><\/label><input type=\"text\" name=\"name-1\" value=\"\" placeholder=\"\" id=\"forminator-field-name-1_69fed1202585b\" class=\"forminator-input forminator-name--field\" aria-required=\"true\" autocomplete=\"name\" \/><\/div><\/div><\/div><div class=\"forminator-row\"><div id=\"email-1\" class=\"forminator-field-email forminator-col forminator-col-6 \"><div class=\"forminator-field\"><label for=\"forminator-field-email-1_69fed1202585b\" id=\"forminator-field-email-1_69fed1202585b-label\" class=\"forminator-label\">Din e-post (obligatorisk) <span class=\"forminator-required\">*<\/span><\/label><input type=\"email\" name=\"email-1\" value=\"\" placeholder=\"\" id=\"forminator-field-email-1_69fed1202585b\" class=\"forminator-input forminator-email--field\" data-required=\"1\" aria-required=\"true\" autocomplete=\"email\" \/><\/div><\/div><div id=\"phone-1\" class=\"forminator-field-phone forminator-col forminator-col-6 \"><div class=\"forminator-field\"><label for=\"forminator-field-phone-1_69fed1202585b\" id=\"forminator-field-phone-1_69fed1202585b-label\" class=\"forminator-label\">Telefonnummer<\/label><input type=\"text\" name=\"phone-1\" value=\"\" placeholder=\"\" id=\"forminator-field-phone-1_69fed1202585b\" class=\"forminator-input forminator-field--phone\" data-required=\"\" aria-required=\"false\" autocomplete=\"off\" \/><\/div><\/div><\/div><div class=\"forminator-row\"><div id=\"textarea-1\" class=\"forminator-field-textarea forminator-col forminator-col-12 \"><div class=\"forminator-field\"><label for=\"forminator-field-textarea-1_69fed1202585b\" id=\"forminator-field-textarea-1_69fed1202585b-label\" class=\"forminator-label\">Ditt meddelande<\/label><textarea name=\"textarea-1\" placeholder=\"\" id=\"forminator-field-textarea-1_69fed1202585b\" class=\"forminator-textarea\" rows=\"6\" style=\"--forminator-textarea-min-height:140px;\" ><\/textarea><\/div><\/div><\/div><div class=\"forminator-row\" style=\"margin: 0;\"><div id=\"captcha-1\" class=\"forminator-field-captcha  forminator-col-12 \"><div class=\"forminator-captcha-left forminator-g-recaptcha recaptcha-invisible\" data-theme=\"light\" data-badge=\"bottomleft\" data-sitekey=\"6Lc9dGggAAAAAHLyqza8H84J_PJNJMryDkQV58pI\" data-size=\"invisible\"><\/div> <\/div><\/div><input type=\"hidden\" name=\"referer_url\" value=\"\" \/><div class=\"forminator-row forminator-row-last\"><div class=\"forminator-col\"><div class=\"forminator-field\"><button class=\"forminator-button forminator-button-submit\">Skicka<\/button><\/div><\/div><\/div><input type=\"hidden\" id=\"forminator_nonce\" name=\"forminator_nonce\" value=\"a55636b38e\" \/><input type=\"hidden\" name=\"_wp_http_referer\" value=\"\/no\/wp-json\/wp\/v2\/pages\/5999\" \/><input type=\"hidden\" name=\"form_id\" value=\"6277\"><input type=\"hidden\" name=\"page_id\" value=\"5999\"><input type=\"hidden\" name=\"form_type\" value=\"default\"><input type=\"hidden\" name=\"current_url\" value=\"https:\/\/www.autogrind.se\/no\/kontakt-oss\/\"><input type=\"hidden\" name=\"render_id\" value=\"0\"><input type=\"hidden\" name=\"action\" value=\"forminator_submit_form_custom-forms\"><\/form><\/p>\n\n\n\t\t<\/div>\n\t\t\t\t\t<\/div>\n\n\t\n\n<\/div>\n\n\t\t<\/div>\n\n\t\t\n<style>\n#section_1517430161 {\n  padding-top: 30px;\n  padding-bottom: 30px;\n}\n<\/style>\n\t<\/section>\n\t\n\n","protected":false},"excerpt":{"rendered":"","protected":false},"author":1,"featured_media":0,"parent":0,"menu_order":20,"comment_status":"closed","ping_status":"closed","template":"page-blank.php","meta":{"footnotes":""},"class_list":["post-5999","page","type-page","status-publish","hentry"],"_links":{"self":[{"href":"https:\/\/www.autogrind.se\/no\/wp-json\/wp\/v2\/pages\/5999","targetHints":{"allow":["GET"]}}],"collection":[{"href":"https:\/\/www.autogrind.se\/no\/wp-json\/wp\/v2\/pages"}],"about":[{"href":"https:\/\/www.autogrind.se\/no\/wp-json\/wp\/v2\/types\/page"}],"author":[{"embeddable":true,"href":"https:\/\/www.autogrind.se\/no\/wp-json\/wp\/v2\/users\/1"}],"replies":[{"embeddable":true,"href":"https:\/\/www.autogrind.se\/no\/wp-json\/wp\/v2\/comments?post=5999"}],"version-history":[{"count":0,"href":"https:\/\/www.autogrind.se\/no\/wp-json\/wp\/v2\/pages\/5999\/revisions"}],"wp:attachment":[{"href":"https:\/\/www.autogrind.se\/no\/wp-json\/wp\/v2\/media?parent=5999"}],"curies":[{"name":"wp","href":"https:\/\/api.w.org\/{rel}","templated":true}]}}