{"id":5990,"date":"2017-03-28T12:21:53","date_gmt":"2017-03-28T10:21:53","guid":{"rendered":"https:\/\/www.autogrind.se\/kjopsbetingelser\/"},"modified":"2023-11-03T16:05:19","modified_gmt":"2023-11-03T15:05:19","slug":"kjopsbetingelser","status":"publish","type":"page","link":"https:\/\/www.autogrind.se\/no\/kjopsbetingelser\/","title":{"rendered":"Kj\u00f8psbetingelser"},"content":{"rendered":"\n  <div id=\"page-header-42952428\" class=\"page-header-wrapper\">\n  <div class=\"page-title dark simple-title\">\n\n        <div class=\"page-title-bg\">\n      <div class=\"title-bg fill bg-fill\"\n        data-parallax-container=\".page-title\"\n        data-parallax-background\n        data-parallax=\"-\">\n      <\/div>\n      <div class=\"title-overlay fill\"><\/div>\n    <\/div>\n    \n    <div class=\"page-title-inner container align-center text-center flex-row-col medium-flex-wrap\" >\n              <div class=\"title-wrapper flex-col\">\n          <h1 class=\"entry-title mb-0\">\n            Kj\u00f8psbetingelser          <\/h1>\n        <\/div>\n                    <div class=\"title-content flex-col\">\n        <div class=\"title-breadcrumbs pb-half pt-half\"><nav class=\"woocommerce-breadcrumb breadcrumbs uppercase\" aria-label=\"Breadcrumb\">Hjem<\/nav><\/div>      <\/div>\n    <\/div>\n\n     \n<style>\n#page-header-42952428 .page-title-inner {\n  min-height: 300px;\n}\n#page-header-42952428 {\n  background-color: rgb(0, 67, 125);\n}\n<\/style>\n  <\/div>\n    <\/div>\n  \n\n\n\t<section class=\"section\" id=\"section_1522615532\">\n\t\t<div class=\"section-bg fill\" >\n\t\t\t\t\t\t\t\t\t\n\t\t\t\n\n\t\t<\/div>\n\n\t\t\n\n\t\t<div class=\"section-content relative\">\n\t\t\t\n\n<div class=\"row\"  id=\"row-1202095884\">\n\n\n\t<div id=\"col-355916952\" class=\"col small-12 large-12\"  >\n\t\t\t\t<div class=\"col-inner\"  >\n\t\t\t\n\t\t\t\n\n<div class=\"container section-title-container\" ><h1 class=\"section-title section-title-center\"><b aria-hidden=\"true\"><\/b><span class=\"section-title-main\" >Kj\u00f8psbetingelser<\/span><b aria-hidden=\"true\"><\/b><\/h1><\/div>\n\n\n\t\t<\/div>\n\t\t\t\t\t<\/div>\n\n\t\n\n<\/div>\n<div class=\"row\"  id=\"row-1045720068\">\n\n\n\t<div id=\"col-1648979596\" class=\"col medium-8 small-12 large-8\"  >\n\t\t\t\t<div class=\"col-inner\"  >\n\t\t\t\n\t\t\t\n\n<div class=\"accordion\">\n\n\t<div id=\"accordion-2727655954\" class=\"accordion-item\">\n\t\t<a id=\"accordion-2727655954-label\" class=\"accordion-title plain\" href=\"#accordion-item-priser-og-betaling\" aria-expanded=\"false\" aria-controls=\"accordion-2727655954-content\">\n\t\t\t<button class=\"toggle\" aria-label=\"Toggle\"><i class=\"icon-angle-down\" aria-hidden=\"true\"><\/i><\/button>\n\t\t\t<span>Priser og betaling<\/span>\n\t\t<\/a>\n\t\t<div id=\"accordion-2727655954-content\" class=\"accordion-inner\" aria-labelledby=\"accordion-2727655954-label\">\n\t\t\t\n\n<p>Prisene er oppgitt inkludert mva, i svenske kroner (SEK). Prisene gjelder inntil videre, med unntak av tidsbegrensede kampanjepriser. Vi forbeholder oss retten for eventuelle un\u00f8yaktigheter i priser og annen informasjon. Ved \u00e5penbart feil prising forbeholder vi oss retten til \u00e5 heve kj\u00f8pet. I handlekurven kan du se totalprisen inkludert alle gebyrer, mva, frakt og betaling. Betalingsbetingelser er angitt i handlekurven avhengig av valgt betalingsm\u00e5te. Fraktbetingelser er spesifisert i handlekurven avhengig av valgt fraktmetode.<\/p>\n\n\t\t<\/div>\n\t<\/div>\n\t\n\t<div id=\"accordion-3225983302\" class=\"accordion-item\">\n\t\t<a id=\"accordion-3225983302-label\" class=\"accordion-title plain\" href=\"#accordion-item-garantier-og-service\" aria-expanded=\"false\" aria-controls=\"accordion-3225983302-content\">\n\t\t\t<button class=\"toggle\" aria-label=\"Toggle\"><i class=\"icon-angle-down\" aria-hidden=\"true\"><\/i><\/button>\n\t\t\t<span>Garantier og service<\/span>\n\t\t<\/a>\n\t\t<div id=\"accordion-3225983302-content\" class=\"accordion-inner\" aria-labelledby=\"accordion-3225983302-label\">\n\t\t\t\n\n<p>Produktgarantien gjelder i 2 \u00e5r for privatpersoner og bedrifter, med mindre annet er oppgitt. Garantien dekker material- og produksjonsfeil, men ikke normal slitasje. Garantien gjelder heller ikke dersom produktet ble installert feil eller av uautorisert personell. Ved tvist f\u00f8lger vi ARNs vedtak.<\/p>\n\n\t\t<\/div>\n\t<\/div>\n\t\n\t<div id=\"accordion-189425755\" class=\"accordion-item\">\n\t\t<a id=\"accordion-189425755-label\" class=\"accordion-title plain\" href=\"#accordion-item-personvernerkl\u00e6ring\" aria-expanded=\"false\" aria-controls=\"accordion-189425755-content\">\n\t\t\t<button class=\"toggle\" aria-label=\"Toggle\"><i class=\"icon-angle-down\" aria-hidden=\"true\"><\/i><\/button>\n\t\t\t<span>Personvernerkl\u00e6ring<\/span>\n\t\t<\/a>\n\t\t<div id=\"accordion-189425755-content\" class=\"accordion-inner\" aria-labelledby=\"accordion-189425755-label\">\n\t\t\t\n\n<p><a href=\"https:\/\/www.autogrind.se\/no\/personvernerklaering\/\">Her finner du v\u00e5r personvernerkl\u00e6ring<\/a><\/p>\n\n\t\t<\/div>\n\t<\/div>\n\t\n\t<div id=\"accordion-1487406486\" class=\"accordion-item\">\n\t\t<a id=\"accordion-1487406486-label\" class=\"accordion-title plain\" href=\"#accordion-item-informasjonskapsler\" aria-expanded=\"false\" aria-controls=\"accordion-1487406486-content\">\n\t\t\t<button class=\"toggle\" aria-label=\"Toggle\"><i class=\"icon-angle-down\" aria-hidden=\"true\"><\/i><\/button>\n\t\t\t<span>Informasjonskapsler<\/span>\n\t\t<\/a>\n\t\t<div id=\"accordion-1487406486-content\" class=\"accordion-inner\" aria-labelledby=\"accordion-1487406486-label\">\n\t\t\t\n\n<p><a href=\"https:\/\/www.autogrind.se\/no\/informasjonskapsler\/\">Her finner du informasjon og kan administrere innstillinger ang\u00e5ende informasjonskapsler<\/a><\/p>\n\n\t\t<\/div>\n\t<\/div>\n\t\n\t<div id=\"accordion-4150546729\" class=\"accordion-item\">\n\t\t<a id=\"accordion-4150546729-label\" class=\"accordion-title plain\" href=\"#accordion-item-leveranser\" aria-expanded=\"false\" aria-controls=\"accordion-4150546729-content\">\n\t\t\t<button class=\"toggle\" aria-label=\"Toggle\"><i class=\"icon-angle-down\" aria-hidden=\"true\"><\/i><\/button>\n\t\t\t<span>Leveranser<\/span>\n\t\t<\/a>\n\t\t<div id=\"accordion-4150546729-content\" class=\"accordion-inner\" aria-labelledby=\"accordion-4150546729-label\">\n\t\t\t\n\n<p>Leveringstiden er spesifisert i handlekurven under respektive fraktm\u00e5te. Dersom en vare har en annen leveringstid, er det angitt ved siden av den respektive varen. Varene som er p\u00e5 lager sendes fra oss innen 3 dager. Hvis en bestilt vare er utsolgt, vil vi kontakte deg med et nytt leveringsvarsel. Vi sender ikke bestillingen f\u00f8r den er komplett uten \u00e5 informere deg. Hvis en vare er utsolgt og bestillingen sendes med delt frakt, st\u00e5r vi for den ekstra frakten.<\/p>\n<p>Autogrind.se sender varer med DHL, Posten, Schenker og andre transport\u00f8rer under de beste forhold. Kunden er ansvarlig for kontakt med transport\u00f8r, og m\u00e5 v\u00e6re tilstede til avtalt leveringstid. Ellers belaster rederiet en kostnad for returtransport og ny levering, som vi fakturerer kunden. Kunden yter n\u00f8dvendig assistanse ved lossing av varer.<\/p>\n<p>For uutgitt og returnert&nbsp; varer belastes faktiske fraktkostnader. Kunden er ansvarlig for at adresse og andre kontaktopplysninger er korrekte.<\/p>\n\n\n\t\t<\/div>\n\t<\/div>\n\t\n\t<div id=\"accordion-216985111\" class=\"accordion-item\">\n\t\t<a id=\"accordion-216985111-label\" class=\"accordion-title plain\" href=\"#accordion-item-returnerer\" aria-expanded=\"false\" aria-controls=\"accordion-216985111-content\">\n\t\t\t<button class=\"toggle\" aria-label=\"Toggle\"><i class=\"icon-angle-down\" aria-hidden=\"true\"><\/i><\/button>\n\t\t\t<span>Returnerer<\/span>\n\t\t<\/a>\n\t\t<div id=\"accordion-216985111-content\" class=\"accordion-inner\" aria-labelledby=\"accordion-216985111-label\">\n\t\t\t\n\n<p>Som privatperson har du i henhold til fjern- og boligsalgsloven 14 dagers \u00e5pent kj\u00f8p og returrett n\u00e5r du kj\u00f8per varer. Angreretten begynner \u00e5 gjelde s\u00e5 snart du som kunde har mottatt varene.<\/p>\n<p>V\u00e6r oppmerksom p\u00e5 at dette ikke gjelder dersom produktet er brukt\/installert, har synlige merker, originalemballasje mangler eller for&nbsp; spesialbestillinger som skreddersydde produkter som bestilles spesielt for deg. Ved en kansellert bestilling hvor varen(e) allerede er sendt fra v\u00e5rt lager, vil du som kunde bli belastet med gjeldende kostnad for frakt og returfrakt<\/p>\n<p>Retur er for egen regning, bortsett fra hvis varen er defekt eller hvis vi har pakket den feil. Retur skal sendes som brev eller pakke, ikke etterkrav. Ved bytte betaler vi ny frakt fra oss til deg.<\/p>\n<p>Inspiser varene n\u00f8ye ved lossing f\u00f8r levering kvitteres. Hvis varene er skadet, m\u00e5 du be transport\u00f8ren ta dem tilbake. Kontakt oss s\u00e5 sender vi nye varer.<\/p>\n<p>Mindre skader og\/eller skader p\u00e5 emballasje skal ogs\u00e5 noteres ved mottak. Rapporter alle skader til oss innen 5 virkedager for at vi kan erstatte varene.<\/p>\n<p>Hvis du mottok et feil produkt i leveransen, vennligst kontakt oss s\u00e5 snart som mulig. Vi sender deg en ny vare gratis og s\u00f8rger for at feil vare hentes.<\/p>\n<p>Vennligst kontakt oss for instruksjoner f\u00f8r du returnerer en vare. P\u00e5 denne m\u00e5ten \u00f8ker vi leveringssikkerheten og kan gi deg som kunde en smidigere prosess med lave kostnader. Varer som returneres skal v\u00e6re godt innpakket og i originalemballasje, og du som kunde er ansvarlig i tilfeller hvor varen er skadet eller tapt f\u00f8r vi har mottatt forsendelsen. V\u00e6r oppmerksom p\u00e5 at vi IKKE aksepterer returer som ikke er avtalt. Forsendelser som sendes tilbake feilaktig belastes med en h\u00e5ndteringskostnad p\u00e5 350 SEK.<\/p>\n\n\t\t<\/div>\n\t<\/div>\n\t\n\t<div id=\"accordion-2196986083\" class=\"accordion-item\">\n\t\t<a id=\"accordion-2196986083-label\" class=\"accordion-title plain\" aria-expanded=\"false\" aria-controls=\"accordion-2196986083-content\">\n\t\t\t<button class=\"toggle\" aria-label=\"Toggle\"><i class=\"icon-angle-down\" aria-hidden=\"true\"><\/i><\/button>\n\t\t\t<span>Tilbakebetalingsplikt:<\/span>\n\t\t<\/a>\n\t\t<div id=\"accordion-2196986083-content\" class=\"accordion-inner\" aria-labelledby=\"accordion-2196986083-label\">\n\t\t\t\n\n<p>Hvis du har benyttet deg av angreretten, skal vi refundere det du har betalt for produktet s\u00e5 snart som mulig eller senest innen 30 dager fra den dagen vi mottok produktet eller meldingen om at du har kansellert.<\/p>\n<p>Ved eventuelle produktfeil skal vi umiddelbart erstatte kunden med et tilsvarende produkt. Ved feil p\u00e5 v\u00e5re produkter refunderer vi ikke eventuelle kostnader som m\u00e5tte oppst\u00e5 for kunden n\u00e5r det gjelder installasjon, tilkobling, forsinkelser eller lignende.<\/p>\n<p>Se ogs\u00e5 det svenske konsumentverket og distansavtaleloven, samt EUs felles tvistel\u00f8sningsside&nbsp; <a href=\"http:\/\/ec.europa.eu\/odr\" target=\"_blank\" rel=\"noopener noreferrer\">http:\/\/ec.europa.eu\/odr<\/a> .<\/p>\n\n\t\t<\/div>\n\t<\/div>\n\t\n\t<div id=\"accordion-1658844345\" class=\"accordion-item\">\n\t\t<a id=\"accordion-1658844345-label\" class=\"accordion-title plain\" aria-expanded=\"false\" aria-controls=\"accordion-1658844345-content\">\n\t\t\t<button class=\"toggle\" aria-label=\"Toggle\"><i class=\"icon-angle-down\" aria-hidden=\"true\"><\/i><\/button>\n\t\t\t<span>Annen:<\/span>\n\t\t<\/a>\n\t\t<div id=\"accordion-1658844345-content\" class=\"accordion-inner\" aria-labelledby=\"accordion-1658844345-label\">\n\t\t\t\n\n<p>Autogrind.se tar forbehold om mulige typografiske feil og endringer i tekniske data som er utenfor v\u00e5r kontroll. Vi forbeholder oss retten til \u00e5 kansellere et kj\u00f8p p\u00e5 grunn av feil prissetting. Vi er l\u00f8st fra engasjementet dersom engasjementet forhindres av force majeure. Force majeure inkluderer krig, omfattende arbeidskonflikt, blokade, brann, milj\u00f8katastrofe, alvorlig smittespredning, tilf\u00f8yd eller endret lovgivning,&nbsp; eller andre forhold utenfor v\u00e5r kontroll som hindrer oss i \u00e5 oppfylle v\u00e5re forpliktelser i henhold til disse leveringsvilk\u00e5rene.&nbsp;Force majeure omfatter ogs\u00e5 beslutninger fra myndigheter som p\u00e5virker markedet og produktene negativt, for eksempel restriksjoner, advarsler, salgsforbud mv.<\/p>\n\n\t\t<\/div>\n\t<\/div>\n\t\n\n<\/div>\n\n\t\t<\/div>\n\t\t\t\t\t<\/div>\n\n\t\n\n\t<div id=\"col-568591071\" class=\"col medium-4 small-12 large-4\"  >\n\t\t\t\t<div class=\"col-inner\"  >\n\t\t\t\n\t\t\t\n\n<ul class=\"sidebar-wrapper ul-reset\"><aside id=\"nav_menu-5\" class=\"widget widget_nav_menu\"><span class=\"widget-title \"><span>Viktiga sidor<\/span><\/span><div class=\"is-divider small\"><\/div><div class=\"menu-footer-meny-1-norskt-bokmal-container\"><ul id=\"menu-footer-meny-1-norskt-bokmal\" class=\"menu\"><li id=\"menu-item-6058\" class=\"menu-item menu-item-type-post_type menu-item-object-page menu-item-6058\"><a href=\"https:\/\/www.autogrind.se\/no\/om-oss\/\">Om oss<\/a><\/li>\n<li id=\"menu-item-6059\" class=\"menu-item menu-item-type-post_type menu-item-object-page menu-item-6059\"><a href=\"https:\/\/www.autogrind.se\/no\/vanlige-sporsmal\/\">vanlige sp\u00f8rsm\u00e5l<\/a><\/li>\n<li id=\"menu-item-6060\" class=\"menu-item menu-item-type-post_type menu-item-object-page menu-item-6060\"><a href=\"https:\/\/www.autogrind.se\/no\/bedriftskunde\/\">Bedriftskunde<\/a><\/li>\n<li id=\"menu-item-6061\" class=\"menu-item menu-item-type-post_type menu-item-object-page menu-item-6061\"><a href=\"https:\/\/www.autogrind.se\/no\/leveringsbetingelser\/\">Leveringsbetingelser<\/a><\/li>\n<li id=\"menu-item-6062\" class=\"menu-item menu-item-type-post_type menu-item-object-page menu-item-6062\"><a href=\"https:\/\/www.autogrind.se\/no\/kjopsbetingelser\/\">Kj\u00f8psbetingelser<\/a><\/li>\n<li id=\"menu-item-6063\" class=\"menu-item menu-item-type-post_type menu-item-object-page menu-item-6063\"><a href=\"https:\/\/www.autogrind.se\/no\/informasjonskapsler\/\">Informasjonskapsler<\/a><\/li>\n<li id=\"menu-item-6064\" class=\"menu-item menu-item-type-post_type menu-item-object-page menu-item-6064\"><a href=\"https:\/\/www.autogrind.se\/no\/personvernerklaering\/\">Personvernerkl\u00e6ring<\/a><\/li>\n<li id=\"menu-item-6065\" class=\"menu-item menu-item-type-post_type menu-item-object-page menu-item-6065\"><a href=\"https:\/\/www.autogrind.se\/no\/tilbud-monteringshjelp\/\">Tilbud &amp; monteringshjelp<\/a><\/li>\n<\/ul><\/div><\/aside><aside id=\"text-2\" class=\"widget widget_text\">\t\t\t<div class=\"textwidget\"><\/div>\n\t\t<\/aside><\/ul>\n\n\n\t\t<\/div>\n\t\t\t\t\t<\/div>\n\n\t\n\n<\/div>\n\n\t\t<\/div>\n\n\t\t\n<style>\n#section_1522615532 {\n  padding-top: 30px;\n  padding-bottom: 30px;\n}\n<\/style>\n\t<\/section>\n\t\n\n","protected":false},"excerpt":{"rendered":"","protected":false},"author":1,"featured_media":0,"parent":0,"menu_order":0,"comment_status":"closed","ping_status":"closed","template":"page-blank.php","meta":{"footnotes":""},"class_list":["post-5990","page","type-page","status-publish","hentry"],"_links":{"self":[{"href":"https:\/\/www.autogrind.se\/no\/wp-json\/wp\/v2\/pages\/5990","targetHints":{"allow":["GET"]}}],"collection":[{"href":"https:\/\/www.autogrind.se\/no\/wp-json\/wp\/v2\/pages"}],"about":[{"href":"https:\/\/www.autogrind.se\/no\/wp-json\/wp\/v2\/types\/page"}],"author":[{"embeddable":true,"href":"https:\/\/www.autogrind.se\/no\/wp-json\/wp\/v2\/users\/1"}],"replies":[{"embeddable":true,"href":"https:\/\/www.autogrind.se\/no\/wp-json\/wp\/v2\/comments?post=5990"}],"version-history":[{"count":0,"href":"https:\/\/www.autogrind.se\/no\/wp-json\/wp\/v2\/pages\/5990\/revisions"}],"wp:attachment":[{"href":"https:\/\/www.autogrind.se\/no\/wp-json\/wp\/v2\/media?parent=5990"}],"curies":[{"name":"wp","href":"https:\/\/api.w.org\/{rel}","templated":true}]}}