{"id":5959,"date":"2018-05-09T13:00:34","date_gmt":"2018-05-09T11:00:34","guid":{"rendered":"https:\/\/www.autogrind.se\/informasjonskapsler\/"},"modified":"2022-10-21T14:36:58","modified_gmt":"2022-10-21T12:36:58","slug":"informasjonskapsler","status":"publish","type":"page","link":"https:\/\/www.autogrind.se\/no\/informasjonskapsler\/","title":{"rendered":"Informasjonskapsler"},"content":{"rendered":"\n  <div id=\"page-header-1122859008\" class=\"page-header-wrapper\">\n  <div class=\"page-title dark simple-title\">\n\n        <div class=\"page-title-bg\">\n      <div class=\"title-bg fill bg-fill\"\n        data-parallax-container=\".page-title\"\n        data-parallax-background\n        data-parallax=\"-\">\n      <\/div>\n      <div class=\"title-overlay fill\"><\/div>\n    <\/div>\n    \n    <div class=\"page-title-inner container align-center text-center flex-row-col medium-flex-wrap\" >\n              <div class=\"title-wrapper flex-col\">\n          <h1 class=\"entry-title mb-0\">\n            Informasjonskapsler          <\/h1>\n        <\/div>\n                    <div class=\"title-content flex-col\">\n        <div class=\"title-breadcrumbs pb-half pt-half\"><nav class=\"woocommerce-breadcrumb breadcrumbs uppercase\" aria-label=\"Breadcrumb\">Hjem<\/nav><\/div>      <\/div>\n    <\/div>\n\n     \n<style>\n#page-header-1122859008 .page-title-inner {\n  min-height: 300px;\n}\n#page-header-1122859008 {\n  background-color: rgb(0, 67, 125);\n}\n<\/style>\n  <\/div>\n    <\/div>\n  \n\n\n\t<section class=\"section\" id=\"section_204095309\">\n\t\t<div class=\"section-bg fill\" >\n\t\t\t\t\t\t\t\t\t\n\t\t\t\n\n\t\t<\/div>\n\n\t\t\n\n\t\t<div class=\"section-content relative\">\n\t\t\t\n\n<div class=\"row\"  id=\"row-283754445\">\n\n\n\t<div id=\"col-738979380\" class=\"col medium-8 small-12 large-8\"  >\n\t\t\t\t<div class=\"col-inner\"  >\n\t\t\t\n\t\t\t\n\n<h3 class=\"CookieDeclarationDialogText\">Denne nettsiden bruker informasjonskapsler.<\/h3>\n<p>Vi bruker enhetsidentifikatorer for \u00e5 skreddersy innhold og annonser til brukere, tilby funksjoner for sosiale medier og analysere trafikken v\u00e5r. Vi videresender ogs\u00e5 slike identifikatorer og annen informasjon fra enheten din til sosiale medier og reklame- og analyseselskaper som vi samarbeider med. Disse kan p\u00e5 sin side kombinere informasjonen med annen informasjon som du har gitt eller som de har samlet inn n\u00e5r du har brukt tjenestene deres. Du godtar v\u00e5re informasjonskapsler ved \u00e5 fortsette \u00e5 bruke nettstedet v\u00e5rt.<\/p>\n<p>Informasjonskapsler er sm\u00e5 tekstfiler som kan brukes av nettsteder for \u00e5 gj\u00f8re brukeropplevelsen mer effektiv.<\/p>\n<p>Loven sier at vi kan lagre informasjonskapsler p\u00e5 enheten din hvis de er absolutt n\u00f8dvendige for \u00e5 bruke denne nettsiden. For alle andre form\u00e5l kreves ditt samtykke.<\/p>\n<p>Denne nettsiden bruker forskjellige typer informasjonskapsler. Noen informasjonskapsler plasseres av tredjepartstjenester som vises p\u00e5 sidene v\u00e5re.<\/p>\n<p>Du kan endre eller trekke tilbake ditt samtykke til informasjonskapselerkl\u00e6ringen p\u00e5 nettstedet v\u00e5rt.<\/p>\n<p>Les mer i v\u00e5r <a href=\"https:\/\/www.autogrind.se\/no\/personvernerklaering\/\">personvernerkl\u00e6ring<\/a> om hvem vi er, hvordan du kontakter oss og hvordan vi behandler personopplysninger.<\/p>\n<div id=\"CookieDeclarationUserStatusPanel\" data-responsemode=\"inlineoptin\" data-dialogtemplate=\"bottom_white\">\n<div id=\"CookieDeclarationUserStatusLabel\"> <\/div>\n<\/div>\n<hr>\n<div class=\"CookieDeclarationType\" dir=\"ltr\" lang=\"sv\">\n<p class=\"CookieDeclarationTypeHeader\">N\u00f8dvendig (4)<\/p>\n<p class=\"CookieDeclarationTypeDescription\">N\u00f8dvendige informasjonskapsler lar deg bruke nettstedet ved \u00e5 aktivere grunnleggende funksjoner, for eksempel sidenavigasjon og tilgang til sikre omr\u00e5der p\u00e5 nettstedet. Nettstedet vil ikke fungere som det skal uten disse informasjonskapslene.<\/p>\n<p><a href=\"https:\/\/www.autogrind.se\/wp-content\/uploads\/2020\/09\/cookie-tabell-1.png\"><img loading=\"lazy\" decoding=\"async\" class=\"alignnone wp-image-3747 size-full\" src=\"https:\/\/www.autogrind.se\/wp-content\/uploads\/2020\/09\/cookie-tabell-1.png\" alt=\"\" width=\"900\" height=\"180\"><\/a><\/p>\n<\/div>\n<div class=\"CookieDeclarationType\" dir=\"ltr\" lang=\"sv\">\n<p class=\"CookieDeclarationTypeHeader\">Statistikk (1)<\/p>\n<p class=\"CookieDeclarationTypeDescription\">Statistikkinformasjonskapsler hjelper en nettstedeier \u00e5 forst\u00e5 hvordan bes\u00f8kende samhandler med nettsteder ved \u00e5 samle inn og rapportere informasjon anonymt.<\/p>\n<p><a href=\"https:\/\/www.autogrind.se\/wp-content\/uploads\/2020\/09\/cookie-tabell-2.png\"><img loading=\"lazy\" decoding=\"async\" class=\"alignnone wp-image-3748 size-full\" src=\"https:\/\/www.autogrind.se\/wp-content\/uploads\/2020\/09\/cookie-tabell-2.png\" alt=\"\" width=\"900\" height=\"81\"><\/a><\/p>\n<\/div>\n<div class=\"CookieDeclarationType\" dir=\"ltr\" lang=\"sv\">\n<p class=\"CookieDeclarationTypeHeader\">Uklassifisert (3)<\/p>\n<p class=\"CookieDeclarationTypeDescription\">Uklassifiserte informasjonskapsler er informasjonskapsler som klassifiseres sammen med utstedere av individuelle informasjonskapsler.<\/p>\n<p><a href=\"https:\/\/www.autogrind.se\/wp-content\/uploads\/2020\/09\/cookie-tabell-3.png\"><img loading=\"lazy\" decoding=\"async\" class=\"alignnone wp-image-3749 size-full\" src=\"https:\/\/www.autogrind.se\/wp-content\/uploads\/2020\/09\/cookie-tabell-3.png\" alt=\"\" width=\"900\" height=\"168\"><\/a><\/p>\n<\/div>\n\n\t\t<\/div>\n\t\t\t\t\t<\/div>\n\n\t\n\n\t<div id=\"col-516044614\" class=\"col medium-4 small-12 large-4\"  >\n\t\t\t\t<div class=\"col-inner\"  >\n\t\t\t\n\t\t\t\n\n<ul class=\"sidebar-wrapper ul-reset\"><aside id=\"nav_menu-5\" class=\"widget widget_nav_menu\"><span class=\"widget-title \"><span>Viktiga sidor<\/span><\/span><div class=\"is-divider small\"><\/div><div class=\"menu-footer-meny-1-norskt-bokmal-container\"><ul id=\"menu-footer-meny-1-norskt-bokmal\" class=\"menu\"><li id=\"menu-item-6058\" class=\"menu-item menu-item-type-post_type menu-item-object-page menu-item-6058\"><a href=\"https:\/\/www.autogrind.se\/no\/om-oss\/\">Om oss<\/a><\/li>\n<li id=\"menu-item-6059\" class=\"menu-item menu-item-type-post_type menu-item-object-page menu-item-6059\"><a href=\"https:\/\/www.autogrind.se\/no\/vanlige-sporsmal\/\">vanlige sp\u00f8rsm\u00e5l<\/a><\/li>\n<li id=\"menu-item-6060\" class=\"menu-item menu-item-type-post_type menu-item-object-page menu-item-6060\"><a href=\"https:\/\/www.autogrind.se\/no\/bedriftskunde\/\">Bedriftskunde<\/a><\/li>\n<li id=\"menu-item-6061\" class=\"menu-item menu-item-type-post_type menu-item-object-page menu-item-6061\"><a href=\"https:\/\/www.autogrind.se\/no\/leveringsbetingelser\/\">Leveringsbetingelser<\/a><\/li>\n<li id=\"menu-item-6062\" class=\"menu-item menu-item-type-post_type menu-item-object-page menu-item-6062\"><a href=\"https:\/\/www.autogrind.se\/no\/kjopsbetingelser\/\">Kj\u00f8psbetingelser<\/a><\/li>\n<li id=\"menu-item-6063\" class=\"menu-item menu-item-type-post_type menu-item-object-page menu-item-6063\"><a href=\"https:\/\/www.autogrind.se\/no\/informasjonskapsler\/\">Informasjonskapsler<\/a><\/li>\n<li id=\"menu-item-6064\" class=\"menu-item menu-item-type-post_type menu-item-object-page menu-item-6064\"><a href=\"https:\/\/www.autogrind.se\/no\/personvernerklaering\/\">Personvernerkl\u00e6ring<\/a><\/li>\n<li id=\"menu-item-6065\" class=\"menu-item menu-item-type-post_type menu-item-object-page menu-item-6065\"><a href=\"https:\/\/www.autogrind.se\/no\/tilbud-monteringshjelp\/\">Tilbud &amp; monteringshjelp<\/a><\/li>\n<\/ul><\/div><\/aside><aside id=\"text-2\" class=\"widget widget_text\">\t\t\t<div class=\"textwidget\"><\/div>\n\t\t<\/aside><\/ul>\n\n\n\t\t<\/div>\n\t\t\t\t\t<\/div>\n\n\t\n\n<\/div>\n\n\t\t<\/div>\n\n\t\t\n<style>\n#section_204095309 {\n  padding-top: 30px;\n  padding-bottom: 30px;\n  background-color: rgb(255, 255, 255);\n}\n<\/style>\n\t<\/section>\n\t\n\n","protected":false},"excerpt":{"rendered":"","protected":false},"author":1,"featured_media":0,"parent":0,"menu_order":0,"comment_status":"closed","ping_status":"closed","template":"page-blank.php","meta":{"footnotes":""},"class_list":["post-5959","page","type-page","status-publish","hentry"],"_links":{"self":[{"href":"https:\/\/www.autogrind.se\/no\/wp-json\/wp\/v2\/pages\/5959","targetHints":{"allow":["GET"]}}],"collection":[{"href":"https:\/\/www.autogrind.se\/no\/wp-json\/wp\/v2\/pages"}],"about":[{"href":"https:\/\/www.autogrind.se\/no\/wp-json\/wp\/v2\/types\/page"}],"author":[{"embeddable":true,"href":"https:\/\/www.autogrind.se\/no\/wp-json\/wp\/v2\/users\/1"}],"replies":[{"embeddable":true,"href":"https:\/\/www.autogrind.se\/no\/wp-json\/wp\/v2\/comments?post=5959"}],"version-history":[{"count":0,"href":"https:\/\/www.autogrind.se\/no\/wp-json\/wp\/v2\/pages\/5959\/revisions"}],"wp:attachment":[{"href":"https:\/\/www.autogrind.se\/no\/wp-json\/wp\/v2\/media?parent=5959"}],"curies":[{"name":"wp","href":"https:\/\/api.w.org\/{rel}","templated":true}]}}