{"id":5834,"date":"2021-01-19T15:02:57","date_gmt":"2021-01-19T14:02:57","guid":{"rendered":"https:\/\/www.autogrind.se\/vanlige-sporsmal\/"},"modified":"2022-10-20T14:39:09","modified_gmt":"2022-10-20T12:39:09","slug":"vanlige-sporsmal","status":"publish","type":"page","link":"https:\/\/www.autogrind.se\/no\/vanlige-sporsmal\/","title":{"rendered":"vanlige sp\u00f8rsm\u00e5l"},"content":{"rendered":"\n  <div id=\"page-header-256551942\" class=\"page-header-wrapper\">\n  <div class=\"page-title dark simple-title\">\n\n        <div class=\"page-title-bg\">\n      <div class=\"title-bg fill bg-fill\"\n        data-parallax-container=\".page-title\"\n        data-parallax-background\n        data-parallax=\"-\">\n      <\/div>\n      <div class=\"title-overlay fill\"><\/div>\n    <\/div>\n    \n    <div class=\"page-title-inner container align-center text-center flex-row-col medium-flex-wrap\" >\n              <div class=\"title-wrapper flex-col\">\n          <h1 class=\"entry-title mb-0\">\n            vanlige sp\u00f8rsm\u00e5l          <\/h1>\n        <\/div>\n                    <div class=\"title-content flex-col\">\n        <div class=\"title-breadcrumbs pb-half pt-half\"><nav class=\"woocommerce-breadcrumb breadcrumbs uppercase\" aria-label=\"Breadcrumb\">Hjem<\/nav><\/div>      <\/div>\n    <\/div>\n\n     \n<style>\n#page-header-256551942 .page-title-inner {\n  min-height: 300px;\n}\n#page-header-256551942 {\n  background-color: rgb(0, 67, 125);\n}\n<\/style>\n  <\/div>\n    <\/div>\n  \n\n<span class=\"scroll-to\" data-label=\"Scroll to: #autoGrindmotorer\" data-bullet=\"false\" data-link=\"#autoGrindmotorer\" data-title=\"autoGrindmotorer\"><a name=\"autoGrindmotorer\"><\/a><\/span>\n\n<div class=\"row align-center\"  id=\"row-267844270\">\n\n\n\t<div id=\"col-1767831753\" class=\"col hide-for-small medium-2 small-12 large-2\"  >\n\t\t\t\t<div class=\"col-inner\"  >\n\t\t\t\n\t\t\t\n\n\n\t\t<\/div>\n\t\t\t\t\t<\/div>\n\n\t\n\n\t<div id=\"col-1578789585\" class=\"col medium-8 small-12 large-8\"  >\n\t\t\t\t<div class=\"col-inner\"  >\n\t\t\t\n\t\t\t\n\n<h2>PORTMOTORER<\/h2>\n<h3 class=\"accordion_title\">Sp\u00f8rsm\u00e5l ved kj\u00f8p<\/h3><div class=\"accordion faq-accordion\">\n\n\t<div id=\"accordion-655621481\" class=\"accordion-item\">\n\t\t<a id=\"accordion-655621481-label\" class=\"accordion-title plain\" href=\"#accordion-item-hvilken-motor-b\u00d8r-jeg-velge-for-portene-mine?\" aria-expanded=\"false\" aria-controls=\"accordion-655621481-content\">\n\t\t\t<button class=\"toggle\" aria-label=\"Toggle\"><i class=\"icon-angle-down\" aria-hidden=\"true\"><\/i><\/button>\n\t\t\t<span>HVILKEN MOTOR B\u00d8R JEG VELGE FOR PORTENE MINE?<\/span>\n\t\t<\/a>\n\t\t<div id=\"accordion-655621481-content\" class=\"accordion-inner\" aria-labelledby=\"accordion-655621481-label\">\n\t\t\t\n\n<p>Det er ikke s\u00e5 vanskelig \u00e5 velge riktig portmotor. Hvis portstolpene dine er bredere enn 300 mm x 300 mm og skal \u00e5pnes innover, anbefaler vi lenkemotoren SCARABEO <br>Hvis du har smalere innlegg, anbefaler vi:<\/p>\n<ul>\n<li>EON (rask motor som \u00e5pner p\u00e5 10 sekunder) kan h\u00e5ndtere portblader opp til 4 meter og 300 kg.<\/li>\n<li>ROTELLO for store tunge porter eller porter som er tette og hvor det er mye vind.<\/li>\n<\/ul>\n\n\t\t<\/div>\n\t<\/div>\n\t\n\t<div id=\"accordion-1462900610\" class=\"accordion-item\">\n\t\t<a id=\"accordion-1462900610-label\" class=\"accordion-title plain\" href=\"#accordion-item-kan-portene-\u00c5pne-til-utsiden?\" aria-expanded=\"false\" aria-controls=\"accordion-1462900610-content\">\n\t\t\t<button class=\"toggle\" aria-label=\"Toggle\"><i class=\"icon-angle-down\" aria-hidden=\"true\"><\/i><\/button>\n\t\t\t<span>KAN PORTENE \u00c5PNE TIL UTSIDEN?<\/span>\n\t\t<\/a>\n\t\t<div id=\"accordion-1462900610-content\" class=\"accordion-inner\" aria-labelledby=\"accordion-1462900610-label\">\n\t\t\t\n\n<p>Ja ikke noe problem!<\/p>\n<p>Skal portene \u00e5pnes utover anbefaler vi EON eller ROTELLO. Portmotorene monteres s\u00e5 p\u00e5 samme side av portstolpen der portbladet er. Den eneste ulempen er at passasjen (avstanden mellom portstolpene) blir noe smalere, da brakettene der motorene er festet strekker seg litt fra portsetet.<\/p>\n\n\t\t<\/div>\n\t<\/div>\n\t\n\t<div id=\"accordion-3017292140\" class=\"accordion-item\">\n\t\t<a id=\"accordion-3017292140-label\" class=\"accordion-title plain\" href=\"#accordion-item-hva-er-inkludert-n\u00c5r-du-kj\u00d8per-en-gate-motorpakke?\" aria-expanded=\"false\" aria-controls=\"accordion-3017292140-content\">\n\t\t\t<button class=\"toggle\" aria-label=\"Toggle\"><i class=\"icon-angle-down\" aria-hidden=\"true\"><\/i><\/button>\n\t\t\t<span>HVA ER INKLUDERT N\u00c5R DU KJ\u00d8PER EN GATE MOTORPAKKE?<\/span>\n\t\t<\/a>\n\t\t<div id=\"accordion-3017292140-content\" class=\"accordion-inner\" aria-labelledby=\"accordion-3017292140-label\">\n\t\t\t\n\n<p>Alle pakkene er komplette og inneholder det du trenger for \u00e5 installere dem. 2 portmotorer eller 1 portmotormotor ved kj\u00f8p av en enkelt port. Styreboks, braketter for \u00e5 feste motorer til b\u00e5de port og portstolpe, 2 fjernkontroller og 1 par fotoceller.<\/p>\n\n\t\t<\/div>\n\t<\/div>\n\t\n\t<div id=\"accordion-386691850\" class=\"accordion-item\">\n\t\t<a id=\"accordion-386691850-label\" class=\"accordion-title plain\" href=\"#accordion-item-kan-disse-motorene-ta-det-svenska-klimaet?\" aria-expanded=\"false\" aria-controls=\"accordion-386691850-content\">\n\t\t\t<button class=\"toggle\" aria-label=\"Toggle\"><i class=\"icon-angle-down\" aria-hidden=\"true\"><\/i><\/button>\n\t\t\t<span>KAN DISSE MOTORENE TA DET SVENSKA KLIMAET?<\/span>\n\t\t<\/a>\n\t\t<div id=\"accordion-386691850-content\" class=\"accordion-inner\" aria-labelledby=\"accordion-386691850-label\">\n\t\t\t\n\n<p>Ja, alle v\u00e5re produkter er tilpasset det svenske klimaet. Alle 230V portmotorer har ogs\u00e5 en vinterfunksjon som du kan stille inn n\u00e5r det blir kaldt.<\/p>\n\n\t\t<\/div>\n\t<\/div>\n\t\n\t<div id=\"accordion-1334559486\" class=\"accordion-item\">\n\t\t<a id=\"accordion-1334559486-label\" class=\"accordion-title plain\" href=\"#accordion-item-kan-ekstra-fjernkontroller-kj\u00d8pes?\" aria-expanded=\"false\" aria-controls=\"accordion-1334559486-content\">\n\t\t\t<button class=\"toggle\" aria-label=\"Toggle\"><i class=\"icon-angle-down\" aria-hidden=\"true\"><\/i><\/button>\n\t\t\t<span>KAN EKSTRA FJERNKONTROLLER KJ\u00d8pes?<\/span>\n\t\t<\/a>\n\t\t<div id=\"accordion-1334559486-content\" class=\"accordion-inner\" aria-labelledby=\"accordion-1334559486-label\">\n\t\t\t\n\n<p>JA! Tilgjengelig under tilbeh\u00f8rsmenyen. V\u00e5re fjernkontroller passer til alle v\u00e5re portmotorer.<\/p>\n\n\t\t<\/div>\n\t<\/div>\n\t\n\t<div id=\"accordion-3486384073\" class=\"accordion-item\">\n\t\t<a id=\"accordion-3486384073-label\" class=\"accordion-title plain\" href=\"#accordion-item-hvilke-ulike-passasjesystemer-er-det?\" aria-expanded=\"false\" aria-controls=\"accordion-3486384073-content\">\n\t\t\t<button class=\"toggle\" aria-label=\"Toggle\"><i class=\"icon-angle-down\" aria-hidden=\"true\"><\/i><\/button>\n\t\t\t<span>HVILKE ULIKE PASSASJESYSTEMER ER DET?<\/span>\n\t\t<\/a>\n\t\t<div id=\"accordion-3486384073-content\" class=\"accordion-inner\" aria-labelledby=\"accordion-3486384073-label\">\n\t\t\t\n\n<p>Det er flere forskjellige. Alle v\u00e5re passasjesystemer fungerer med alle v\u00e5re produkter. De vanligste er GSM-\u00e5pnere med appkontroll, tr\u00e5dl\u00f8s kodel\u00e5s, trykknapp for utend\u00f8rs eller tr\u00e5dl\u00f8s trykknapp for innend\u00f8rs<\/p>\n\n\t\t<\/div>\n\t<\/div>\n\t\n\t<div id=\"accordion-2904067110\" class=\"accordion-item\">\n\t\t<a id=\"accordion-2904067110-label\" class=\"accordion-title plain\" href=\"#accordion-item-jeg-har-allerede-et-annet-merke-med-garasje\u00c5pnere.-kan-jeg-kj\u00d8pe-motorene-dine-og-fortsatt-bare-bruke-en-fjernkontroll-til-alle-motorene?\" aria-expanded=\"false\" aria-controls=\"accordion-2904067110-content\">\n\t\t\t<button class=\"toggle\" aria-label=\"Toggle\"><i class=\"icon-angle-down\" aria-hidden=\"true\"><\/i><\/button>\n\t\t\t<span>JEG HAR ALLEREDE ET ANNET MERKE MED GARASJE\u00c5PNERE. KAN JEG KJ\u00d8PE MOTORENE DINE OG FORTSATT BARE BRUKE EN FJERNKONTROLL TIL ALLE MOTORENE?<\/span>\n\t\t<\/a>\n\t\t<div id=\"accordion-2904067110-content\" class=\"accordion-inner\" aria-labelledby=\"accordion-2904067110-label\">\n\t\t\t\n\n<p>JA! Med v\u00e5r 2-kanals radiomottaker (QK-R02) kan du enkelt koble til eksisterende motorer og integrere med produktene v\u00e5re og kun bruke v\u00e5r fjernkontroll til \u00e5 styre all automatisering.<\/p>\n\n\t\t<\/div>\n\t<\/div>\n\t\n\n<\/div>\n<h3 class=\"accordion_title\">Sp\u00f8rsm\u00e5l om installasjon\/feils\u00f8king<\/h3><div class=\"accordion faq-accordion\">\n\n\t<div id=\"accordion-2793581914\" class=\"accordion-item\">\n\t\t<a id=\"accordion-2793581914-label\" class=\"accordion-title plain\" href=\"#accordion-item-portene-lukkes-ikke-helt-noen-gang\" aria-expanded=\"false\" aria-controls=\"accordion-2793581914-content\">\n\t\t\t<button class=\"toggle\" aria-label=\"Toggle\"><i class=\"icon-angle-down\" aria-hidden=\"true\"><\/i><\/button>\n\t\t\t<span>PORTENE LUKKES IKKE HELT NOEN GANG<\/span>\n\t\t<\/a>\n\t\t<div id=\"accordion-2793581914-content\" class=\"accordion-inner\" aria-labelledby=\"accordion-2793581914-label\">\n\t\t\t\n\n<ol>\n<li>Det vanligste er at portmotorene er satt til \u00e5 fungere for kort tid. N\u00e5r det blir kaldt ute eller hvis det bl\u00e5ser mye, kan tiden variere noe. \u00d8k antall sekunder p\u00e5 A2 og B2. Still inn tidene p\u00e5 A2 og B2 slik at motorene jobber i (slow down modus) ca 5-10 sekunder etter at portene har stoppet mot stopperne i lukket stilling.<\/li>\n<li>Hvis du fortsatt har problemer, sjekk at motoreffekten er satt til maksimum, ved \u00e5 sette A5, A6, B5, B6 til 10.<\/li>\n<\/ol>\n\n\t\t<\/div>\n\t<\/div>\n\t\n\t<div id=\"accordion-1712170901\" class=\"accordion-item\">\n\t\t<a id=\"accordion-1712170901-label\" class=\"accordion-title plain\" href=\"#accordion-item-hvilken-str\u00d8mforsyning-skal-jeg-ha-til-kontrollkassen?\" aria-expanded=\"false\" aria-controls=\"accordion-1712170901-content\">\n\t\t\t<button class=\"toggle\" aria-label=\"Toggle\"><i class=\"icon-angle-down\" aria-hidden=\"true\"><\/i><\/button>\n\t\t\t<span>HVILKEN STR\u00d8MFORSYNING SKAL JEG HA TIL KONTROLLKASSEN?<\/span>\n\t\t<\/a>\n\t\t<div id=\"accordion-1712170901-content\" class=\"accordion-inner\" aria-labelledby=\"accordion-1712170901-label\">\n\t\t\t\n\n<p>230V og vi anbefaler 4 x 1,5mm2 opp til kontrollboksen og ogs\u00e5 mellom motorene.<\/p>\n\n\t\t<\/div>\n\t<\/div>\n\t\n\t<div id=\"accordion-3088492056\" class=\"accordion-item\">\n\t\t<a id=\"accordion-3088492056-label\" class=\"accordion-title plain\" href=\"#accordion-item-n\u00c5r-det-er-kaldt-ut,-lukkes-ikke-portene-alltid-helt\" aria-expanded=\"false\" aria-controls=\"accordion-3088492056-content\">\n\t\t\t<button class=\"toggle\" aria-label=\"Toggle\"><i class=\"icon-angle-down\" aria-hidden=\"true\"><\/i><\/button>\n\t\t\t<span>N\u00c5R DET ER KALDT UT, LUKKES IKKE PORTENE ALLTID HELT<\/span>\n\t\t<\/a>\n\t\t<div id=\"accordion-3088492056-content\" class=\"accordion-inner\" aria-labelledby=\"accordion-3088492056-label\">\n\t\t\t\n\n<p>Still inn vinterfunksjonen L1 til 2 eller 3 om n\u00f8dvendig.<\/p>\n\n\t\t<\/div>\n\t<\/div>\n\t\n\t<div id=\"accordion-2404284078\" class=\"accordion-item\">\n\t\t<a id=\"accordion-2404284078-label\" class=\"accordion-title plain\" href=\"#accordion-item-feilmelding\" aria-expanded=\"false\" aria-controls=\"accordion-2404284078-content\">\n\t\t\t<button class=\"toggle\" aria-label=\"Toggle\"><i class=\"icon-angle-down\" aria-hidden=\"true\"><\/i><\/button>\n\t\t\t<span>FEILMELDING<\/span>\n\t\t<\/a>\n\t\t<div id=\"accordion-2404284078-content\" class=\"accordion-inner\" aria-labelledby=\"accordion-2404284078-label\">\n\t\t\t\n\n<p>Jeg f\u00e5r feilmelding 9A eller 9B og portene beveger seg ikke (termisk beskyttelsesmodus.<\/p>\n<ul>\n<li>Hvis du har \u00e5pnet og lukket motorene mye p\u00e5 kort tid, kan de bli overopphetet &#8211; la dem avkj\u00f8les.<\/li>\n<li>Du er i ferd med \u00e5 installere n\u00e5r du f\u00e5r denne feilmeldingen &#8211; kan skyldes en l\u00f8s eller feilkoblet kabel. Sjekk alle kabler at de er sikre og riktig tilkoblet.<\/li>\n<li>Pr\u00f8v \u00e5 bytte motorer i kontrollboksen og se om det er samme feilmelding eller om det endres fra 9A til 9B eller omvendt<\/li>\n<\/ul>\n\n\t\t<\/div>\n\t<\/div>\n\t\n\t<div id=\"accordion-3171699698\" class=\"accordion-item\">\n\t\t<a id=\"accordion-3171699698-label\" class=\"accordion-title plain\" href=\"#accordion-item-portene-\u00c5pner-selv-etter-et-stid\" aria-expanded=\"false\" aria-controls=\"accordion-3171699698-content\">\n\t\t\t<button class=\"toggle\" aria-label=\"Toggle\"><i class=\"icon-angle-down\" aria-hidden=\"true\"><\/i><\/button>\n\t\t\t<span>PORTENE \u00c5PNER SELV ETTER ET STID<\/span>\n\t\t<\/a>\n\t\t<div id=\"accordion-3171699698-content\" class=\"accordion-inner\" aria-labelledby=\"accordion-3171699698-label\">\n\t\t\t\n\n<p>Automatisk stenging er satt men fasene er reversert og kontrollboksen tror den er \u00e5pen n\u00e5r den er lukket. Bytt fase 13, 15 og 16, 18.<\/p>\n\n\t\t<\/div>\n\t<\/div>\n\t\n\t<div id=\"accordion-2578597351\" class=\"accordion-item\">\n\t\t<a id=\"accordion-2578597351-label\" class=\"accordion-title plain\" href=\"#accordion-item-portene-\u00c5pner-p\u00c5-feil-mei\" aria-expanded=\"false\" aria-controls=\"accordion-2578597351-content\">\n\t\t\t<button class=\"toggle\" aria-label=\"Toggle\"><i class=\"icon-angle-down\" aria-hidden=\"true\"><\/i><\/button>\n\t\t\t<span>PORTENE \u00c5PNER P\u00c5 FEIL MEI<\/span>\n\t\t<\/a>\n\t\t<div id=\"accordion-2578597351-content\" class=\"accordion-inner\" aria-labelledby=\"accordion-2578597351-label\">\n\t\t\t\n\n<p>Fasene er reversert. Bytt fase 13, 15 og 16, 18.<\/p>\n\n\t\t<\/div>\n\t<\/div>\n\t\n\n<\/div>\n\n\t\t<\/div>\n\t\t\t\t\t<\/div>\n\n\t\n\n\t<div id=\"col-2131540121\" class=\"col hide-for-small medium-2 small-12 large-2\"  >\n\t\t\t\t<div class=\"col-inner\"  >\n\t\t\t\n\t\t\t\n\n\n\t\t<\/div>\n\t\t\t\t\t<\/div>\n\n\t\n\n\n<style>\n#row-267844270 > .col > .col-inner {\n  padding: 100px 0px 0px 0px;\n}\n<\/style>\n<\/div>\n<span class=\"scroll-to\" data-label=\"Scroll to: #autoBommar\" data-bullet=\"false\" data-link=\"#autoBommar\" data-title=\"autoBommar\"><a name=\"autoBommar\"><\/a><\/span>\n\n<div class=\"row\"  id=\"row-249229714\">\n\n\n\t<div id=\"col-1115675532\" class=\"col hide-for-small medium-2 small-12 large-2\"  >\n\t\t\t\t<div class=\"col-inner\"  >\n\t\t\t\n\t\t\t\n\n\n\t\t<\/div>\n\t\t\t\t\t<\/div>\n\n\t\n\n\t<div id=\"col-1772224785\" class=\"col medium-8 small-12 large-8\"  >\n\t\t\t\t<div class=\"col-inner\"  >\n\t\t\t\n\t\t\t\n\n<h2>AUTOMATISKE BARMS ICARUS<\/h2>\n<h3 class=\"accordion_title\">Sp\u00f8rsm\u00e5l ved kj\u00f8p<\/h3><div class=\"accordion faq-accordion\">\n\n\t<div id=\"accordion-1832263280\" class=\"accordion-item\">\n\t\t<a id=\"accordion-1832263280-label\" class=\"accordion-title plain\" href=\"#accordion-item-hva-er-inkludert-n\u00c5r-du-kj\u00d8per-en-automatisk-bom?\" aria-expanded=\"false\" aria-controls=\"accordion-1832263280-content\">\n\t\t\t<button class=\"toggle\" aria-label=\"Toggle\"><i class=\"icon-angle-down\" aria-hidden=\"true\"><\/i><\/button>\n\t\t\t<span>HVA ER INKLUDERT N\u00c5R DU KJ\u00d8PER EN AUTOMATISK BOM?<\/span>\n\t\t<\/a>\n\t\t<div id=\"accordion-1832263280-content\" class=\"accordion-inner\" aria-labelledby=\"accordion-1832263280-label\">\n\t\t\t\n\n<p>Det finnes flere forskjellige lengder p\u00e5 bommer. 3m, 4,5m, 5,5m og 6,25 meter. Alle pakkene er komplette og inneholder det du trenger for \u00e5 installere dem. 1 styreboks, 2 fjernkontroller og 1 par fotoceller samt motplate og forankringsskruer for \u00e5 st\u00f8pe bomhuset. Ved kj\u00f8p av bom over 3m f\u00f8lger det ogs\u00e5 med en boml\u00e5s som bommen skal hvile p\u00e5 i lukket stilling.<\/p>\n\n\t\t<\/div>\n\t<\/div>\n\t\n\t<div id=\"accordion-4067791510\" class=\"accordion-item\">\n\t\t<a id=\"accordion-4067791510-label\" class=\"accordion-title plain\" href=\"#accordion-item-hvilken-str\u00d8mforsyning-skal-jeg-ha-til-kontrollkassen-i-bomhuset?\" aria-expanded=\"false\" aria-controls=\"accordion-4067791510-content\">\n\t\t\t<button class=\"toggle\" aria-label=\"Toggle\"><i class=\"icon-angle-down\" aria-hidden=\"true\"><\/i><\/button>\n\t\t\t<span>HVILKEN STR\u00d8MFORSYNING SKAL JEG HA TIL KONTROLLKASSEN I BOMHUSET?<\/span>\n\t\t<\/a>\n\t\t<div id=\"accordion-4067791510-content\" class=\"accordion-inner\" aria-labelledby=\"accordion-4067791510-label\">\n\t\t\t\n\n<p>230V eller 24V. Bommen kan drives av et solcellepanel som vi selger.<\/p>\n\n\t\t<\/div>\n\t<\/div>\n\t\n\t<div id=\"accordion-2744930010\" class=\"accordion-item\">\n\t\t<a id=\"accordion-2744930010-label\" class=\"accordion-title plain\" href=\"#accordion-item-kan-ekstra-fjernkontroller-kj\u00d8pes?\" aria-expanded=\"false\" aria-controls=\"accordion-2744930010-content\">\n\t\t\t<button class=\"toggle\" aria-label=\"Toggle\"><i class=\"icon-angle-down\" aria-hidden=\"true\"><\/i><\/button>\n\t\t\t<span>KAN EKSTRA FJERNKONTROLLER KJ\u00d8pes?<\/span>\n\t\t<\/a>\n\t\t<div id=\"accordion-2744930010-content\" class=\"accordion-inner\" aria-labelledby=\"accordion-2744930010-label\">\n\t\t\t\n\n<p>JA! Tilgjengelig under tilbeh\u00f8rsmenyen. Mer enn 200 kan programmeres for bommene.<\/p>\n\n\t\t<\/div>\n\t<\/div>\n\t\n\t<div id=\"accordion-3754060909\" class=\"accordion-item\">\n\t\t<a id=\"accordion-3754060909-label\" class=\"accordion-title plain\" href=\"#accordion-item-kan-lengden-p\u00c5-bommer\u00d8ret-justeres?\" aria-expanded=\"false\" aria-controls=\"accordion-3754060909-content\">\n\t\t\t<button class=\"toggle\" aria-label=\"Toggle\"><i class=\"icon-angle-down\" aria-hidden=\"true\"><\/i><\/button>\n\t\t\t<span>KAN LENGDEN P\u00c5 BOMMER\u00d8RET JUSTERES?<\/span>\n\t\t<\/a>\n\t\t<div id=\"accordion-3754060909-content\" class=\"accordion-inner\" aria-labelledby=\"accordion-3754060909-label\">\n\t\t\t\n\n<p>JA! Bom p\u00e5 4,5 meter og over har teleskopbom, som gj\u00f8r at lengden kan reduseres noe ved behov. Bare s\u00f8rg for at bommen fortsatt kan balanseres under installasjonen hvis du endrer lengden.<\/p>\n\n\t\t<\/div>\n\t<\/div>\n\t\n\t<div id=\"accordion-601666203\" class=\"accordion-item\">\n\t\t<a id=\"accordion-601666203-label\" class=\"accordion-title plain\" href=\"#accordion-item-hvilke-ulike-passasjesystemer-er-det?\" aria-expanded=\"false\" aria-controls=\"accordion-601666203-content\">\n\t\t\t<button class=\"toggle\" aria-label=\"Toggle\"><i class=\"icon-angle-down\" aria-hidden=\"true\"><\/i><\/button>\n\t\t\t<span>HVILKE ULIKE PASSASJESYSTEMER ER DET?<\/span>\n\t\t<\/a>\n\t\t<div id=\"accordion-601666203-content\" class=\"accordion-inner\" aria-labelledby=\"accordion-601666203-label\">\n\t\t\t\n\n<p>Det er flere forskjellige. Alle v\u00e5re passasjesystemer fungerer med alle v\u00e5re produkter. De vanligste er GSM-\u00e5pnere med appkontroll, tr\u00e5dl\u00f8s kodel\u00e5s, trykknapp for utend\u00f8rs eller tr\u00e5dl\u00f8s trykknapp for innend\u00f8rs. Brannvesenbrytere slik at n\u00f8detatene kan \u00e5pne med egen n\u00f8kkel er ogs\u00e5 popul\u00e6rt da dette kan v\u00e6re et krav i enkelte installasjoner.<\/p>\n\n\t\t<\/div>\n\t<\/div>\n\t\n\n<\/div>\n\n\t\t<\/div>\n\t\t\t\t\t<\/div>\n\n\t\n\n\t<div id=\"col-199461506\" class=\"col hide-for-small medium-2 small-12 large-2\"  >\n\t\t\t\t<div class=\"col-inner\"  >\n\t\t\t\n\t\t\t\n\n\n\t\t<\/div>\n\t\t\t\t\t<\/div>\n\n\t\n\n\n<style>\n#row-249229714 > .col > .col-inner {\n  padding: 100px 0px 100px 0px;\n}\n<\/style>\n<\/div>\n\n","protected":false},"excerpt":{"rendered":"","protected":false},"author":2,"featured_media":0,"parent":0,"menu_order":0,"comment_status":"closed","ping_status":"closed","template":"page-blank.php","meta":{"footnotes":""},"class_list":["post-5834","page","type-page","status-publish","hentry"],"_links":{"self":[{"href":"https:\/\/www.autogrind.se\/no\/wp-json\/wp\/v2\/pages\/5834","targetHints":{"allow":["GET"]}}],"collection":[{"href":"https:\/\/www.autogrind.se\/no\/wp-json\/wp\/v2\/pages"}],"about":[{"href":"https:\/\/www.autogrind.se\/no\/wp-json\/wp\/v2\/types\/page"}],"author":[{"embeddable":true,"href":"https:\/\/www.autogrind.se\/no\/wp-json\/wp\/v2\/users\/2"}],"replies":[{"embeddable":true,"href":"https:\/\/www.autogrind.se\/no\/wp-json\/wp\/v2\/comments?post=5834"}],"version-history":[{"count":0,"href":"https:\/\/www.autogrind.se\/no\/wp-json\/wp\/v2\/pages\/5834\/revisions"}],"wp:attachment":[{"href":"https:\/\/www.autogrind.se\/no\/wp-json\/wp\/v2\/media?parent=5834"}],"curies":[{"name":"wp","href":"https:\/\/api.w.org\/{rel}","templated":true}]}}