{"id":5833,"date":"2021-05-21T13:42:34","date_gmt":"2021-05-21T11:42:34","guid":{"rendered":"https:\/\/www.autogrind.se\/leveringsbetingelser\/"},"modified":"2023-11-03T16:03:26","modified_gmt":"2023-11-03T15:03:26","slug":"leveringsbetingelser","status":"publish","type":"page","link":"https:\/\/www.autogrind.se\/no\/leveringsbetingelser\/","title":{"rendered":"Leveringsbetingelser"},"content":{"rendered":"\n  <div id=\"page-header-1524421549\" class=\"page-header-wrapper\">\n  <div class=\"page-title dark simple-title\">\n\n        <div class=\"page-title-bg\">\n      <div class=\"title-bg fill bg-fill\"\n        data-parallax-container=\".page-title\"\n        data-parallax-background\n        data-parallax=\"-\">\n      <\/div>\n      <div class=\"title-overlay fill\"><\/div>\n    <\/div>\n    \n    <div class=\"page-title-inner container align-center text-center flex-row-col medium-flex-wrap\" >\n              <div class=\"title-wrapper flex-col\">\n          <h1 class=\"entry-title mb-0\">\n            Leveringsbetingelser          <\/h1>\n        <\/div>\n                    <div class=\"title-content flex-col\">\n        <div class=\"title-breadcrumbs pb-half pt-half\"><nav class=\"woocommerce-breadcrumb breadcrumbs uppercase\" aria-label=\"Breadcrumb\">Hjem<\/nav><\/div>      <\/div>\n    <\/div>\n\n     \n<style>\n#page-header-1524421549 .page-title-inner {\n  min-height: 300px;\n}\n#page-header-1524421549 {\n  background-color: rgb(0, 67, 125);\n}\n<\/style>\n  <\/div>\n    <\/div>\n  \n\n<div class=\"row\"  id=\"row-388723302\">\n\n\n\t<div id=\"col-58055918\" class=\"col small-12 large-12\"  >\n\t\t\t\t<div class=\"col-inner\"  >\n\t\t\t\n\t\t\t\n\n<h3 class=\"accordion_title\">Leveringsbetingelser<\/h3><div class=\"accordion\">\n\n\t<div id=\"accordion-1389369013\" class=\"accordion-item\">\n\t\t<a id=\"accordion-1389369013-label\" class=\"accordion-title plain\" href=\"#accordion-item-leveranser\" aria-expanded=\"false\" aria-controls=\"accordion-1389369013-content\">\n\t\t\t<button class=\"toggle\" aria-label=\"Toggle\"><i class=\"icon-angle-down\" aria-hidden=\"true\"><\/i><\/button>\n\t\t\t<span>Leveranser<\/span>\n\t\t<\/a>\n\t\t<div id=\"accordion-1389369013-content\" class=\"accordion-inner\" aria-labelledby=\"accordion-1389369013-label\">\n\t\t\t\n\n<p>Leveringstiden er spesifisert i handlekurven under respektive fraktm\u00e5te. Dersom en vare har en annen leveringstid, er det angitt ved siden av den respektive varen. Varene som er p\u00e5 lager sendes fra oss innen 3 dager. Hvis en bestilt vare er utsolgt, vil vi kontakte deg med et nytt leveringsvarsel. Vi sender ikke bestillingen f\u00f8r den er komplett uten \u00e5 informere deg. Hvis en vare er utsolgt og bestillingen sendes med delt frakt, st\u00e5r vi for den ekstra frakten.<\/p>\n<p>Autogrind.se sender varer med DHL, Posten, Schenker og andre transport\u00f8rer under de beste forhold. Kunden er ansvarlig for kontakt med transport\u00f8r, og m\u00e5 v\u00e6re tilstede til avtalt leveringstid. Ellers belaster rederiet en kostnad for returtransport og ny levering, som vi fakturerer kunden. Kunden yter n\u00f8dvendig assistanse ved lossing av varer.<\/p>\n<p>For ul\u00f8ste og returnerte varer belastes den faktiske fraktkostnaden. Kunden er ansvarlig for at adresse og andre kontaktopplysninger er korrekte.<\/p>\n\n\t\t<\/div>\n\t<\/div>\n\t\n\t<div id=\"accordion-3392736410\" class=\"accordion-item\">\n\t\t<a id=\"accordion-3392736410-label\" class=\"accordion-title plain\" href=\"#accordion-item-returnerer\" aria-expanded=\"false\" aria-controls=\"accordion-3392736410-content\">\n\t\t\t<button class=\"toggle\" aria-label=\"Toggle\"><i class=\"icon-angle-down\" aria-hidden=\"true\"><\/i><\/button>\n\t\t\t<span>Returnerer<\/span>\n\t\t<\/a>\n\t\t<div id=\"accordion-3392736410-content\" class=\"accordion-inner\" aria-labelledby=\"accordion-3392736410-label\">\n\t\t\t\n\n<p>Som privatperson har du i henhold til fjern- og boligsalgsloven 14 dagers \u00e5pent kj\u00f8p og returrett n\u00e5r du kj\u00f8per varer.<\/p>\n<p>V\u00e6r oppmerksom p\u00e5 at dette ikke gjelder dersom produktet er brukt\/installert, har synlige merker, originalemballasje mangler eller ved spesialbestillinger som for eksempel spesialtilpassede produkter som er bestilt spesielt for deg. Ved en kansellert bestilling hvor varen(e) allerede er sendt fra v\u00e5rt lager, vil du som kunde bli belastet med gjeldende kostnad for frakt og returfrakt<\/p>\n<p>Retur er for egen regning, bortsett fra hvis varen er defekt eller hvis vi har pakket den feil. Retur skal sendes som brev eller pakke, ikke etterkrav. Ved bytte betaler vi ny frakt fra oss til deg.<\/p>\n<p>Inspiser varene n\u00f8ye ved lossing f\u00f8r levering kvitteres. Hvis varene er skadet, m\u00e5 du be transport\u00f8ren ta dem tilbake. Kontakt oss s\u00e5 sender vi nye varer.<\/p>\n<p>Mindre skader og\/eller skader p\u00e5 emballasje skal ogs\u00e5 noteres ved mottak. Rapporter alle skader til oss innen 5 virkedager for at vi kan erstatte varene.<\/p>\n<p>Hvis du mottok et feil produkt i leveransen, vennligst kontakt oss s\u00e5 snart som mulig. Vi sender deg en ny vare gratis og s\u00f8rger for at feil vare hentes.<\/p>\n<p>Vennligst kontakt oss for instruksjoner f\u00f8r du returnerer en vare. P\u00e5 denne m\u00e5ten \u00f8ker vi leveringssikkerheten og kan gi deg som kunde en smidigere prosess med lave kostnader. Varer som returneres skal v\u00e6re godt innpakket og i originalemballasje, og du som kunde er ansvarlig i tilfeller hvor varen er skadet eller tapt f\u00f8r vi har mottatt forsendelsen. V\u00e6r oppmerksom p\u00e5 at vi IKKE aksepterer returer som ikke er avtalt. Forsendelser som sendes tilbake feilaktig belastes med en h\u00e5ndteringskostnad p\u00e5 350 SEK.<\/p>\n\n\t\t<\/div>\n\t<\/div>\n\t\n\t<div id=\"accordion-867910619\" class=\"accordion-item\">\n\t\t<a id=\"accordion-867910619-label\" class=\"accordion-title plain\" href=\"#accordion-item-angrerett\" aria-expanded=\"false\" aria-controls=\"accordion-867910619-content\">\n\t\t\t<button class=\"toggle\" aria-label=\"Toggle\"><i class=\"icon-angle-down\" aria-hidden=\"true\"><\/i><\/button>\n\t\t\t<span>Angrerett<\/span>\n\t\t<\/a>\n\t\t<div id=\"accordion-867910619-content\" class=\"accordion-inner\" aria-labelledby=\"accordion-867910619-label\">\n\t\t\t\n\n<p>Hvis du har benyttet deg av angreretten, skal vi refundere det du har betalt for produktet s\u00e5 snart som mulig eller senest innen 30 dager fra den dagen vi mottok produktet eller meldingen om at du har kansellert.<\/p>\n<p>Ved eventuelle produktfeil skal vi umiddelbart erstatte kunden med et tilsvarende produkt. Ved feil p\u00e5 v\u00e5re produkter refunderer vi ikke eventuelle kostnader som m\u00e5tte oppst\u00e5 for kunden n\u00e5r det gjelder installasjon, tilkobling, forsinkelser eller lignende.<\/p>\n<p>Se ogs\u00e5 det svenske konsumentverket og distansavtaleloven, samt EUs felles tvistel\u00f8sningsside http:\/\/ec.europa.eu\/odr.<\/p>\n\n\t\t<\/div>\n\t<\/div>\n\t\n\n<\/div>\n\n\t\t<\/div>\n\t\t\t\t\t<\/div>\n\n\t\n\n\n<style>\n#row-388723302 > .col > .col-inner {\n  padding: 40px 0px 0px 0px;\n}\n<\/style>\n<\/div>\n\n","protected":false},"excerpt":{"rendered":"","protected":false},"author":3,"featured_media":0,"parent":0,"menu_order":0,"comment_status":"closed","ping_status":"closed","template":"page-blank.php","meta":{"footnotes":""},"class_list":["post-5833","page","type-page","status-publish","hentry"],"_links":{"self":[{"href":"https:\/\/www.autogrind.se\/no\/wp-json\/wp\/v2\/pages\/5833","targetHints":{"allow":["GET"]}}],"collection":[{"href":"https:\/\/www.autogrind.se\/no\/wp-json\/wp\/v2\/pages"}],"about":[{"href":"https:\/\/www.autogrind.se\/no\/wp-json\/wp\/v2\/types\/page"}],"author":[{"embeddable":true,"href":"https:\/\/www.autogrind.se\/no\/wp-json\/wp\/v2\/users\/3"}],"replies":[{"embeddable":true,"href":"https:\/\/www.autogrind.se\/no\/wp-json\/wp\/v2\/comments?post=5833"}],"version-history":[{"count":0,"href":"https:\/\/www.autogrind.se\/no\/wp-json\/wp\/v2\/pages\/5833\/revisions"}],"wp:attachment":[{"href":"https:\/\/www.autogrind.se\/no\/wp-json\/wp\/v2\/media?parent=5833"}],"curies":[{"name":"wp","href":"https:\/\/api.w.org\/{rel}","templated":true}]}}