{"id":5815,"date":"2021-06-03T10:23:33","date_gmt":"2021-06-03T08:23:33","guid":{"rendered":"https:\/\/www.autogrind.se\/bedriftskunde\/"},"modified":"2022-10-20T15:26:45","modified_gmt":"2022-10-20T13:26:45","slug":"bedriftskunde","status":"publish","type":"page","link":"https:\/\/www.autogrind.se\/no\/bedriftskunde\/","title":{"rendered":"Bedriftskunde"},"content":{"rendered":"\n  <div id=\"page-header-1384634395\" class=\"page-header-wrapper\">\n  <div class=\"page-title dark simple-title\">\n\n        <div class=\"page-title-bg\">\n      <div class=\"title-bg fill bg-fill\"\n        data-parallax-container=\".page-title\"\n        data-parallax-background\n        data-parallax=\"-\">\n      <\/div>\n      <div class=\"title-overlay fill\"><\/div>\n    <\/div>\n    \n    <div class=\"page-title-inner container align-center text-center flex-row-col medium-flex-wrap\" >\n              <div class=\"title-wrapper flex-col\">\n          <h1 class=\"entry-title mb-0\">\n            Bedriftskunde          <\/h1>\n        <\/div>\n                    <div class=\"title-content flex-col\">\n        <div class=\"title-breadcrumbs pb-half pt-half\"><nav class=\"woocommerce-breadcrumb breadcrumbs uppercase\" aria-label=\"Breadcrumb\">Hjem<\/nav><\/div>      <\/div>\n    <\/div>\n\n     \n<style>\n#page-header-1384634395 .page-title-inner {\n  min-height: 300px;\n}\n#page-header-1384634395 {\n  background-color: rgb(0, 67, 125);\n}\n<\/style>\n  <\/div>\n    <\/div>\n  \n\n\n\t<section class=\"section\" id=\"section_533946848\">\n\t\t<div class=\"section-bg fill\" >\n\t\t\t\t\t\t\t\t\t\n\t\t\t\n\t<div class=\"is-border\"\n\t\tstyle=\"border-color:rgb(235, 235, 235);border-width:1px 0px 0px 0px;\">\n\t<\/div>\n\n\t\t<\/div>\n\n\t\t\n\n\t\t<div class=\"section-content relative\">\n\t\t\t\n\n<div class=\"row row-large align-center\"  id=\"row-820928248\">\n\n\n\t<div id=\"col-316943754\" class=\"col small-12 large-12\"  >\n\t\t\t\t<div class=\"col-inner text-center\"  >\n\t\t\t\n\t\t\t\n\n\n\t\t<div class=\"tabbed-content\">\n\t\t\t<h4 class=\"uppercase text-left\">For deg som bedriftskunde<\/h4>\n\t\t\t<ul class=\"nav nav-line nav-vertical nav-uppercase nav-size-large nav-left\" role=\"tablist\"><li id=\"tab-generell-informasjon\" class=\"tab active has-icon\" role=\"presentation\"><a href=\"#tab_generell-informasjon\" role=\"tab\" aria-selected=\"true\" aria-controls=\"tab_generell-informasjon\"><span>Generell informasjon<\/span><\/a><\/li>\n<li id=\"tab-garantibetingelser\" class=\"tab has-icon\" role=\"presentation\"><a href=\"#tab_garantibetingelser\" tabindex=\"-1\" role=\"tab\" aria-selected=\"false\" aria-controls=\"tab_garantibetingelser\"><span>Garantibetingelser<\/span><\/a><\/li>\n<li id=\"tab-leveringsbetingelser\" class=\"tab has-icon\" role=\"presentation\"><a href=\"#tab_leveringsbetingelser\" tabindex=\"-1\" role=\"tab\" aria-selected=\"false\" aria-controls=\"tab_leveringsbetingelser\"><span>Leveringsbetingelser<\/span><\/a><\/li>\n<li id=\"tab-kj\u00f8psbetingelser\" class=\"tab has-icon\" role=\"presentation\"><a href=\"#tab_kj\u00f8psbetingelser\" tabindex=\"-1\" role=\"tab\" aria-selected=\"false\" aria-controls=\"tab_kj\u00f8psbetingelser\"><span>Kj\u00f8psbetingelser<\/span><\/a><\/li><\/ul><div class=\"tab-panels\"><div id=\"tab_generell-informasjon\" class=\"panel active entry-content\" role=\"tabpanel\" aria-labelledby=\"tab-generell-informasjon\">\n\n\t<div id=\"text-4038488534\" class=\"text\">\n\t\t\n\n<h3>Generell informasjon<\/h3>\n<p>Vi er generalagenter for QUIKO Scandinavia og markedsf\u00f8rer hele deres sortiment.<\/p>\n<p>QUIKOs produkter har blitt utviklet og produsert i Italia siden 1968 og selges over hele verden. Produktene holder h\u00f8y kvalitet og er tilpasset det nordiske klimaet.<\/p>\n<p>V\u00e5re kunder spenner fra privatpersoner og foreninger til b\u00e5de sm\u00e5 og store bedrifter. Hos oss er dine behov i sentrum og vi gj\u00f8r alt for at du skal f\u00f8le deg trygg og f\u00e5 den beste servicen n\u00e5r du handler hos oss. Vi leverer i Sverige p\u00e5 1-2 dager.<\/p>\n<p>Kontakt oss s\u00e5 f\u00e5r du svar fra en av v\u00e5re kunnskapsrike selgere.<\/p>\n\t\t\n<style>\n#text-4038488534 {\n  text-align: left;\n}\n<\/style>\n\t<\/div>\n\t\n\n<\/div>\n<div id=\"tab_garantibetingelser\" class=\"panel entry-content\" role=\"tabpanel\" aria-labelledby=\"tab-garantibetingelser\">\n\n\t<div id=\"text-1891617393\" class=\"text\">\n\t\t\n\n<h3>Garantibetingelser<\/h3>\n<p>Produktgarantien er gyldig i 2 \u00e5r, med mindre annet er oppgitt. Garantien dekker material- og produksjonsfeil, men ikke normal slitasje. Garantien gjelder heller ikke dersom produktet ble installert feil eller av uautorisert personell. Ved tvist f\u00f8lger vi ARNs vedtak.<\/p>\n\t\t\n<style>\n#text-1891617393 {\n  text-align: left;\n}\n<\/style>\n\t<\/div>\n\t\n\n<\/div>\n<div id=\"tab_leveringsbetingelser\" class=\"panel entry-content\" role=\"tabpanel\" aria-labelledby=\"tab-leveringsbetingelser\">\n\n\t<div id=\"text-2785785747\" class=\"text\">\n\t\t\n\n<h3>Leveringsbetingelser<\/h3>\n<p style=\"background: white; margin: 0cm 0cm 15.6pt 0cm;\"><span style=\"font-size: 10.0pt; font-family: 'Arial',sans-serif; color: #777777;\">Leveringstiden er spesifisert i handlekurven under respektive fraktm\u00e5te. Dersom en vare har en annen leveringstid, er det angitt ved siden av den respektive varen. Varene som er p\u00e5 lager sendes fra oss innen 1-2 virkedager. Hvis en bestilt vare er utsolgt, vil vi kontakte deg med et nytt leveringsvarsel. Vi sender ikke bestillingen f\u00f8r den er komplett uten \u00e5 informere deg. Hvis en vare er utsolgt og bestillingen sendes med delt frakt, st\u00e5r vi for den ekstra frakten.<\/span><\/p>\n<p style=\"background: white; margin: 0cm 0cm 15.6pt 0cm;\"><span style=\"font-size: 10.0pt; font-family: 'Arial',sans-serif; color: #777777;\"><a href=\"https:\/\/www.autogrind.se\/no\/\">Autogrind.se sender<\/a> varer med DHL, Posten, Schenker og andre transport\u00f8rer under de beste forhold. Kunden er ansvarlig for kontakt med transport\u00f8r, og m\u00e5 v\u00e6re tilstede til avtalt leveringstid. Ellers belaster rederiet en kostnad for returtransport og ny levering, som vi fakturerer kunden. Kunden yter n\u00f8dvendig assistanse ved lossing av varer.<\/span><\/p>\n<p style=\"background: white; margin: 0cm 0cm 15.6pt 0cm;\"><span style=\"font-size: 10.0pt; font-family: 'Arial',sans-serif; color: #777777;\">For ul\u00f8ste og returnerte varer belastes den faktiske fraktkostnaden. Kunden er ansvarlig for at adresse og andre kontaktopplysninger er korrekte.<\/span><\/p>\n\t\t\n<style>\n#text-2785785747 {\n  text-align: left;\n}\n<\/style>\n\t<\/div>\n\t\n\n<\/div>\n<div id=\"tab_kj\u00f8psbetingelser\" class=\"panel entry-content\" role=\"tabpanel\" aria-labelledby=\"tab-kj\u00f8psbetingelser\">\n\n\t<div id=\"text-544040806\" class=\"text\">\n\t\t\n\n<h3>Kj\u00f8psbetingelser<\/h3>\n<p>Som bedrift kan du legge inn en bestilling via v\u00e5r e-butikk, telefon eller e-post. Prisene er oppgitt eks mva, i svenske kroner (SEK). Prisene gjelder inntil videre, med unntak av tidsbegrensede kampanjepriser. Vi forbeholder oss retten for eventuelle un\u00f8yaktigheter i priser og annen informasjon. Ved \u00e5penbart feil prising forbeholder vi oss retten til \u00e5 heve kj\u00f8pet. I handlekurven kan du se totalprisen inkludert alle gebyrer, mva, frakt og betaling. Betalingsbetingelser er angitt i handlekurven avhengig av valgt betalingsm\u00e5te. Fraktbetingelser er spesifisert i handlekurven avhengig av valgt fraktmetode.<\/p>\n\t\t\n<style>\n#text-544040806 {\n  text-align: left;\n}\n<\/style>\n\t<\/div>\n\t\n\n<\/div><\/div><\/div>\n\n\t\t<\/div>\n\t\t\t\t\t<\/div>\n\n\t\n\n<\/div>\n\n\t\t<\/div>\n\n\t\t\n<style>\n#section_533946848 {\n  padding-top: 59px;\n  padding-bottom: 59px;\n  min-height: 300px;\n}\n<\/style>\n\t<\/section>\n\t\n\n\t<section class=\"section\" id=\"section_1663384132\">\n\t\t<div class=\"section-bg fill\" >\n\t\t\t\t\t\t\t\t\t<div class=\"section-bg-overlay absolute fill\"><\/div>\n\t\t\t\n\n\t\t<\/div>\n\n\t\t\n\n\t\t<div class=\"section-content relative\">\n\t\t\t\n\n<div class=\"row row-large align-middle\"  id=\"row-1397692337\">\n\n\n\t<div id=\"col-1206121574\" class=\"col medium-6 small-12 large-6\"  >\n\t\t\t\t<div class=\"col-inner text-left\"  >\n\t\t\t\n\t\t\t\n\n<h2>Tilbud til bedrifter<\/h2>\n<p>Er du tekniker, elektrotekniker eller l\u00e5sesmed som installerer automasjon for omr\u00e5desikring, vil vi gjerne samarbeide med deg. Ettersp\u00f8rselen fra v\u00e5re kunder er stor og vi m\u00e5 derfor utvide v\u00e5rt nettverk av installat\u00f8rer. Vi justerer naturligvis prisene v\u00e5re ved kj\u00f8p av st\u00f8rre ordrevolum og langsiktig samarbeid.<\/p>\n<a href=\"https:\/\/www.autogrind.se\/no\/kontakt-oss\/\" class=\"button primary\" >\n\t\t<span>Kontakt oss<\/span>\n\t<\/a>\n\n\n\n\t\t<\/div>\n\t\t\t\t\t<\/div>\n\n\t\n\n\t<div id=\"col-2014834188\" class=\"col medium-6 small-12 large-6\"  >\n\t\t\t\t<div class=\"col-inner\"  >\n\t\t\t\n\t\t\t\n\n\t<div class=\"img has-hover hide-for-small x md-x lg-x y md-y lg-y\" id=\"image_974838891\">\n\t\t\t\t\t\t\t\t<div class=\"img-inner image-cover dark\" style=\"padding-top:56.25%;\">\n\t\t\t<img loading=\"lazy\" decoding=\"async\" width=\"960\" height=\"800\" src=\"https:\/\/www.autogrind.se\/wp-content\/uploads\/2020\/10\/elektromagnetiskt-las-grind-autogrind-1.avif\" class=\"attachment-large size-large\" alt=\"\" srcset=\"https:\/\/www.autogrind.se\/wp-content\/uploads\/2020\/10\/elektromagnetiskt-las-grind-autogrind-1.avif 960w, https:\/\/www.autogrind.se\/wp-content\/uploads\/2020\/10\/elektromagnetiskt-las-grind-autogrind-1-600x500.jpg 600w, https:\/\/www.autogrind.se\/wp-content\/uploads\/2020\/10\/elektromagnetiskt-las-grind-autogrind-1-300x250.jpg 300w, https:\/\/www.autogrind.se\/wp-content\/uploads\/2020\/10\/elektromagnetiskt-las-grind-autogrind-1-768x640.jpg 768w\" sizes=\"auto, (max-width: 960px) 100vw, 960px\" \/>\t\t\t\t\t\t\n\t\t\t\t\t<\/div>\n\t\t\t\t\t\t\t\t\n<style>\n#image_974838891 {\n  width: 100%;\n}\n<\/style>\n\t<\/div>\n\t\n\n\n\t\t<\/div>\n\t\t\t\t\t<\/div>\n\n\t\n\n<\/div>\n\n\t\t<\/div>\n\n\t\t\n<style>\n#section_1663384132 {\n  padding-top: 0px;\n  padding-bottom: 0px;\n  background-color: rgb(193, 193, 193);\n}\n#section_1663384132 .section-bg-overlay {\n  background-color: rgba(255, 255, 255, 0.85);\n}\n@media (min-width:550px) {\n  #section_1663384132 {\n    padding-top: 60px;\n    padding-bottom: 60px;\n  }\n}\n<\/style>\n\t<\/section>\n\t\n\t<div class=\"img has-hover show-for-small x md-x lg-x y md-y lg-y\" id=\"image_1352547940\">\n\t\t\t\t\t\t\t\t<div class=\"img-inner image-cover dark\" style=\"padding-top:56.25%;\">\n\t\t\t<img loading=\"lazy\" decoding=\"async\" width=\"960\" height=\"800\" src=\"https:\/\/www.autogrind.se\/wp-content\/uploads\/2020\/10\/elektromagnetiskt-las-grind-autogrind-1.avif\" class=\"attachment-large size-large\" alt=\"\" srcset=\"https:\/\/www.autogrind.se\/wp-content\/uploads\/2020\/10\/elektromagnetiskt-las-grind-autogrind-1.avif 960w, https:\/\/www.autogrind.se\/wp-content\/uploads\/2020\/10\/elektromagnetiskt-las-grind-autogrind-1-600x500.jpg 600w, https:\/\/www.autogrind.se\/wp-content\/uploads\/2020\/10\/elektromagnetiskt-las-grind-autogrind-1-300x250.jpg 300w, https:\/\/www.autogrind.se\/wp-content\/uploads\/2020\/10\/elektromagnetiskt-las-grind-autogrind-1-768x640.jpg 768w\" sizes=\"auto, (max-width: 960px) 100vw, 960px\" \/>\t\t\t\t\t\t\n\t\t\t\t\t<\/div>\n\t\t\t\t\t\t\t\t\n<style>\n#image_1352547940 {\n  width: 100%;\n}\n<\/style>\n\t<\/div>\n\t\n\n\n\t<section class=\"section\" id=\"section_34782980\">\n\t\t<div class=\"section-bg fill\" >\n\t\t\t\t\t\t\t\t\t<div class=\"section-bg-overlay absolute fill\"><\/div>\n\t\t\t\n\n\t\t<\/div>\n\n\t\t\n\n\t\t<div class=\"section-content relative\">\n\t\t\t\n\n<div class=\"row row-large align-middle\"  id=\"row-788603343\">\n\n\n\t<div id=\"col-2102308655\" class=\"col medium-6 small-12 large-6\"  >\n\t\t\t\t<div class=\"col-inner\"  >\n\t\t\t\n\t\t\t\n\n\t<div class=\"img has-hover hide-for-small x md-x lg-x y md-y lg-y\" id=\"image_1509942629\">\n\t\t\t\t\t\t\t\t<div class=\"img-inner image-cover dark\" style=\"padding-top:56.25%;\">\n\t\t\t<img loading=\"lazy\" decoding=\"async\" width=\"640\" height=\"427\" src=\"https:\/\/www.autogrind.se\/wp-content\/uploads\/2021\/06\/foretagskund-autogrind-640x427-1.avif\" class=\"attachment-large size-large\" alt=\"\" srcset=\"https:\/\/www.autogrind.se\/wp-content\/uploads\/2021\/06\/foretagskund-autogrind-640x427-1.avif 640w, https:\/\/www.autogrind.se\/wp-content\/uploads\/2021\/06\/foretagskund-autogrind-640x427-1-600x400.jpg 600w, https:\/\/www.autogrind.se\/wp-content\/uploads\/2021\/06\/foretagskund-autogrind-640x427-1-300x200.jpg 300w\" sizes=\"auto, (max-width: 640px) 100vw, 640px\" \/>\t\t\t\t\t\t\n\t\t\t\t\t<\/div>\n\t\t\t\t\t\t\t\t\n<style>\n#image_1509942629 {\n  width: 100%;\n}\n<\/style>\n\t<\/div>\n\t\n\n\n\t\t<\/div>\n\t\t\t\t\t<\/div>\n\n\t\n\n\t<div id=\"col-1934777815\" class=\"col medium-6 small-12 large-6\"  >\n\t\t\t\t<div class=\"col-inner text-left\"  >\n\t\t\t\n\t\t\t\n\n<h2>Beg\u00e4r en offert<\/h2>\n<p>Vill du ha en offert p\u00e5 produkter eller pris p\u00e5 ett montage?<\/p>\n<p>Vi hj\u00e4lper dig g\u00e4rna! Fyll i formul\u00e4ret <a href=\"https:\/\/www.autogrind.se\/no\/tilbud-monteringshjelp\/\">h\u00e4r<\/a> s\u00e5 kommer vi eller n\u00e5gra av v\u00e5ra samarbetspartners att kontakta er inom 1-3 arbetsdagar med ett prisf\u00f6rslag.<\/p>\n<p>Vid behov s\u00e5 kommer Ni bli kontaktad om vi beh\u00f6ver kompletterande uppgifter<\/p>\n<a href=\"https:\/\/www.autogrind.se\/no\/tilbud-monteringshjelp\/\" class=\"button primary\" >\n\t\t<span>Ta meg til skjemaet<\/span>\n\t<\/a>\n\n\n\n\t\t<\/div>\n\t\t\t\t\t<\/div>\n\n\t\n\n<\/div>\n\t<div class=\"img has-hover show-for-small x md-x lg-x y md-y lg-y\" id=\"image_1158083360\">\n\t\t\t\t\t\t\t\t<div class=\"img-inner image-cover dark\" style=\"padding-top:56.25%;\">\n\t\t\t<img loading=\"lazy\" decoding=\"async\" width=\"640\" height=\"427\" src=\"https:\/\/www.autogrind.se\/wp-content\/uploads\/2021\/06\/foretagskund-autogrind-640x427-1.avif\" class=\"attachment-large size-large\" alt=\"\" srcset=\"https:\/\/www.autogrind.se\/wp-content\/uploads\/2021\/06\/foretagskund-autogrind-640x427-1.avif 640w, https:\/\/www.autogrind.se\/wp-content\/uploads\/2021\/06\/foretagskund-autogrind-640x427-1-600x400.jpg 600w, https:\/\/www.autogrind.se\/wp-content\/uploads\/2021\/06\/foretagskund-autogrind-640x427-1-300x200.jpg 300w\" sizes=\"auto, (max-width: 640px) 100vw, 640px\" \/>\t\t\t\t\t\t\n\t\t\t\t\t<\/div>\n\t\t\t\t\t\t\t\t\n<style>\n#image_1158083360 {\n  width: 100%;\n}\n<\/style>\n\t<\/div>\n\t\n\n\n\t\t<\/div>\n\n\t\t\n<style>\n#section_34782980 {\n  padding-top: 60px;\n  padding-bottom: 60px;\n  background-color: rgb(193, 193, 193);\n}\n#section_34782980 .section-bg-overlay {\n  background-color: rgba(255, 255, 255, 0.85);\n}\n<\/style>\n\t<\/section>\n\t\n\n\n\t<section class=\"section\" id=\"section_1807001056\">\n\t\t<div class=\"section-bg fill\" >\n\t\t\t\t\t\t\t\t\t\n\t\t\t\n\n\t\t<\/div>\n\n\t\t\n\n\t\t<div class=\"section-content relative\">\n\t\t\t\n\n<div class=\"row align-equal\"  id=\"row-434882444\">\n\n\n\t<div id=\"col-1852038745\" class=\"col medium-6 small-12 large-6\"  >\n\t\t\t\t<div class=\"col-inner\"  >\n\t\t\t\n\t\t\t\n\n\n  <div class=\"banner has-hover shadow-section\" id=\"banner-1105053642\">\n          <div class=\"banner-inner fill\">\n        <div class=\"banner-bg fill\" >\n                                                \n                    <\/div>\n\t\t\n        <div class=\"banner-layers container\">\n            <div class=\"fill banner-link\"><\/div>            \n\n   <div id=\"text-box-975598235\" class=\"text-box banner-layer x50 md-x50 lg-x50 y50 md-y50 lg-y50 res-text\">\n                                <div class=\"text-box-content text \">\n              \n              <div class=\"text-inner text-center\">\n                  \n\n\t<div class=\"img has-hover x md-x lg-x y md-y lg-y\" id=\"image_799880894\">\n\t\t\t\t\t\t\t\t<div class=\"img-inner dark\" >\n\t\t\t<img loading=\"lazy\" decoding=\"async\" width=\"1020\" height=\"196\" src=\"https:\/\/www.autogrind.se\/wp-content\/uploads\/2020\/08\/autogrind-transparent-1024x197.png\" class=\"attachment-large size-large\" alt=\"\" srcset=\"https:\/\/www.autogrind.se\/wp-content\/uploads\/2020\/08\/autogrind-transparent-1024x197.png 1024w, https:\/\/www.autogrind.se\/wp-content\/uploads\/2020\/08\/autogrind-transparent-600x115.png 600w, https:\/\/www.autogrind.se\/wp-content\/uploads\/2020\/08\/autogrind-transparent-300x58.png 300w, https:\/\/www.autogrind.se\/wp-content\/uploads\/2020\/08\/autogrind-transparent-768x148.png 768w, https:\/\/www.autogrind.se\/wp-content\/uploads\/2020\/08\/autogrind-transparent.avif 1143w\" sizes=\"auto, (max-width: 1020px) 100vw, 1020px\" \/>\t\t\t\t\t\t\n\t\t\t\t\t<\/div>\n\t\t\t\t\t\t\t\t\n<style>\n#image_799880894 {\n  width: 100%;\n}\n<\/style>\n\t<\/div>\n\t\n\n<h3>Telefon: <a href=\"tel:0197617483\">019-761 74 83<\/a><\/h3>\n<h3>E-post: <a href=\"mailto:info@autogrind.se\">info@autogrind.se<\/a><\/h3>\n\n              <\/div>\n           <\/div>\n                            \n<style>\n#text-box-975598235 {\n  width: 60%;\n}\n#text-box-975598235 .text-box-content {\n  font-size: 100%;\n}\n<\/style>\n    <\/div>\n \n\n        <\/div>\n      <\/div>\n\n            \n<style>\n#banner-1105053642 {\n  padding-top: 500px;\n  background-color: rgb(255, 255, 255);\n}\n<\/style>\n  <\/div>\n\n\n\n\t\t<\/div>\n\t\t\t\t\t<\/div>\n\n\t\n\n\t<div id=\"col-1545928908\" class=\"col medium-6 small-12 large-6\"  >\n\t\t\t\t<div class=\"col-inner\"  >\n\t\t\t\n\t\t\t\n\n<div class=\"forminator-ui forminator-custom-form forminator-custom-form-4446 forminator-design--flat forminator-enclosed forminator_ajax\" data-forminator-render=\"0\" data-form=\"forminator-module-4446\" data-uid=\"6a04b65bc8d5c\"><br\/><\/div><form\n\t\t\t\tid=\"forminator-module-4446\"\n\t\t\t\tclass=\"forminator-ui forminator-custom-form forminator-custom-form-4446 forminator-design--flat forminator-enclosed forminator_ajax\"\n\t\t\t\tmethod=\"post\"\n\t\t\t\tdata-forminator-render=\"0\"\n\t\t\t\tdata-form-id=\"4446\"\n\t\t\t\t data-color-option=\"default\" data-design=\"flat\" data-grid=\"enclosed\" style=\"display: none;\"\n\t\t\t\tdata-uid=\"6a04b65bc8d5c\"\n\t\t\t><div role=\"alert\" aria-live=\"polite\" class=\"forminator-response-message forminator-error\" aria-hidden=\"true\"><\/div><div class=\"forminator-row\"><div id=\"name-1\" class=\"forminator-field-name forminator-col forminator-col-12 \"><div class=\"forminator-field\"><label for=\"forminator-field-name-1_6a04b65bc8d5c\" id=\"forminator-field-name-1_6a04b65bc8d5c-label\" class=\"forminator-label\">Ditt namn (obligatorisk) <span class=\"forminator-required\">*<\/span><\/label><input type=\"text\" name=\"name-1\" value=\"\" placeholder=\"\" id=\"forminator-field-name-1_6a04b65bc8d5c\" class=\"forminator-input forminator-name--field\" aria-required=\"true\" autocomplete=\"name\" \/><\/div><\/div><\/div><div class=\"forminator-row\"><div id=\"email-1\" class=\"forminator-field-email forminator-col forminator-col-6 \"><div class=\"forminator-field\"><label for=\"forminator-field-email-1_6a04b65bc8d5c\" id=\"forminator-field-email-1_6a04b65bc8d5c-label\" class=\"forminator-label\">Din e-post (obligatorisk) <span class=\"forminator-required\">*<\/span><\/label><input type=\"email\" name=\"email-1\" value=\"\" placeholder=\"\" id=\"forminator-field-email-1_6a04b65bc8d5c\" class=\"forminator-input forminator-email--field\" data-required=\"1\" aria-required=\"true\" autocomplete=\"email\" \/><\/div><\/div><div id=\"phone-1\" class=\"forminator-field-phone forminator-col forminator-col-6 \"><div class=\"forminator-field\"><label for=\"forminator-field-phone-1_6a04b65bc8d5c\" id=\"forminator-field-phone-1_6a04b65bc8d5c-label\" class=\"forminator-label\">Telefonnummer<\/label><input type=\"text\" name=\"phone-1\" value=\"\" placeholder=\"\" id=\"forminator-field-phone-1_6a04b65bc8d5c\" class=\"forminator-input forminator-field--phone\" data-required=\"\" aria-required=\"false\" autocomplete=\"off\" \/><\/div><\/div><\/div><div class=\"forminator-row\"><div id=\"textarea-1\" class=\"forminator-field-textarea forminator-col forminator-col-12 \"><div class=\"forminator-field\"><label for=\"forminator-field-textarea-1_6a04b65bc8d5c\" id=\"forminator-field-textarea-1_6a04b65bc8d5c-label\" class=\"forminator-label\">Ditt meddelande<\/label><textarea name=\"textarea-1\" placeholder=\"\" id=\"forminator-field-textarea-1_6a04b65bc8d5c\" class=\"forminator-textarea\" rows=\"6\" style=\"--forminator-textarea-min-height:140px;\" ><\/textarea><\/div><\/div><\/div><div class=\"forminator-row\" style=\"margin: 0;\"><div id=\"captcha-1\" class=\"forminator-field-captcha  forminator-col-12 \"><div class=\"forminator-captcha-left forminator-g-recaptcha recaptcha-invisible\" data-theme=\"light\" data-badge=\"bottomleft\" data-sitekey=\"6Lc9dGggAAAAAHLyqza8H84J_PJNJMryDkQV58pI\" data-size=\"invisible\"><\/div> <\/div><\/div><input type=\"hidden\" name=\"referer_url\" value=\"\" \/><div class=\"forminator-row forminator-row-last\"><div class=\"forminator-col\"><div class=\"forminator-field\"><button class=\"forminator-button forminator-button-submit\">Skicka<\/button><\/div><\/div><\/div><input type=\"hidden\" id=\"forminator_nonce\" name=\"forminator_nonce\" value=\"fe280ea8d7\" \/><input type=\"hidden\" name=\"_wp_http_referer\" value=\"\/no\/wp-json\/wp\/v2\/pages\/5815\" \/><input type=\"hidden\" name=\"form_id\" value=\"4446\"><input type=\"hidden\" name=\"page_id\" value=\"5815\"><input type=\"hidden\" name=\"form_type\" value=\"default\"><input type=\"hidden\" name=\"current_url\" value=\"https:\/\/www.autogrind.se\/no\/bedriftskunde\/\"><input type=\"hidden\" name=\"render_id\" value=\"0\"><input type=\"hidden\" name=\"action\" value=\"forminator_submit_form_custom-forms\"><\/form><\/p>\n\n\t\t<\/div>\n\t\t\t\t\t<\/div>\n\n\t\n\n<\/div>\n\n\t\t<\/div>\n\n\t\t\n<style>\n#section_1807001056 {\n  padding-top: 30px;\n  padding-bottom: 30px;\n}\n<\/style>\n\t<\/section>\n\t\n\n","protected":false},"excerpt":{"rendered":"","protected":false},"author":2,"featured_media":0,"parent":0,"menu_order":0,"comment_status":"closed","ping_status":"closed","template":"page-blank.php","meta":{"footnotes":""},"class_list":["post-5815","page","type-page","status-publish","hentry"],"_links":{"self":[{"href":"https:\/\/www.autogrind.se\/no\/wp-json\/wp\/v2\/pages\/5815","targetHints":{"allow":["GET"]}}],"collection":[{"href":"https:\/\/www.autogrind.se\/no\/wp-json\/wp\/v2\/pages"}],"about":[{"href":"https:\/\/www.autogrind.se\/no\/wp-json\/wp\/v2\/types\/page"}],"author":[{"embeddable":true,"href":"https:\/\/www.autogrind.se\/no\/wp-json\/wp\/v2\/users\/2"}],"replies":[{"embeddable":true,"href":"https:\/\/www.autogrind.se\/no\/wp-json\/wp\/v2\/comments?post=5815"}],"version-history":[{"count":0,"href":"https:\/\/www.autogrind.se\/no\/wp-json\/wp\/v2\/pages\/5815\/revisions"}],"wp:attachment":[{"href":"https:\/\/www.autogrind.se\/no\/wp-json\/wp\/v2\/media?parent=5815"}],"curies":[{"name":"wp","href":"https:\/\/api.w.org\/{rel}","templated":true}]}}